{"id":11371,"date":"2026-02-27T00:10:17","date_gmt":"2026-02-27T00:10:17","guid":{"rendered":"https:\/\/nordicmart.andreevmaster.com\/product\/overdrag-for-tradgardsmobler\/"},"modified":"2026-02-27T08:05:19","modified_gmt":"2026-02-27T08:05:19","slug":"overdrag-for-tradgardsmobler","status":"publish","type":"product","link":"https:\/\/nordicmart.andreevmaster.com\/sv\/produkt\/overdrag-for-tradgardsmobler\/","title":{"rendered":"\u00d6verdrag f\u00f6r tr\u00e4dg\u00e5rdsm\u00f6bler"},"content":{"rendered":"<p>GEN ELLER SOLSTR\u00c5LER: Frisk luft, varmt solsken, l\u00e4tt vind \u2013 det \u00e4r en ren njutning att koppla av utomhus i s\u00e5dant v\u00e4der. Men n\u00e4r v\u00e4dret blir s\u00e4mre r\u00e4ddar detta \u00f6verdrag fr\u00e5n SONGMICS dina tr\u00e4dg\u00e5rdsm\u00f6bler. \u00d6verdraget skyddar ditt tr\u00e4dg\u00e5rdsbord och dina tr\u00e4dg\u00e5rdsstolar mot regn, sn\u00f6, vind, damm, pollen, solljus osv.<\/p>\n","protected":false},"excerpt":{"rendered":"<p>GEN ELLER SOLSTR\u00c5LER: Frisk luft, varmt solsken, l\u00e4tt vind \u2013 det \u00e4r en ren njutning att koppla av utomhus i s\u00e5dant v\u00e4der. Men n\u00e4r v\u00e4dret blir s\u00e4mre r\u00e4ddar detta \u00f6verdrag fr\u00e5n SONGMICS dina tr\u00e4dg\u00e5rdsm\u00f6bler. \u00d6verdraget skyddar ditt tr\u00e4dg\u00e5rdsbord och dina tr\u00e4dg\u00e5rdsstolar mot regn, sn\u00f6, vind, damm, pollen, solljus osv.<\/p>\n","protected":false},"featured_media":0,"comment_status":"open","ping_status":"closed","template":"","meta":[],"product_brand":[],"product_cat":[33],"product_tag":[],"class_list":{"0":"post-11371","1":"product","2":"type-product","3":"status-publish","5":"product_cat-okategoriserad","7":"first","8":"instock","9":"shipping-taxable","10":"product-type-simple"},"_links":{"self":[{"href":"https:\/\/nordicmart.andreevmaster.com\/sv\/wp-json\/wp\/v2\/product\/11371","targetHints":{"allow":["GET"]}}],"collection":[{"href":"https:\/\/nordicmart.andreevmaster.com\/sv\/wp-json\/wp\/v2\/product"}],"about":[{"href":"https:\/\/nordicmart.andreevmaster.com\/sv\/wp-json\/wp\/v2\/types\/product"}],"replies":[{"embeddable":true,"href":"https:\/\/nordicmart.andreevmaster.com\/sv\/wp-json\/wp\/v2\/comments?post=11371"}],"wp:attachment":[{"href":"https:\/\/nordicmart.andreevmaster.com\/sv\/wp-json\/wp\/v2\/media?parent=11371"}],"wp:term":[{"taxonomy":"product_brand","embeddable":true,"href":"https:\/\/nordicmart.andreevmaster.com\/sv\/wp-json\/wp\/v2\/product_brand?post=11371"},{"taxonomy":"product_cat","embeddable":true,"href":"https:\/\/nordicmart.andreevmaster.com\/sv\/wp-json\/wp\/v2\/product_cat?post=11371"},{"taxonomy":"product_tag","embeddable":true,"href":"https:\/\/nordicmart.andreevmaster.com\/sv\/wp-json\/wp\/v2\/product_tag?post=11371"}],"curies":[{"name":"wp","href":"https:\/\/api.w.org\/{rel}","templated":true}]}}