{"id":11370,"date":"2026-02-27T00:10:17","date_gmt":"2026-02-27T00:10:17","guid":{"rendered":"https:\/\/nordicmart.andreevmaster.com\/product\/songmics-skyddsoverdrag-for-parasoller\/"},"modified":"2026-02-27T08:05:19","modified_gmt":"2026-02-27T08:05:19","slug":"songmics-skyddsoverdrag-for-parasoller","status":"publish","type":"product","link":"https:\/\/nordicmart.andreevmaster.com\/sv\/produkt\/songmics-skyddsoverdrag-for-parasoller\/","title":{"rendered":"SONGMICS skydds\u00f6verdrag f\u00f6r parasoller"},"content":{"rendered":"<p>Detta skydd fr\u00e5n SONGMICS har utvecklats f\u00f6r att skydda din parasoll inte bara mot vardagliga p\u00e5frestningar som solljus, damm och k\u00e5da, utan ocks\u00e5 mot pl\u00f6tsliga v\u00e4deromslag med regn, vind och sn\u00f6.Exceptionella material: Det 600D PVC-belagda Oxford-tyget s\u00e4kerst\u00e4ller att detta \u00f6verdrag inte g\u00e5r s\u00f6nder \u00e4ven vid kraftig regn och vind och f\u00f6rblir vattent\u00e4tt. Tyget \u00e4r dessutom mycket robust och d\u00e4rf\u00f6r l\u00e4mpligt f\u00f6r l\u00e5ngvarig anv\u00e4ndning. Det har dessutom klarat T\u00dcV Rheinland-testet f\u00f6r f\u00e4rg\u00e4kthet. Presenningens gr\u00e5 f\u00e4rg bleknar allts\u00e5 inte ens vid ih\u00e5llande regn eller l\u00e5nga soltimmar. Viktiga detaljer: \u00c4r din parasoll mycket h\u00f6g? Ingen fara, den medf\u00f6ljande glasfiberst\u00e5ngen hj\u00e4lper dig att n\u00e5 upp till parasollens h\u00f6gsta punkt med skyddet. Dragkedjan underl\u00e4ttar ocks\u00e5 monteringen av skydds\u00f6verdraget, eftersom den \u00e4r l\u00e4tt att n\u00e5. Dra sedan \u00e5t sn\u00f6ret p\u00e5 undersidan av \u00f6verdraget s\u00e5 att det inte flyger iv\u00e4g som en ballong.Produktdetaljer: F\u00e4rg: M\u00f6rkgr\u00e5 Material: 600D Oxford-tyg med PVC-bel\u00e4ggning Storlek: 183 x 25\/35 cm (H x \u00d8 upptill\/\u00d8 nedtill) Vikt: 0,56 kg Leveransomfattning: 1 x skydds\u00f6verdrag 1 x utf\u00e4llbar glasfiberstav SONGMICS Anm\u00e4rkningar:Uts\u00e4tt inte produkten f\u00f6r h\u00f6ga temperaturer och f\u00f6rvara den p\u00e5 en sval, torr plats. Ej l\u00e4mplig f\u00f6r maskintv\u00e4tt.<\/p>\n","protected":false},"excerpt":{"rendered":"<p>SONGMICS skydds\u00f6verdrag f\u00f6r parasoller, skyddshuva, 600D Oxford-tyg, vattenavvisande, \u00f6verdrag f\u00f6r parasoller och regnparaplyer upp till 3 m, med dragkedja, 183 x 25\/35 cm, m\u00f6rkgr\u00e5 GFC183GY<\/p>\n","protected":false},"featured_media":39769,"comment_status":"open","ping_status":"closed","template":"","meta":[],"product_brand":[],"product_cat":[33],"product_tag":[],"class_list":{"0":"post-11370","1":"product","2":"type-product","3":"status-publish","4":"has-post-thumbnail","6":"product_cat-okategoriserad","8":"first","9":"instock","10":"shipping-taxable","11":"purchasable","12":"product-type-simple"},"_links":{"self":[{"href":"https:\/\/nordicmart.andreevmaster.com\/sv\/wp-json\/wp\/v2\/product\/11370","targetHints":{"allow":["GET"]}}],"collection":[{"href":"https:\/\/nordicmart.andreevmaster.com\/sv\/wp-json\/wp\/v2\/product"}],"about":[{"href":"https:\/\/nordicmart.andreevmaster.com\/sv\/wp-json\/wp\/v2\/types\/product"}],"replies":[{"embeddable":true,"href":"https:\/\/nordicmart.andreevmaster.com\/sv\/wp-json\/wp\/v2\/comments?post=11370"}],"wp:featuredmedia":[{"embeddable":true,"href":"https:\/\/nordicmart.andreevmaster.com\/sv\/wp-json\/wp\/v2\/media\/39769"}],"wp:attachment":[{"href":"https:\/\/nordicmart.andreevmaster.com\/sv\/wp-json\/wp\/v2\/media?parent=11370"}],"wp:term":[{"taxonomy":"product_brand","embeddable":true,"href":"https:\/\/nordicmart.andreevmaster.com\/sv\/wp-json\/wp\/v2\/product_brand?post=11370"},{"taxonomy":"product_cat","embeddable":true,"href":"https:\/\/nordicmart.andreevmaster.com\/sv\/wp-json\/wp\/v2\/product_cat?post=11370"},{"taxonomy":"product_tag","embeddable":true,"href":"https:\/\/nordicmart.andreevmaster.com\/sv\/wp-json\/wp\/v2\/product_tag?post=11370"}],"curies":[{"name":"wp","href":"https:\/\/api.w.org\/{rel}","templated":true}]}}