{"id":11369,"date":"2026-02-27T00:10:16","date_gmt":"2026-02-27T00:10:16","guid":{"rendered":"https:\/\/nordicmart.andreevmaster.com\/product\/songmics-vattentat-grillskydd-gra\/"},"modified":"2026-02-27T08:05:19","modified_gmt":"2026-02-27T08:05:19","slug":"songmics-vattentat-grillskydd-gra","status":"publish","type":"product","link":"https:\/\/nordicmart.andreevmaster.com\/sv\/produkt\/songmics-vattentat-grillskydd-gra\/","title":{"rendered":"SONGMICS Vattent\u00e4t grillskydd Gr\u00e5"},"content":{"rendered":"<p>Denna presenning fr\u00e5n SONGMICS \u00e4r utvecklad f\u00f6r att skydda din grill inte bara mot vardagliga p\u00e5frestningar som solljus, damm och k\u00e5da, utan ocks\u00e5 mot pl\u00f6tsliga v\u00e4deromslag med regn, vind och sn\u00f6. Exceptionella material Det 600D PVC-belagda Oxford-tyget s\u00e4kerst\u00e4ller att denna grillpresenning inte g\u00e5r s\u00f6nder \u00e4ven vid kraftig regn och vind och f\u00f6rblir vattent\u00e4t. Tyget \u00e4r dessutom mycket robust och d\u00e4rf\u00f6r l\u00e4mpligt f\u00f6r l\u00e5ngvarig anv\u00e4ndning. Det har dessutom klarat T\u00dcV Rheinland-testet f\u00f6r f\u00e4rg\u00e4kthet. Presenningen f\u00f6rlorar allts\u00e5 inte sin m\u00f6rkgr\u00e5 f\u00e4rg, inte ens vid ih\u00e5llande regn eller l\u00e5nga soltimmar. Viktiga detaljer Har du gl\u00f6mt att t\u00e4cka \u00f6ver din grill och det har redan b\u00f6rjat regna? Oroa dig inte, f\u00f6r de tv\u00e5 handtagen p\u00e5 presenningens ovansida och de tv\u00e5 h\u00f6gkvalitativa kardborrebanden g\u00f6r det enkelt f\u00f6r dig att t\u00e4cka \u00f6ver grillen utan att f\u00f6rlora mycket tid. Kraftig vind? Dra \u00e5t repet p\u00e5 undersidan av skyddet s\u00e5 att det inte flyger iv\u00e4g som en ballong. Titta \u00e4ven p\u00e5 andra skydd som SONGMICS erbjuder f\u00f6r att skydda alla dina utem\u00f6bler! Produktdetaljer: &#8211; F\u00e4rg: m\u00f6rkgr\u00e5 &#8211; Material: 600D Oxford-tyg med PVC-bel\u00e4ggning &#8211; Produktstorlek: 147 x 61 x 122 cm (L x B x H) &#8211; Vikt: 1,8 kg Leveransomfattning: &#8211; 1 x grill\u00f6verdrag SONGMICS Anm\u00e4rkningar: &#8211; Uts\u00e4tt inte produkten f\u00f6r h\u00f6ga temperaturer och f\u00f6rvara den p\u00e5 en sval, torr plats. &#8211; Tv\u00e4tta inte i tv\u00e4ttmaskin. <\/p>\n","protected":false},"excerpt":{"rendered":"<p>SONGMICS Grillskydd, vattent\u00e4t skyddshuva, 600D Oxford-tyg, BBQ-skydd, skydds\u00f6verdrag, f\u00f6r Weber, Brinkmann, Char Broil, 147 x 61 x 122 cm, utomhus f\u00f6r tr\u00e4dg\u00e5rd, terrass, m\u00f6rkgr\u00e5 GFC147GY<\/p>\n","protected":false},"featured_media":39768,"comment_status":"open","ping_status":"closed","template":"","meta":[],"product_brand":[],"product_cat":[33],"product_tag":[],"class_list":{"0":"post-11369","1":"product","2":"type-product","3":"status-publish","4":"has-post-thumbnail","6":"product_cat-okategoriserad","8":"first","9":"instock","10":"shipping-taxable","11":"purchasable","12":"product-type-simple"},"_links":{"self":[{"href":"https:\/\/nordicmart.andreevmaster.com\/sv\/wp-json\/wp\/v2\/product\/11369","targetHints":{"allow":["GET"]}}],"collection":[{"href":"https:\/\/nordicmart.andreevmaster.com\/sv\/wp-json\/wp\/v2\/product"}],"about":[{"href":"https:\/\/nordicmart.andreevmaster.com\/sv\/wp-json\/wp\/v2\/types\/product"}],"replies":[{"embeddable":true,"href":"https:\/\/nordicmart.andreevmaster.com\/sv\/wp-json\/wp\/v2\/comments?post=11369"}],"wp:featuredmedia":[{"embeddable":true,"href":"https:\/\/nordicmart.andreevmaster.com\/sv\/wp-json\/wp\/v2\/media\/39768"}],"wp:attachment":[{"href":"https:\/\/nordicmart.andreevmaster.com\/sv\/wp-json\/wp\/v2\/media?parent=11369"}],"wp:term":[{"taxonomy":"product_brand","embeddable":true,"href":"https:\/\/nordicmart.andreevmaster.com\/sv\/wp-json\/wp\/v2\/product_brand?post=11369"},{"taxonomy":"product_cat","embeddable":true,"href":"https:\/\/nordicmart.andreevmaster.com\/sv\/wp-json\/wp\/v2\/product_cat?post=11369"},{"taxonomy":"product_tag","embeddable":true,"href":"https:\/\/nordicmart.andreevmaster.com\/sv\/wp-json\/wp\/v2\/product_tag?post=11369"}],"curies":[{"name":"wp","href":"https:\/\/api.w.org\/{rel}","templated":true}]}}