{"id":11367,"date":"2026-02-27T00:10:16","date_gmt":"2026-02-27T00:10:16","guid":{"rendered":"https:\/\/nordicmart.andreevmaster.com\/product\/songmics-skyddsoverdrag-for-strandkorgar-taupe\/"},"modified":"2026-02-27T08:05:19","modified_gmt":"2026-02-27T08:05:19","slug":"songmics-skyddsoverdrag-for-strandkorgar-taupe","status":"publish","type":"product","link":"https:\/\/nordicmart.andreevmaster.com\/sv\/produkt\/songmics-skyddsoverdrag-for-strandkorgar-taupe\/","title":{"rendered":"SONGMICS skydds\u00f6verdrag f\u00f6r strandkorgar Taupe"},"content":{"rendered":"<p>Detta \u00f6verdrag fr\u00e5n SONGMICS \u00e4r utformat f\u00f6r att skydda din strandkorg inte bara mot vardagliga p\u00e5frestningar som solljus, damm och k\u00e5da, utan ocks\u00e5 mot pl\u00f6tsliga v\u00e4deromslag med regn, vind och sn\u00f6. Exceptionella material Det 600D PVC-belagda Oxford-tyget s\u00e4kerst\u00e4ller att detta skydd inte g\u00e5r s\u00f6nder \u00e4ven vid kraftig regn och vind och f\u00f6rblir vattent\u00e4tt. Tyget \u00e4r dessutom mycket robust och d\u00e4rf\u00f6r l\u00e4mpligt f\u00f6r l\u00e5ngvarig anv\u00e4ndning. Det har dessutom klarat T\u00dcV Rheinland-testet f\u00f6r f\u00e4rg\u00e4kthet. Presenningens f\u00e4rg bleknar allts\u00e5 inte ens vid ih\u00e5llande regn eller l\u00e5nga soltimmar. Viktiga detaljer Har du gl\u00f6mt att t\u00e4cka \u00f6ver din strandstol och det har redan b\u00f6rjat regna? Oroa dig inte, f\u00f6r de tv\u00e5 dragkedjorna g\u00f6r det enkelt f\u00f6r dig att t\u00e4cka \u00f6ver strandstolen utan att f\u00f6rlora mycket tid. Kraftig vind? Dra \u00e5t sn\u00f6ret p\u00e5 undersidan av skyddet s\u00e5 att det inte flyger iv\u00e4g som en ballong. Titta ocks\u00e5 p\u00e5 de andra skydden som SONGMICS erbjuder f\u00f6r att skydda alla dina utem\u00f6bler! Produktdetaljer: &#8211; F\u00e4rg: Taupe &#8211; Material: 600D Oxford-tyg med PVC-bel\u00e4ggning &#8211; Storlek: 135 x 105 x 175\/140 cm (L x B x H) &#8211; Vikt: 3 kg Leveransomfattning: &#8211; 1 x skydds\u00f6verdrag f\u00f6r strandstolar &#8211; 1 x b\u00e4rv\u00e4ska SONGMICS Anvisningar:- Uts\u00e4tt inte produkten f\u00f6r h\u00f6ga temperaturer och f\u00f6rvara den p\u00e5 en sval, torr plats. &#8211; Ej l\u00e4mplig f\u00f6r maskintv\u00e4tt.<\/p>\n","protected":false},"excerpt":{"rendered":"<p>SONGMICS skydds\u00f6verdrag f\u00f6r strandkurv, \u00f6verdrag, 600D Oxford-tyg, vattent\u00e4tt, med dubbel dragkedja, f\u00e4rgbest\u00e4ndigt, f\u00f6r utomhusbruk, tr\u00e4dg\u00e5rd, terrass, 135 x 105 x 175\/140 cm, svart GFC135BK<\/p>\n","protected":false},"featured_media":39766,"comment_status":"open","ping_status":"closed","template":"","meta":[],"product_brand":[],"product_cat":[33],"product_tag":[],"class_list":{"0":"post-11367","1":"product","2":"type-product","3":"status-publish","4":"has-post-thumbnail","6":"product_cat-okategoriserad","8":"first","9":"instock","10":"shipping-taxable","11":"purchasable","12":"product-type-simple"},"_links":{"self":[{"href":"https:\/\/nordicmart.andreevmaster.com\/sv\/wp-json\/wp\/v2\/product\/11367","targetHints":{"allow":["GET"]}}],"collection":[{"href":"https:\/\/nordicmart.andreevmaster.com\/sv\/wp-json\/wp\/v2\/product"}],"about":[{"href":"https:\/\/nordicmart.andreevmaster.com\/sv\/wp-json\/wp\/v2\/types\/product"}],"replies":[{"embeddable":true,"href":"https:\/\/nordicmart.andreevmaster.com\/sv\/wp-json\/wp\/v2\/comments?post=11367"}],"wp:featuredmedia":[{"embeddable":true,"href":"https:\/\/nordicmart.andreevmaster.com\/sv\/wp-json\/wp\/v2\/media\/39766"}],"wp:attachment":[{"href":"https:\/\/nordicmart.andreevmaster.com\/sv\/wp-json\/wp\/v2\/media?parent=11367"}],"wp:term":[{"taxonomy":"product_brand","embeddable":true,"href":"https:\/\/nordicmart.andreevmaster.com\/sv\/wp-json\/wp\/v2\/product_brand?post=11367"},{"taxonomy":"product_cat","embeddable":true,"href":"https:\/\/nordicmart.andreevmaster.com\/sv\/wp-json\/wp\/v2\/product_cat?post=11367"},{"taxonomy":"product_tag","embeddable":true,"href":"https:\/\/nordicmart.andreevmaster.com\/sv\/wp-json\/wp\/v2\/product_tag?post=11367"}],"curies":[{"name":"wp","href":"https:\/\/api.w.org\/{rel}","templated":true}]}}