{"id":11365,"date":"2026-02-27T00:10:16","date_gmt":"2026-02-27T00:10:16","guid":{"rendered":"https:\/\/nordicmart.andreevmaster.com\/product\/songmics-hangmatta-210-x-150-cm-utomhus-med-2-trastanger\/"},"modified":"2026-02-27T08:05:18","modified_gmt":"2026-02-27T08:05:18","slug":"songmics-hangmatta-210-x-150-cm-utomhus-med-2-trastanger","status":"publish","type":"product","link":"https:\/\/nordicmart.andreevmaster.com\/sv\/produkt\/songmics-hangmatta-210-x-150-cm-utomhus-med-2-trastanger\/","title":{"rendered":"SONGMICS h\u00e4ngmatta 210 x 150 cm, utomhus, med 2 tr\u00e4st\u00e4nger"},"content":{"rendered":"<p>En perfekt sitt- och liggplats f\u00f6r inomhus- och utomhusbruk \/ f\u00f6r stora och sm\u00e5!  Ett absolut blickf\u00e5ng. Vad finns det f\u00f6r sk\u00f6nare \u00e4n att efter en anstr\u00e4ngande dag kasta sig i Songmics h\u00e4ngstol och bara koppla av. Under den avslappnande och lugnande gungningen f\u00e5r du fysiskt och psykiskt v\u00e4lbefinnande. Fr\u00e4scha, glada f\u00e4rger och en enorm tygyta g\u00f6r v\u00e5r h\u00e4ngstol till en oas av lugn f\u00f6r dig. Oavsett om det \u00e4r i tr\u00e4dg\u00e5rden, p\u00e5 balkongen eller p\u00e5 campingen, lovar den stora tygytan extraordin\u00e4r komfort. V\u00e5r matta \u00e4r ultral\u00e4tt, slitstark och stabil. Den kan fungera som soffa, gunga och till och med som vagga f\u00f6r barn. Vid behov kan den sp\u00e4nnas fast i en h\u00e4ngmatta-stativ eller helt enkelt f\u00e4stas mellan tv\u00e5 tr\u00e4d! Den l\u00e5ga vikten och de kompakta m\u00e5tten g\u00f6r h\u00e4ngmattan till den perfekta f\u00f6ljeslagaren. Obs: 1. N\u00e4r du viker ut h\u00e4ngmattan, var noga med att f\u00f6lja vikningsstegen s\u00e5 att du kan vika mattan korrekt igen och l\u00e4gga den i p\u00e5sen. 2. H\u00e5ll uppsikt \u00f6ver barnen n\u00e4r de leker i h\u00e4ngmattan. 3. H\u00e4ngmattans f\u00e4rg kan avvika n\u00e5got fr\u00e5n den avbildade produktbilden \u2013 detta beror p\u00e5 ljusinsl\u00e4pp och sk\u00e4rmens f\u00e4rg\u00e5tergivning. 4. Observera att en h\u00e4ngmatta t\u00f6js ut vid anv\u00e4ndning. I s\u00e5 fall ska du f\u00f6rkorta det medf\u00f6ljande repet. Observera dock att den belastade h\u00e4ngmattans l\u00e4gsta punkt ska vara 20\u201340 cm \u00f6ver golvet. Undvik ocks\u00e5 att sp\u00e4nna h\u00e4ngmattan f\u00f6r h\u00e5rt.   5. Banden f\u00f6r upph\u00e4ngning och de n\u00f6dv\u00e4ndiga krokarna ing\u00e5r inte. Dessa kan dock best\u00e4llas separat fr\u00e5n oss. Produktdetaljer: &#8211; Material: 70 % bomull + 30 % polyester, 320 g\/m\u00b2 &#8211; Liggyta: 210 x 150 cm &#8211; Total l\u00e4ngd: 300 cm &#8211; Kudde: 70 x 40 cm &#8211; Tv\u00e4rsl\u00e5: 120 x 3,2 x 2,2 cm &#8211; Max. belastningskapacitet: 300 kg Leveransomfattning: &#8211; 1 x h\u00e4ngmatta med st\u00e4nger &#8211; 2 x kuddar &#8211; 1 x transportv\u00e4ska<\/p>\n","protected":false},"excerpt":{"rendered":"<p>H\u00e4ngmatta 210 x 150 cm, utomhus, med 2 tr\u00e4pinnar, 2 kuddar, belastningskapacitet upp till 300 kg, bl\u00e5-gr\u00f6n randig<\/p>\n","protected":false},"featured_media":46568,"comment_status":"open","ping_status":"closed","template":"","meta":[],"product_brand":[],"product_cat":[33],"product_tag":[],"class_list":{"0":"post-11365","1":"product","2":"type-product","3":"status-publish","4":"has-post-thumbnail","6":"product_cat-okategoriserad","8":"first","9":"instock","10":"shipping-taxable","11":"purchasable","12":"product-type-simple"},"_links":{"self":[{"href":"https:\/\/nordicmart.andreevmaster.com\/sv\/wp-json\/wp\/v2\/product\/11365","targetHints":{"allow":["GET"]}}],"collection":[{"href":"https:\/\/nordicmart.andreevmaster.com\/sv\/wp-json\/wp\/v2\/product"}],"about":[{"href":"https:\/\/nordicmart.andreevmaster.com\/sv\/wp-json\/wp\/v2\/types\/product"}],"replies":[{"embeddable":true,"href":"https:\/\/nordicmart.andreevmaster.com\/sv\/wp-json\/wp\/v2\/comments?post=11365"}],"wp:featuredmedia":[{"embeddable":true,"href":"https:\/\/nordicmart.andreevmaster.com\/sv\/wp-json\/wp\/v2\/media\/46568"}],"wp:attachment":[{"href":"https:\/\/nordicmart.andreevmaster.com\/sv\/wp-json\/wp\/v2\/media?parent=11365"}],"wp:term":[{"taxonomy":"product_brand","embeddable":true,"href":"https:\/\/nordicmart.andreevmaster.com\/sv\/wp-json\/wp\/v2\/product_brand?post=11365"},{"taxonomy":"product_cat","embeddable":true,"href":"https:\/\/nordicmart.andreevmaster.com\/sv\/wp-json\/wp\/v2\/product_cat?post=11365"},{"taxonomy":"product_tag","embeddable":true,"href":"https:\/\/nordicmart.andreevmaster.com\/sv\/wp-json\/wp\/v2\/product_tag?post=11365"}],"curies":[{"name":"wp","href":"https:\/\/api.w.org\/{rel}","templated":true}]}}