{"id":11362,"date":"2026-02-27T00:10:15","date_gmt":"2026-02-27T00:10:15","guid":{"rendered":"https:\/\/nordicmart.andreevmaster.com\/product\/songmics-hangstol-hanggunga-med-2-kuddar-hangstol-metallkedja\/"},"modified":"2026-02-27T08:05:18","modified_gmt":"2026-02-27T08:05:18","slug":"songmics-hangstol-hanggunga-med-2-kuddar-hangstol-metallkedja","status":"publish","type":"product","link":"https:\/\/nordicmart.andreevmaster.com\/sv\/produkt\/songmics-hangstol-hanggunga-med-2-kuddar-hangstol-metallkedja\/","title":{"rendered":"SONGMICS h\u00e4ngstol, h\u00e4nggunga med 2 kuddar, h\u00e4ngstol, metallkedja"},"content":{"rendered":"<p>H\u00e4ngstol, h\u00e4nggunga med 2 kuddar, h\u00e4ngstol, metallkedja, belastningskapacitet upp till 150 kg, inomhus, utomhus, vardagsrum, sovrum, skiffergr\u00e5<br \/>\n&#8211; F\u00e4rg: duvgr\u00e5<br \/>\n&#8211; Material: polyester-bomullsblandning, polyesterfyllning, st\u00e5lst\u00e5ng<br \/>\n&#8211; H\u00e4ngstols h\u00f6jd: 140 cm<br \/>\n&#8211; Storlek p\u00e5 tygsitsen: 150 x 128 cm (L x B)<br \/>\n&#8211; Storlek p\u00e5 varje kudde: 40 x 40 cm (L x B)<br \/>\n&#8211; Vikt: 3,4 kg<br \/>\n&#8211; Max. statisk belastningskapacitet: 150 kg<\/p>\n","protected":false},"excerpt":{"rendered":"<p>H\u00e4ngstol, h\u00e4nggunga med 2 kuddar, h\u00e4ngstol, metallkedja, belastningskapacitet upp till 150 kg, inomhus, utomhus, vardagsrum, sovrum, skiffergr\u00e5<\/p>\n","protected":false},"featured_media":39762,"comment_status":"open","ping_status":"closed","template":"","meta":[],"product_brand":[],"product_cat":[33],"product_tag":[],"class_list":{"0":"post-11362","1":"product","2":"type-product","3":"status-publish","4":"has-post-thumbnail","6":"product_cat-okategoriserad","8":"first","9":"instock","10":"shipping-taxable","11":"purchasable","12":"product-type-simple"},"_links":{"self":[{"href":"https:\/\/nordicmart.andreevmaster.com\/sv\/wp-json\/wp\/v2\/product\/11362","targetHints":{"allow":["GET"]}}],"collection":[{"href":"https:\/\/nordicmart.andreevmaster.com\/sv\/wp-json\/wp\/v2\/product"}],"about":[{"href":"https:\/\/nordicmart.andreevmaster.com\/sv\/wp-json\/wp\/v2\/types\/product"}],"replies":[{"embeddable":true,"href":"https:\/\/nordicmart.andreevmaster.com\/sv\/wp-json\/wp\/v2\/comments?post=11362"}],"wp:featuredmedia":[{"embeddable":true,"href":"https:\/\/nordicmart.andreevmaster.com\/sv\/wp-json\/wp\/v2\/media\/39762"}],"wp:attachment":[{"href":"https:\/\/nordicmart.andreevmaster.com\/sv\/wp-json\/wp\/v2\/media?parent=11362"}],"wp:term":[{"taxonomy":"product_brand","embeddable":true,"href":"https:\/\/nordicmart.andreevmaster.com\/sv\/wp-json\/wp\/v2\/product_brand?post=11362"},{"taxonomy":"product_cat","embeddable":true,"href":"https:\/\/nordicmart.andreevmaster.com\/sv\/wp-json\/wp\/v2\/product_cat?post=11362"},{"taxonomy":"product_tag","embeddable":true,"href":"https:\/\/nordicmart.andreevmaster.com\/sv\/wp-json\/wp\/v2\/product_tag?post=11362"}],"curies":[{"name":"wp","href":"https:\/\/api.w.org\/{rel}","templated":true}]}}