{"id":11359,"date":"2026-02-27T00:10:14","date_gmt":"2026-02-27T00:10:14","guid":{"rendered":"https:\/\/nordicmart.andreevmaster.com\/product\/songmics-hangstol-belastningskapacitet-upp-till-120-kg-hanggunga\/"},"modified":"2026-02-27T08:05:17","modified_gmt":"2026-02-27T08:05:17","slug":"songmics-hangstol-belastningskapacitet-upp-till-120-kg-hanggunga","status":"publish","type":"product","link":"https:\/\/nordicmart.andreevmaster.com\/sv\/produkt\/songmics-hangstol-belastningskapacitet-upp-till-120-kg-hanggunga\/","title":{"rendered":"SONGMICS h\u00e4ngstol, belastningskapacitet upp till 120 kg, h\u00e4nggunga,"},"content":{"rendered":"<p>H\u00e4ngstol, belastningskapacitet upp till 120 kg, h\u00e4nggunga, h\u00e4ngstol, mjuk kudde, skandinavisk stil, f\u00f6r vardagsrum, terrass, tr\u00e4dg\u00e5rd, balkong, duvgr\u00e5<br \/>\n&#8211; F\u00e4rg: duvgr\u00e5<br \/>\n&#8211; Material: st\u00e5l, polyester, bomull<br \/>\n&#8211; H\u00f6jd upph\u00e4ngd (utan tofsar): 113 cm<br \/>\n&#8211; Sitsens diameter: 57 cm<br \/>\n&#8211; Diameter ytterring: 76 cm<br \/>\n&#8211; Vikt: 4,8 kg<br \/>\n&#8211; Max. statisk belastningskapacitet: 120 kg<\/p>\n","protected":false},"excerpt":{"rendered":"<p>H\u00e4ngstol, belastningskapacitet upp till 120 kg, h\u00e4nggunga, h\u00e4ngstol, mjuk kudde, skandinavisk stil, f\u00f6r vardagsrum, terrass, tr\u00e4dg\u00e5rd, balkong, duvgr\u00e5<\/p>\n","protected":false},"featured_media":39759,"comment_status":"open","ping_status":"closed","template":"","meta":[],"product_brand":[],"product_cat":[33],"product_tag":[],"class_list":{"0":"post-11359","1":"product","2":"type-product","3":"status-publish","4":"has-post-thumbnail","6":"product_cat-okategoriserad","8":"first","9":"instock","10":"shipping-taxable","11":"purchasable","12":"product-type-simple"},"_links":{"self":[{"href":"https:\/\/nordicmart.andreevmaster.com\/sv\/wp-json\/wp\/v2\/product\/11359","targetHints":{"allow":["GET"]}}],"collection":[{"href":"https:\/\/nordicmart.andreevmaster.com\/sv\/wp-json\/wp\/v2\/product"}],"about":[{"href":"https:\/\/nordicmart.andreevmaster.com\/sv\/wp-json\/wp\/v2\/types\/product"}],"replies":[{"embeddable":true,"href":"https:\/\/nordicmart.andreevmaster.com\/sv\/wp-json\/wp\/v2\/comments?post=11359"}],"wp:featuredmedia":[{"embeddable":true,"href":"https:\/\/nordicmart.andreevmaster.com\/sv\/wp-json\/wp\/v2\/media\/39759"}],"wp:attachment":[{"href":"https:\/\/nordicmart.andreevmaster.com\/sv\/wp-json\/wp\/v2\/media?parent=11359"}],"wp:term":[{"taxonomy":"product_brand","embeddable":true,"href":"https:\/\/nordicmart.andreevmaster.com\/sv\/wp-json\/wp\/v2\/product_brand?post=11359"},{"taxonomy":"product_cat","embeddable":true,"href":"https:\/\/nordicmart.andreevmaster.com\/sv\/wp-json\/wp\/v2\/product_cat?post=11359"},{"taxonomy":"product_tag","embeddable":true,"href":"https:\/\/nordicmart.andreevmaster.com\/sv\/wp-json\/wp\/v2\/product_tag?post=11359"}],"curies":[{"name":"wp","href":"https:\/\/api.w.org\/{rel}","templated":true}]}}