{"id":11355,"date":"2026-02-27T00:10:13","date_gmt":"2026-02-27T00:10:13","guid":{"rendered":"https:\/\/nordicmart.andreevmaster.com\/product\/songmics-apkrypplig-bla-vit\/"},"modified":"2026-02-27T08:05:17","modified_gmt":"2026-02-27T08:05:17","slug":"songmics-apkrypplig-bla-vit","status":"publish","type":"product","link":"https:\/\/nordicmart.andreevmaster.com\/sv\/produkt\/songmics-apkrypplig-bla-vit\/","title":{"rendered":"SONGMICS Apkrypplig bl\u00e5-vit"},"content":{"rendered":"<p>Inomhus eller utomhus H\u00e4ng upp denna f\u00e5t\u00f6lj i tr\u00e4dg\u00e5rden eller p\u00e5 terrassen och skapa din egen oas. H\u00e4r kan du l\u00e4sa b\u00f6cker eller ta en tupplur under en mysig eftermiddag. Eller skapa en oas av lugn i ditt sovrum eller vardagsrum med denna h\u00e4ngf\u00e5t\u00f6lj. Oavsett om det \u00e4r varmt eller kallt ute kan du krypa ihop som en katt, lyssna p\u00e5 musik eller titta p\u00e5 en film och sl\u00e4ppa vardagens stress. Alla f\u00f6rtj\u00e4nar att koppla av efter en l\u00e5ng dag. Vackra saker b\u00f6r vi dela med v\u00e5r familj eller v\u00e5ra v\u00e4nner. Men om denna h\u00e4ngstol \u00e4r s\u00e5 bekv\u00e4m att du vill anv\u00e4nda den sj\u00e4lv, kanske du borde best\u00e4lla tv\u00e5! H\u00e4ng upp dem bredvid varandra s\u00e5 kan du sitta tillsammans med dina v\u00e4nner och prata medan du njuter av naturens sk\u00f6nhet i din tr\u00e4dg\u00e5rd. Produktdetaljer: &#8211; F\u00e4rg: Bl\u00e5-vit randig F\u00e4rg: Regnb\u00e5gsf\u00e4rger &#8211; Material: Polyester, bomull, skumfyllning, massivt tr\u00e4 &#8211; Sitsens m\u00e5tt: 60 x 45 cm (L x B) &#8211; M\u00e5tt p\u00e5 ryggst\u00f6det: 60 x 50 cm (L x B) &#8211; Vikt: 1,8 kg &#8211; Max. belastningskapacitet: 200 kg Leveransomfattning: &#8211; 1 x h\u00e4ngstol &#8211; 1 x bruksanvisning (DE, EN, FR, ES, IT) SONGMICS Anm\u00e4rkningar: &#8211; Barn f\u00e5r endast anv\u00e4nda h\u00e4ngstolen under uppsikt av vuxna. &#8211; Eftersom produktens f\u00e4rg kan variera p\u00e5 olika bildsk\u00e4rmar kan det f\u00f6rekomma f\u00e4rgavvikelser. &#8211; De m\u00e5tt vi anger har fastst\u00e4llts genom manuell m\u00e4tning, vilket inneb\u00e4r att produkten kan avvika med upp till 5 cm.<\/p>\n","protected":false},"excerpt":{"rendered":"<p>SONGMICS h\u00e4ngstol, gungstol, liggyta ca 95 x 60 cm, tr\u00e4st\u00e5ng 90 x 3,2 cm (L x \u00d8), belastningskapacitet upp till 200 kg, inomhus, utomhus, tr\u00e4dg\u00e5rd, bl\u00e5-vit randig GDC45WQ<\/p>\n","protected":false},"featured_media":39755,"comment_status":"open","ping_status":"closed","template":"","meta":[],"product_brand":[],"product_cat":[33],"product_tag":[],"class_list":{"0":"post-11355","1":"product","2":"type-product","3":"status-publish","4":"has-post-thumbnail","6":"product_cat-okategoriserad","8":"first","9":"instock","10":"shipping-taxable","11":"purchasable","12":"product-type-simple"},"_links":{"self":[{"href":"https:\/\/nordicmart.andreevmaster.com\/sv\/wp-json\/wp\/v2\/product\/11355","targetHints":{"allow":["GET"]}}],"collection":[{"href":"https:\/\/nordicmart.andreevmaster.com\/sv\/wp-json\/wp\/v2\/product"}],"about":[{"href":"https:\/\/nordicmart.andreevmaster.com\/sv\/wp-json\/wp\/v2\/types\/product"}],"replies":[{"embeddable":true,"href":"https:\/\/nordicmart.andreevmaster.com\/sv\/wp-json\/wp\/v2\/comments?post=11355"}],"wp:featuredmedia":[{"embeddable":true,"href":"https:\/\/nordicmart.andreevmaster.com\/sv\/wp-json\/wp\/v2\/media\/39755"}],"wp:attachment":[{"href":"https:\/\/nordicmart.andreevmaster.com\/sv\/wp-json\/wp\/v2\/media?parent=11355"}],"wp:term":[{"taxonomy":"product_brand","embeddable":true,"href":"https:\/\/nordicmart.andreevmaster.com\/sv\/wp-json\/wp\/v2\/product_brand?post=11355"},{"taxonomy":"product_cat","embeddable":true,"href":"https:\/\/nordicmart.andreevmaster.com\/sv\/wp-json\/wp\/v2\/product_cat?post=11355"},{"taxonomy":"product_tag","embeddable":true,"href":"https:\/\/nordicmart.andreevmaster.com\/sv\/wp-json\/wp\/v2\/product_tag?post=11355"}],"curies":[{"name":"wp","href":"https:\/\/api.w.org\/{rel}","templated":true}]}}