{"id":11354,"date":"2026-02-27T00:10:13","date_gmt":"2026-02-27T00:10:13","guid":{"rendered":"https:\/\/nordicmart.andreevmaster.com\/product\/songmics-hangstol-med-tjockt-kudde-kramvit\/"},"modified":"2026-02-27T08:05:17","modified_gmt":"2026-02-27T08:05:17","slug":"songmics-hangstol-med-tjockt-kudde-kramvit","status":"publish","type":"product","link":"https:\/\/nordicmart.andreevmaster.com\/sv\/produkt\/songmics-hangstol-med-tjockt-kudde-kramvit\/","title":{"rendered":"SONGMICS H\u00e4ngstol med tjockt kudde kr\u00e4mvit"},"content":{"rendered":"<p>Uppt\u00e4ck din inre seng\u00e5ngare: Solen g\u00e5r ner, f\u00e5glarna kvittrar i din tr\u00e4dg\u00e5rd, du sitter i denna bekv\u00e4ma h\u00e4ngstol, myser i det tjocka sittdynan och \u00e4r helt lugn och avslappnad. Vilken underbar kv\u00e4ll! \u00c4r det sv\u00e5rt att h\u00e4nga upp denna h\u00e4ngstol? Inte alls. F\u00f6rst och fr\u00e4mst levererar vi med passande monterings tillbeh\u00f6r. Dessa inkluderar b\u00e5de skruvar f\u00f6r tr\u00e4tak eller bj\u00e4lkar och f\u00f6r betongtak. Borra helt enkelt 4 h\u00e5l i taket, f\u00e4st fl\u00e4nsen med hj\u00e4lp av skruvarna och anv\u00e4nd sedan karbinhakarna f\u00f6r att h\u00e4nga upp stolen. Med hj\u00e4lp av j\u00e4rnkedjan kan du dessutom justera h\u00f6jden p\u00e5 gungan. Du kan naturligtvis ocks\u00e5 f\u00e4sta h\u00e4ngstolen p\u00e5 avsedda stativ. Produktdetaljer: F\u00e4rg: Kr\u00e4mvit Material: Bomull, j\u00e4rn H\u00f6jd upph\u00e4ngd (utan kedja): 133 cm Diameter sittyta: 60 cm Diameter yttre ring: 80 cm Vikt: 4,5 kg Max. statisk belastningskapacitet: 120 kg Leveransomfattning: 1 x h\u00e4ngstol 1 x kudde 1 x j\u00e4rnkedja 1 x fl\u00e4ns 4 x skruv f\u00f6r betongtak 4 x skruv f\u00f6r tr\u00e4tak 3 x karbinhake 1 x bruksanvisning (DE, EN, FR, IT, ES) SONGMICS Anm\u00e4rkningar: Den maximala statiska belastningskapaciteten f\u00f6r denna produkt \u00e4r 120 kg. \u00d6verskrid inte denna maximala vikt. Uts\u00e4tt inte produkten f\u00f6r solljus eller regn under l\u00e4ngre tid. Kontrollera alltid h\u00e4ngstolens stabilitet innan du anv\u00e4nder den. Barn f\u00e5r endast anv\u00e4nda denna produkt under uppsikt av vuxna.<\/p>\n","protected":false},"excerpt":{"rendered":"<p>SONGMICS h\u00e4ngstol, apgunga med 8 cm tjockt kudde, h\u00e4ngkorg, h\u00e4nggunga, terrass, balkong, tr\u00e4dg\u00e5rd, vardagsrum, belastningskapacitet upp till 120 kg, med monterings tillbeh\u00f6r, shabby chic, kr\u00e4mvit GDC41WT<\/p>\n","protected":false},"featured_media":39754,"comment_status":"open","ping_status":"closed","template":"","meta":[],"product_brand":[],"product_cat":[33],"product_tag":[],"class_list":{"0":"post-11354","1":"product","2":"type-product","3":"status-publish","4":"has-post-thumbnail","6":"product_cat-okategoriserad","8":"first","9":"instock","10":"shipping-taxable","11":"purchasable","12":"product-type-simple"},"_links":{"self":[{"href":"https:\/\/nordicmart.andreevmaster.com\/sv\/wp-json\/wp\/v2\/product\/11354","targetHints":{"allow":["GET"]}}],"collection":[{"href":"https:\/\/nordicmart.andreevmaster.com\/sv\/wp-json\/wp\/v2\/product"}],"about":[{"href":"https:\/\/nordicmart.andreevmaster.com\/sv\/wp-json\/wp\/v2\/types\/product"}],"replies":[{"embeddable":true,"href":"https:\/\/nordicmart.andreevmaster.com\/sv\/wp-json\/wp\/v2\/comments?post=11354"}],"wp:featuredmedia":[{"embeddable":true,"href":"https:\/\/nordicmart.andreevmaster.com\/sv\/wp-json\/wp\/v2\/media\/39754"}],"wp:attachment":[{"href":"https:\/\/nordicmart.andreevmaster.com\/sv\/wp-json\/wp\/v2\/media?parent=11354"}],"wp:term":[{"taxonomy":"product_brand","embeddable":true,"href":"https:\/\/nordicmart.andreevmaster.com\/sv\/wp-json\/wp\/v2\/product_brand?post=11354"},{"taxonomy":"product_cat","embeddable":true,"href":"https:\/\/nordicmart.andreevmaster.com\/sv\/wp-json\/wp\/v2\/product_cat?post=11354"},{"taxonomy":"product_tag","embeddable":true,"href":"https:\/\/nordicmart.andreevmaster.com\/sv\/wp-json\/wp\/v2\/product_tag?post=11354"}],"curies":[{"name":"wp","href":"https:\/\/api.w.org\/{rel}","templated":true}]}}