{"id":11352,"date":"2026-02-27T00:10:12","date_gmt":"2026-02-27T00:10:12","guid":{"rendered":"https:\/\/nordicmart.andreevmaster.com\/product\/songmics-hangmatta-for-2-personer\/"},"modified":"2026-02-27T08:05:16","modified_gmt":"2026-02-27T08:05:16","slug":"songmics-hangmatta-for-2-personer","status":"publish","type":"product","link":"https:\/\/nordicmart.andreevmaster.com\/sv\/produkt\/songmics-hangmatta-for-2-personer\/","title":{"rendered":"SONGMICS h\u00e4ngmatta f\u00f6r 2 personer"},"content":{"rendered":"<p>En h\u00e4ngmatta f\u00f6r alla tillf\u00e4llen: I tr\u00e4dg\u00e5rden F\u00e4st denna h\u00e4ngmatta i din tr\u00e4dg\u00e5rd eller p\u00e5 din bakg\u00e5rd och g\u00f6r den till en del av ditt dagliga liv. P\u00e5 en mysig eftermiddag kan du l\u00e4sa en bok eller ta en tupplur h\u00e4r, eller s\u00e5 kan du l\u00e4gga dig i den med dina barn p\u00e5 natten och titta p\u00e5 stj\u00e4rnorna. I vardagsrummet Skapa en oas av lugn i ditt vardagsrum med denna vadderade h\u00e4ngmatta. Oavsett om det \u00e4r varmt eller kallt ute kan du krypa ihop som en katt, lyssna p\u00e5 musik eller titta p\u00e5 en film och sl\u00e4ppa vardagens stress. P\u00e5 stranden L\u00e4gg dig tillsammans med din partner i denna stora h\u00e4ngmatta och njut av det bl\u00e5 havet, den friska vinden och det lugnande ljudet av v\u00e5gorna. Vill du titta p\u00e5 solnedg\u00e5ngen? Inga problem! P\u00e5 resan F\u00e4st denna h\u00e4ngmatta mellan tv\u00e5 tr\u00e4d och s\u00e4tt dig eller l\u00e4gg dig i den efter en grillfest. Era barn och hundar leker i n\u00e4rheten, ni gungar fram och tillbaka i h\u00e4ngmattan \u2013 en h\u00e4rlig semester med hela familjen! Produktdetaljer: &#8211; F\u00e4rg: gr\u00e5beige &#8211; Material: 300D Oxford-tyg, j\u00e4rn, polyesterfyllning, bambu &#8211; M\u00e5tt: 200 x 140 cm (L x B) &#8211; Total l\u00e4ngd: 335 cm &#8211; M\u00e5tt p\u00e5 kudde: 110 x 26 cm (L x \u00d8) &#8211; Vikt: 5,5 kg &#8211; Max. statisk belastningskapacitet: 225 kg Leveransomfattning:- 1 x h\u00e4ngmatta &#8211; 1 x avtagbart huvudkudde &#8211; 1 x bruksanvisning (DE, EN, FR, ES, IT) SONGMICS Anm\u00e4rkningar: &#8211; Eftersom produktens f\u00e4rg kan variera p\u00e5 olika bildsk\u00e4rmar kan det f\u00f6rekomma sm\u00e5 f\u00e4rgavvikelser.- De angivna m\u00e5tten har m\u00e4tts manuellt, vilket inneb\u00e4r att produkten kan avvika med upp till 5 cm. &#8211; Remmar och karbinhakar ing\u00e5r inte. &#8211; Denna h\u00e4ngmatta har en maximal belastningskapacitet p\u00e5 225 kg. \u00d6verskrid inte denna gr\u00e4ns. Produktbeskrivning<\/p>\n","protected":false},"excerpt":{"rendered":"<p>SONGMICS h\u00e4ngmatta f\u00f6r 2 personer, vadderad, quiltad, med delbara b\u00f6jda bambust\u00e4nger, med kuddar, Oxford-tyg, 200 x 140 cm, belastningskapacitet upp till 225 kg, kr\u00e4mvit-beige GDC34BE<\/p>\n","protected":false},"featured_media":39752,"comment_status":"open","ping_status":"closed","template":"","meta":[],"product_brand":[],"product_cat":[33],"product_tag":[],"class_list":{"0":"post-11352","1":"product","2":"type-product","3":"status-publish","4":"has-post-thumbnail","6":"product_cat-okategoriserad","8":"first","9":"instock","10":"shipping-taxable","11":"purchasable","12":"product-type-simple"},"_links":{"self":[{"href":"https:\/\/nordicmart.andreevmaster.com\/sv\/wp-json\/wp\/v2\/product\/11352","targetHints":{"allow":["GET"]}}],"collection":[{"href":"https:\/\/nordicmart.andreevmaster.com\/sv\/wp-json\/wp\/v2\/product"}],"about":[{"href":"https:\/\/nordicmart.andreevmaster.com\/sv\/wp-json\/wp\/v2\/types\/product"}],"replies":[{"embeddable":true,"href":"https:\/\/nordicmart.andreevmaster.com\/sv\/wp-json\/wp\/v2\/comments?post=11352"}],"wp:featuredmedia":[{"embeddable":true,"href":"https:\/\/nordicmart.andreevmaster.com\/sv\/wp-json\/wp\/v2\/media\/39752"}],"wp:attachment":[{"href":"https:\/\/nordicmart.andreevmaster.com\/sv\/wp-json\/wp\/v2\/media?parent=11352"}],"wp:term":[{"taxonomy":"product_brand","embeddable":true,"href":"https:\/\/nordicmart.andreevmaster.com\/sv\/wp-json\/wp\/v2\/product_brand?post=11352"},{"taxonomy":"product_cat","embeddable":true,"href":"https:\/\/nordicmart.andreevmaster.com\/sv\/wp-json\/wp\/v2\/product_cat?post=11352"},{"taxonomy":"product_tag","embeddable":true,"href":"https:\/\/nordicmart.andreevmaster.com\/sv\/wp-json\/wp\/v2\/product_tag?post=11352"}],"curies":[{"name":"wp","href":"https:\/\/api.w.org\/{rel}","templated":true}]}}