{"id":11349,"date":"2026-02-27T00:10:12","date_gmt":"2026-02-27T00:10:12","guid":{"rendered":"https:\/\/nordicmart.andreevmaster.com\/product\/songmics-hangmatta-med-2-kuddar-fargglad\/"},"modified":"2026-02-27T08:05:16","modified_gmt":"2026-02-27T08:05:16","slug":"songmics-hangmatta-med-2-kuddar-fargglad","status":"publish","type":"product","link":"https:\/\/nordicmart.andreevmaster.com\/sv\/produkt\/songmics-hangmatta-med-2-kuddar-fargglad\/","title":{"rendered":"SONGMICS h\u00e4ngmatta med 2 kuddar, f\u00e4rgglad"},"content":{"rendered":"<p>En perfekt sitt- och liggplats f\u00f6r inomhus- och utomhusbruk \/ f\u00f6r stora och sm\u00e5. Vad finns det f\u00f6r sk\u00f6nare \u00e4n att efter en anstr\u00e4ngande dag kasta sig i SONGMICS h\u00e4ngmatta och l\u00e5ta sj\u00e4len vila. Under den avslappnande, lugnande gungningen \u00f6kar ditt fysiska och psykiska v\u00e4lbefinnande och du kan gl\u00f6mma vardagens bekymmer. H\u00e4ngmattan \u00e4r dessutom ett absolut blickf\u00e5ng. Med sina fr\u00e4scha, glada f\u00e4rger och en stor, bekv\u00e4m tygyta k\u00e4nner du dig som i en f\u00e4rgglad oas av lugn, oavsett om du anv\u00e4nder h\u00e4ngmattan i tr\u00e4dg\u00e5rden, p\u00e5 campingen eller p\u00e5 balkongen. V\u00e5r produkt erbjuder inte bara exceptionell komfort, utan \u00e4r ocks\u00e5 ultral\u00e4tt, slitstark och stabil. St\u00e5ngh\u00e4ngmattan \u00e4r m\u00e5ngsidig och kan till exempel anv\u00e4ndas som soffa, h\u00e4ngstol eller till och med som vagga f\u00f6r ditt barn. Vid behov kan du ocks\u00e5 sp\u00e4nna fast den i ett h\u00e4ngmattsstativ eller h\u00e4nga upp den mellan tv\u00e5 tr\u00e4d. Tack vare sin l\u00e5ga vikt och kompakta m\u00e5tt kan h\u00e4ngmattan dessutom tas med \u00f6verallt. Produktdetaljer: &#8211; Material: 70 % bomull + 30 % polyester, 320 g\/m\u00b2 &#8211; Liggyta: 210 x 150 cm &#8211; Total l\u00e4ngd: 300 cm &#8211; Kudde: 70 x 40 cm &#8211; Tv\u00e4rsl\u00e5: 120 x 3,2 x 2,2 cm &#8211; Max. belastningskapacitet: 300 kg Leveransomfattning: &#8211; 1 x h\u00e4ngmatta med stativ &#8211; 2 x kudde &#8211; 1 x transportv\u00e4ska<\/p>\n","protected":false},"excerpt":{"rendered":"<p>SONGMICS h\u00e4ngmatta, h\u00e4ngmatta f\u00f6r flera personer, b\u00e4rbar och andningsbar, 210 x 150 cm, T\u00dcV Rheinland, 300 kg statisk belastningskapacitet, utomhus, tr\u00e4dg\u00e5rd, beige GDC22M<\/p>\n","protected":false},"featured_media":39749,"comment_status":"open","ping_status":"closed","template":"","meta":[],"product_brand":[],"product_cat":[33],"product_tag":[],"class_list":{"0":"post-11349","1":"product","2":"type-product","3":"status-publish","4":"has-post-thumbnail","6":"product_cat-okategoriserad","8":"first","9":"instock","10":"shipping-taxable","11":"purchasable","12":"product-type-simple"},"_links":{"self":[{"href":"https:\/\/nordicmart.andreevmaster.com\/sv\/wp-json\/wp\/v2\/product\/11349","targetHints":{"allow":["GET"]}}],"collection":[{"href":"https:\/\/nordicmart.andreevmaster.com\/sv\/wp-json\/wp\/v2\/product"}],"about":[{"href":"https:\/\/nordicmart.andreevmaster.com\/sv\/wp-json\/wp\/v2\/types\/product"}],"replies":[{"embeddable":true,"href":"https:\/\/nordicmart.andreevmaster.com\/sv\/wp-json\/wp\/v2\/comments?post=11349"}],"wp:featuredmedia":[{"embeddable":true,"href":"https:\/\/nordicmart.andreevmaster.com\/sv\/wp-json\/wp\/v2\/media\/39749"}],"wp:attachment":[{"href":"https:\/\/nordicmart.andreevmaster.com\/sv\/wp-json\/wp\/v2\/media?parent=11349"}],"wp:term":[{"taxonomy":"product_brand","embeddable":true,"href":"https:\/\/nordicmart.andreevmaster.com\/sv\/wp-json\/wp\/v2\/product_brand?post=11349"},{"taxonomy":"product_cat","embeddable":true,"href":"https:\/\/nordicmart.andreevmaster.com\/sv\/wp-json\/wp\/v2\/product_cat?post=11349"},{"taxonomy":"product_tag","embeddable":true,"href":"https:\/\/nordicmart.andreevmaster.com\/sv\/wp-json\/wp\/v2\/product_tag?post=11349"}],"curies":[{"name":"wp","href":"https:\/\/api.w.org\/{rel}","templated":true}]}}