{"id":11348,"date":"2026-02-27T00:10:12","date_gmt":"2026-02-27T00:10:12","guid":{"rendered":"https:\/\/nordicmart.andreevmaster.com\/product\/songmics-hangmatta-for-2-personer-flerfargad\/"},"modified":"2026-02-27T08:05:16","modified_gmt":"2026-02-27T08:05:16","slug":"songmics-hangmatta-for-2-personer-flerfargad","status":"publish","type":"product","link":"https:\/\/nordicmart.andreevmaster.com\/sv\/produkt\/songmics-hangmatta-for-2-personer-flerfargad\/","title":{"rendered":"SONGMICS h\u00e4ngmatta f\u00f6r 2 personer, flerf\u00e4rgad"},"content":{"rendered":"<p>Fr\u00e4scha, glada f\u00e4rger och en stor tygyta g\u00f6r Songmics h\u00e4ngmatta till en oas av lugn f\u00f6r dig. N\u00e4r v\u00e4dret \u00e4r vackert finns det inget sk\u00f6nare \u00e4n att vila i en h\u00e4ngmatta. Under den avslappnande och lugnande gungningen upplever du fysiskt och psykiskt v\u00e4lbefinnande. Songmics h\u00e4ngmatta \u00e4r slitstark och stabil. Vid behov kan du sp\u00e4nna fast den i ett h\u00e4ngmattsstativ eller helt enkelt f\u00e4sta den mellan tv\u00e5 tr\u00e4d. N\u00e4r den inte anv\u00e4nds kan den snabbt rullas ihop igen. Den l\u00e5ga vikten g\u00f6r h\u00e4ngmattan till en idealisk f\u00f6ljeslagare. Produktdetaljer: &#8211; Material: &#8211; H\u00e4ngmatta: 70 % bomull + 30 % polyester, 320 g\/m\u00b2 &#8211; Band: polyester 1000 D &#8211; Metallringar och karbinhakar: f\u00f6rzinkat metall &#8211; M\u00e5tt liggyta: 210 x 150 cm &#8211; M\u00e5tt band: 200 x 5 cm &#8211; Totall\u00e4ngd h\u00e4ngmatta: 300 cm &#8211; L\u00e4ngd band: 200 cm &#8211; M\u00e5tt kudde: 70 x 40 cm \u2013 M\u00e5tt p\u00e5 tr\u00e4stav: 120 x 3,2 x 2,2 cm \u2013 Max. belastningskapacitet: 300 kg Leveransomfattning: \u2013 1 x h\u00e4ngmatta med st\u00e4nger \u2013 2 x kuddar \u2013 1 x transportv\u00e4ska \u2013 2 x f\u00e4stband \u2013 2 x karbinhakar Anvisningar:- N\u00e4r du viker ut h\u00e4ngmattan, var noga med att f\u00f6lja vikningsstegen s\u00e5 att du kan vika ihop mattan igen och l\u00e4gga den i p\u00e5sen. &#8211; H\u00e5ll uppsikt \u00f6ver barnen n\u00e4r de leker i h\u00e4ngmattan. &#8211; H\u00e4ngmattans f\u00e4rg kan skilja sig n\u00e5got fr\u00e5n den p\u00e5 produktbilden \u2013 detta beror p\u00e5 ljusinsl\u00e4pp och sk\u00e4rmens f\u00e4rg\u00e5tergivning.- Observera att en h\u00e4ngmatta t\u00f6js ut vid anv\u00e4ndning. I s\u00e5 fall ska du f\u00f6rkorta det medf\u00f6ljande repet. Observera dock att den belastade h\u00e4ngmattans l\u00e4gsta punkt ska vara 20\u201340 cm \u00f6ver golvet. Undvik ocks\u00e5 att sp\u00e4nna h\u00e4ngmattan f\u00f6r h\u00e5rt.<\/p>\n","protected":false},"excerpt":{"rendered":"<p>SONGMICS h\u00e4ngmatta, h\u00e4ngmatta f\u00f6r flera personer, b\u00e4rbar och andningsbar, 210 x 150 cm, T\u00dcV Rheinland, 300 kg statisk belastningskapacitet, utomhus, tr\u00e4dg\u00e5rd, beige GDC22M<\/p>\n","protected":false},"featured_media":39748,"comment_status":"open","ping_status":"closed","template":"","meta":[],"product_brand":[],"product_cat":[33],"product_tag":[],"class_list":{"0":"post-11348","1":"product","2":"type-product","3":"status-publish","4":"has-post-thumbnail","6":"product_cat-okategoriserad","8":"first","9":"instock","10":"shipping-taxable","11":"purchasable","12":"product-type-simple"},"_links":{"self":[{"href":"https:\/\/nordicmart.andreevmaster.com\/sv\/wp-json\/wp\/v2\/product\/11348","targetHints":{"allow":["GET"]}}],"collection":[{"href":"https:\/\/nordicmart.andreevmaster.com\/sv\/wp-json\/wp\/v2\/product"}],"about":[{"href":"https:\/\/nordicmart.andreevmaster.com\/sv\/wp-json\/wp\/v2\/types\/product"}],"replies":[{"embeddable":true,"href":"https:\/\/nordicmart.andreevmaster.com\/sv\/wp-json\/wp\/v2\/comments?post=11348"}],"wp:featuredmedia":[{"embeddable":true,"href":"https:\/\/nordicmart.andreevmaster.com\/sv\/wp-json\/wp\/v2\/media\/39748"}],"wp:attachment":[{"href":"https:\/\/nordicmart.andreevmaster.com\/sv\/wp-json\/wp\/v2\/media?parent=11348"}],"wp:term":[{"taxonomy":"product_brand","embeddable":true,"href":"https:\/\/nordicmart.andreevmaster.com\/sv\/wp-json\/wp\/v2\/product_brand?post=11348"},{"taxonomy":"product_cat","embeddable":true,"href":"https:\/\/nordicmart.andreevmaster.com\/sv\/wp-json\/wp\/v2\/product_cat?post=11348"},{"taxonomy":"product_tag","embeddable":true,"href":"https:\/\/nordicmart.andreevmaster.com\/sv\/wp-json\/wp\/v2\/product_tag?post=11348"}],"curies":[{"name":"wp","href":"https:\/\/api.w.org\/{rel}","templated":true}]}}