{"id":11347,"date":"2026-02-27T00:10:12","date_gmt":"2026-02-27T00:10:12","guid":{"rendered":"https:\/\/nordicmart.andreevmaster.com\/product\/songmics-hangmatta-med-2-kuddar\/"},"modified":"2026-02-27T08:05:15","modified_gmt":"2026-02-27T08:05:15","slug":"songmics-hangmatta-med-2-kuddar","status":"publish","type":"product","link":"https:\/\/nordicmart.andreevmaster.com\/sv\/produkt\/songmics-hangmatta-med-2-kuddar\/","title":{"rendered":"SONGMICS h\u00e4ngmatta med 2 kuddar"},"content":{"rendered":"<p>Passar i tr\u00e4dg\u00e5rden: F\u00e4st denna h\u00e4ngmatta i din tr\u00e4dg\u00e5rd eller p\u00e5 din bakg\u00e5rd och g\u00f6r den till en del av ditt dagliga liv. Under en mysig eftermiddag kan du l\u00e4sa en bok eller ta en tupplur h\u00e4r, eller l\u00e4gga dig i den med dina barn och titta p\u00e5 stj\u00e4rnorna p\u00e5 natten. L\u00e4mplig f\u00f6r resor: F\u00e4st denna h\u00e4ngmatta mellan tv\u00e5 tr\u00e4d och s\u00e4tt dig eller l\u00e4gg dig i den efter en grillfest. Dina barn och hundar leker i n\u00e4rheten, du gungar fram och tillbaka i h\u00e4ngmattan \u2013 en h\u00e4rlig semester med hela familjen! Listan forts\u00e4tter: Med denna h\u00e4ngmatta skapar du din egen oas p\u00e5 balkongen eller terrassen. Eller s\u00e5 g\u00e5r du ut i naturen och anv\u00e4nder h\u00e4ngmattan i skogen eller vid sj\u00f6n. Om det finns tr\u00e4d eller en h\u00e4ngmattsstativ tillg\u00e4nglig, finns det en m\u00f6jlighet f\u00f6r denna h\u00e4ngmatta. Produktdetaljer: Material: 380 g\/m\u00b2 blandv\u00e4v (70 % bomull, 30 % polyester), tr\u00e4 Storlek p\u00e5 liggytan: 210 x 150 (L x B) Total l\u00e4ngd: 300 cm Storlek per kudde: 70 x 40 cm (L x B) Storlek per tr\u00e4st\u00e5ng: 120 x 3,2 x 2,2 cm (L x B x H) Vikt: 4,1 kg Max. statisk belastningskapacitet: 300 kg Leveransomfattning: 1 x h\u00e4ngmatta 2 x kudde 1 x transportv\u00e4ska SONGICs anvisningar:Barn b\u00f6r endast anv\u00e4nda produkten under uppsikt av en vuxen. Eftersom produktens f\u00e4rg kan variera p\u00e5 olika bildsk\u00e4rmar kan det f\u00f6rekomma f\u00e4rgavvikelser. Se till att h\u00e4ngmattans l\u00e4gsta punkt ligger cirka 20\u201340 cm \u00f6ver golvet, eftersom h\u00e4ngmattan kan t\u00f6jas ut under anv\u00e4ndning. Remmar och karbinhakar ing\u00e5r inte.<\/p>\n","protected":false},"excerpt":{"rendered":"<p>SONGMICS h\u00e4ngmatta, h\u00e4ngmatta f\u00f6r flera personer, b\u00e4rbar och andningsbar, 210 x 150 cm, T\u00dcV Rheinland, 300 kg statisk belastningskapacitet, utomhus, tr\u00e4dg\u00e5rd, beige GDC22M<\/p>\n","protected":false},"featured_media":39747,"comment_status":"open","ping_status":"closed","template":"","meta":[],"product_brand":[],"product_cat":[33],"product_tag":[],"class_list":{"0":"post-11347","1":"product","2":"type-product","3":"status-publish","4":"has-post-thumbnail","6":"product_cat-okategoriserad","8":"first","9":"instock","10":"shipping-taxable","11":"purchasable","12":"product-type-simple"},"_links":{"self":[{"href":"https:\/\/nordicmart.andreevmaster.com\/sv\/wp-json\/wp\/v2\/product\/11347","targetHints":{"allow":["GET"]}}],"collection":[{"href":"https:\/\/nordicmart.andreevmaster.com\/sv\/wp-json\/wp\/v2\/product"}],"about":[{"href":"https:\/\/nordicmart.andreevmaster.com\/sv\/wp-json\/wp\/v2\/types\/product"}],"replies":[{"embeddable":true,"href":"https:\/\/nordicmart.andreevmaster.com\/sv\/wp-json\/wp\/v2\/comments?post=11347"}],"wp:featuredmedia":[{"embeddable":true,"href":"https:\/\/nordicmart.andreevmaster.com\/sv\/wp-json\/wp\/v2\/media\/39747"}],"wp:attachment":[{"href":"https:\/\/nordicmart.andreevmaster.com\/sv\/wp-json\/wp\/v2\/media?parent=11347"}],"wp:term":[{"taxonomy":"product_brand","embeddable":true,"href":"https:\/\/nordicmart.andreevmaster.com\/sv\/wp-json\/wp\/v2\/product_brand?post=11347"},{"taxonomy":"product_cat","embeddable":true,"href":"https:\/\/nordicmart.andreevmaster.com\/sv\/wp-json\/wp\/v2\/product_cat?post=11347"},{"taxonomy":"product_tag","embeddable":true,"href":"https:\/\/nordicmart.andreevmaster.com\/sv\/wp-json\/wp\/v2\/product_tag?post=11347"}],"curies":[{"name":"wp","href":"https:\/\/api.w.org\/{rel}","templated":true}]}}