{"id":11345,"date":"2026-02-27T00:10:11","date_gmt":"2026-02-27T00:10:11","guid":{"rendered":"https:\/\/nordicmart.andreevmaster.com\/product\/songmics-flerpersoners-hangmatta-fargglad\/"},"modified":"2026-02-27T08:05:15","modified_gmt":"2026-02-27T08:05:15","slug":"songmics-flerpersoners-hangmatta-fargglad","status":"publish","type":"product","link":"https:\/\/nordicmart.andreevmaster.com\/sv\/produkt\/songmics-flerpersoners-hangmatta-fargglad\/","title":{"rendered":"SONGMICS Flerpersoners h\u00e4ngmatta, f\u00e4rgglad"},"content":{"rendered":"<p>Songmics h\u00e4ngmatta \u00e4r perfekt f\u00f6r att koppla av och slappna av. Under den avslappnande och lugnande gungningen f\u00e5r du fysiskt och psykiskt v\u00e4lbefinnande.Fr\u00e4scha, glada f\u00e4rger och en stor tygyta g\u00f6r v\u00e5r h\u00e4ngmatta till en oas av lugn f\u00f6r dig. Oavsett om du \u00e4r i tr\u00e4dg\u00e5rden, p\u00e5 balkongen eller p\u00e5 campingen, lovar den stora tygytan extraordin\u00e4r komfort. V\u00e5r h\u00e4ngmatta \u00e4r ultral\u00e4tt, slitstark och stabil. Mattorna kan anv\u00e4ndas som soffa, gunga och till och med som vagga f\u00f6r barnen. I mycket varma klimat finns det inget sk\u00f6nare \u00e4n att vila i en h\u00e4ngmatta.Vid behov kan du sp\u00e4nna fast den i en vanlig h\u00e4ngmattsst\u00e4llning eller helt enkelt f\u00e4sta den mellan tv\u00e5 tr\u00e4d! N\u00e4r den inte anv\u00e4nds kan den snabbt rullas ihop igen. Den l\u00e5ga vikten och de kompakta m\u00e5tten g\u00f6r h\u00e4ngmattan till den perfekta f\u00f6ljeslagaren.Produktdetaljer: &#8211; Material: 70 % bomull + 30 % polyester, 320 g\/m\u00b2 &#8211; Liggyta: 210 x 150 cm &#8211; Total l\u00e4ngd: 300 cm &#8211; Max. belastning: 300 kg Leveransomfattning: &#8211; 1 x h\u00e4ngmatta &#8211; 1 x transportv\u00e4ska<\/p>\n","protected":false},"excerpt":{"rendered":"<p>SONGMICS Songmics h\u00e4ngmatta f\u00f6r flera personer 210 x 150 cm, belastningskapacitet upp till 150 kg GDC210<\/p>\n","protected":false},"featured_media":39745,"comment_status":"open","ping_status":"closed","template":"","meta":[],"product_brand":[],"product_cat":[33],"product_tag":[],"class_list":{"0":"post-11345","1":"product","2":"type-product","3":"status-publish","4":"has-post-thumbnail","6":"product_cat-okategoriserad","8":"first","9":"instock","10":"shipping-taxable","11":"purchasable","12":"product-type-simple"},"_links":{"self":[{"href":"https:\/\/nordicmart.andreevmaster.com\/sv\/wp-json\/wp\/v2\/product\/11345","targetHints":{"allow":["GET"]}}],"collection":[{"href":"https:\/\/nordicmart.andreevmaster.com\/sv\/wp-json\/wp\/v2\/product"}],"about":[{"href":"https:\/\/nordicmart.andreevmaster.com\/sv\/wp-json\/wp\/v2\/types\/product"}],"replies":[{"embeddable":true,"href":"https:\/\/nordicmart.andreevmaster.com\/sv\/wp-json\/wp\/v2\/comments?post=11345"}],"wp:featuredmedia":[{"embeddable":true,"href":"https:\/\/nordicmart.andreevmaster.com\/sv\/wp-json\/wp\/v2\/media\/39745"}],"wp:attachment":[{"href":"https:\/\/nordicmart.andreevmaster.com\/sv\/wp-json\/wp\/v2\/media?parent=11345"}],"wp:term":[{"taxonomy":"product_brand","embeddable":true,"href":"https:\/\/nordicmart.andreevmaster.com\/sv\/wp-json\/wp\/v2\/product_brand?post=11345"},{"taxonomy":"product_cat","embeddable":true,"href":"https:\/\/nordicmart.andreevmaster.com\/sv\/wp-json\/wp\/v2\/product_cat?post=11345"},{"taxonomy":"product_tag","embeddable":true,"href":"https:\/\/nordicmart.andreevmaster.com\/sv\/wp-json\/wp\/v2\/product_tag?post=11345"}],"curies":[{"name":"wp","href":"https:\/\/api.w.org\/{rel}","templated":true}]}}