{"id":11344,"date":"2026-02-27T00:10:11","date_gmt":"2026-02-27T00:10:11","guid":{"rendered":"https:\/\/nordicmart.andreevmaster.com\/product\/songmics-hangmatta-300-x-200-cm-appelgron\/"},"modified":"2026-02-27T08:05:15","modified_gmt":"2026-02-27T08:05:15","slug":"songmics-hangmatta-300-x-200-cm-appelgron","status":"publish","type":"product","link":"https:\/\/nordicmart.andreevmaster.com\/sv\/produkt\/songmics-hangmatta-300-x-200-cm-appelgron\/","title":{"rendered":"SONGMICS h\u00e4ngmatta 300 x 200 cm \u00e4ppelgr\u00f6n"},"content":{"rendered":"<p>F\u00f6r en avkopplande stund H\u00e4ngmattan f\u00f6r 2 personer \u00e4r perfekt f\u00f6r en avkopplande stund n\u00e4r du campar eller \u00e4r i tr\u00e4dg\u00e5rden. F\u00f6r dig som \u00e4r ivrig att resa, \u00e5ka p\u00e5 utflykter i skogen eller i bergen, \u00e4r denna l\u00e4tta och snabbt packade h\u00e4ngmatta en perfekt f\u00f6ljeslagare som tar v\u00e4ldigt lite plats och g\u00f6r att du kan koppla av p\u00e5 nolltid.Robust och h\u00e5llbar Den \u00e4r l\u00e4tt att reng\u00f6ra och torkar snabbt, vilket \u00e4r perfekt n\u00e4r du \u00e4r p\u00e5 resande fot. F\u00e4rgen h\u00e5ller sig ocks\u00e5 l\u00e4nge, s\u00e5 att du kan ha gl\u00e4dje av h\u00e4ngmattan under l\u00e5ng tid. Produktdetaljer:- Material: 210T nylon &#8211; Produktm\u00e5tt: 300 x 200 cm (L x B) &#8211; F\u00f6rpackningsm\u00e5tt: 20 x 12 cm (H x \u00d8) &#8211; Vikt: 0,8 kg Leveransomfattning: &#8211; 1 x h\u00e4ngmatta &#8211; 2 x tunga remmar &#8211; 2 x karbinhakar SONGICs anvisningar:- Barn b\u00f6r leka under uppsikt av vuxna och alltid vara uppm\u00e4rksamma p\u00e5 s\u00e4kerheten. &#8211; Se till att det inte finns n\u00e5gra vassa f\u00f6rem\u00e5l under h\u00e4ngmattan innan du anv\u00e4nder den. &#8211; F\u00e4rgerna p\u00e5 bilderna kan skilja sig fr\u00e5n de faktiska f\u00e4rgerna beroende p\u00e5 sk\u00e4rminst\u00e4llningarna. &#8211; Kontrollera noggrant h\u00e4ngmattans och f\u00e4stremmarnas skick f\u00f6re varje anv\u00e4ndning.<\/p>\n","protected":false},"excerpt":{"rendered":"<p>SONGMICS h\u00e4ngmatta, utomhuscamping, f\u00f6r flera personer, liggyta 300 x 200 cm, ultral\u00e4tt resh\u00e4ngmatta av nylon, testad av T\u00dcV Rheinland, GDC20AC<\/p>\n","protected":false},"featured_media":39744,"comment_status":"open","ping_status":"closed","template":"","meta":[],"product_brand":[],"product_cat":[33],"product_tag":[],"class_list":{"0":"post-11344","1":"product","2":"type-product","3":"status-publish","4":"has-post-thumbnail","6":"product_cat-okategoriserad","8":"first","9":"instock","10":"shipping-taxable","11":"purchasable","12":"product-type-simple"},"_links":{"self":[{"href":"https:\/\/nordicmart.andreevmaster.com\/sv\/wp-json\/wp\/v2\/product\/11344","targetHints":{"allow":["GET"]}}],"collection":[{"href":"https:\/\/nordicmart.andreevmaster.com\/sv\/wp-json\/wp\/v2\/product"}],"about":[{"href":"https:\/\/nordicmart.andreevmaster.com\/sv\/wp-json\/wp\/v2\/types\/product"}],"replies":[{"embeddable":true,"href":"https:\/\/nordicmart.andreevmaster.com\/sv\/wp-json\/wp\/v2\/comments?post=11344"}],"wp:featuredmedia":[{"embeddable":true,"href":"https:\/\/nordicmart.andreevmaster.com\/sv\/wp-json\/wp\/v2\/media\/39744"}],"wp:attachment":[{"href":"https:\/\/nordicmart.andreevmaster.com\/sv\/wp-json\/wp\/v2\/media?parent=11344"}],"wp:term":[{"taxonomy":"product_brand","embeddable":true,"href":"https:\/\/nordicmart.andreevmaster.com\/sv\/wp-json\/wp\/v2\/product_brand?post=11344"},{"taxonomy":"product_cat","embeddable":true,"href":"https:\/\/nordicmart.andreevmaster.com\/sv\/wp-json\/wp\/v2\/product_cat?post=11344"},{"taxonomy":"product_tag","embeddable":true,"href":"https:\/\/nordicmart.andreevmaster.com\/sv\/wp-json\/wp\/v2\/product_tag?post=11344"}],"curies":[{"name":"wp","href":"https:\/\/api.w.org\/{rel}","templated":true}]}}