{"id":11338,"date":"2026-02-27T00:10:10","date_gmt":"2026-02-27T00:10:10","guid":{"rendered":"https:\/\/nordicmart.andreevmaster.com\/product\/songmics-hangstol-med-hog-belastningskapacitet\/"},"modified":"2026-02-27T08:05:14","modified_gmt":"2026-02-27T08:05:14","slug":"songmics-hangstol-med-hog-belastningskapacitet","status":"publish","type":"product","link":"https:\/\/nordicmart.andreevmaster.com\/sv\/produkt\/songmics-hangstol-med-hog-belastningskapacitet\/","title":{"rendered":"SONGMICS h\u00e4ngstol med h\u00f6g belastningskapacitet"},"content":{"rendered":"<p>En vacker milj\u00f6: Vackert utseende och h\u00f6g komfort \u2013 denna h\u00e4ngstol \u00e4r ett riktigt blickf\u00e5ng och samtidigt en v\u00e4lg\u00f6rande upplevelse f\u00f6r kropp och sj\u00e4l. Oavsett om den st\u00e5r i vardagsrummet, sovrummet, p\u00e5 terrassen, i tr\u00e4dg\u00e5rden eller p\u00e5 bakg\u00e5rden \u2013 denna stol imponerar med sitt eleganta utseende och erbjuder en plats att koppla av f\u00f6r dig, din familj och dina v\u00e4nner. Produktdetaljer: F\u00e4rg: Bl\u00e5 Material: Polyester-bomullstyg, polyesterfyllning, tr\u00e4st\u00e5ng Storlek p\u00e5 sittytan: 148 x 125 cm (L x B) Storlek per kudde: 40 x 40 cm (L x B) Vikt: 2,5 kg Max. statisk belastningskapacitet: 150 kg Leveransomfattning: 1 x h\u00e4ngstol 2 x kuddar 1 x metallkedja 1 x karbinhake 1 x instruktioner SONGICs anvisningar: Produkten har en maximal belastningskapacitet p\u00e5 150 kg. \u00d6verskrid inte denna maximala vikt. Uts\u00e4tt inte produkten f\u00f6r solljus eller regn under l\u00e4ngre tid. Kontrollera alltid produktens skick innan du anv\u00e4nder den.<\/p>\n","protected":false},"excerpt":{"rendered":"<p>SONGMICS h\u00e4ngstol, h\u00e4nggunga, h\u00e4ngstol med 2 kuddar, metallkedja, belastningskapacitet upp till 150 kg, inomhus och utomhus, vardagsrum, sovrum, turkos GDC187Q02<\/p>\n","protected":false},"featured_media":39739,"comment_status":"open","ping_status":"closed","template":"","meta":[],"product_brand":[],"product_cat":[33],"product_tag":[],"class_list":{"0":"post-11338","1":"product","2":"type-product","3":"status-publish","4":"has-post-thumbnail","6":"product_cat-okategoriserad","8":"first","9":"instock","10":"shipping-taxable","11":"purchasable","12":"product-type-simple"},"_links":{"self":[{"href":"https:\/\/nordicmart.andreevmaster.com\/sv\/wp-json\/wp\/v2\/product\/11338","targetHints":{"allow":["GET"]}}],"collection":[{"href":"https:\/\/nordicmart.andreevmaster.com\/sv\/wp-json\/wp\/v2\/product"}],"about":[{"href":"https:\/\/nordicmart.andreevmaster.com\/sv\/wp-json\/wp\/v2\/types\/product"}],"replies":[{"embeddable":true,"href":"https:\/\/nordicmart.andreevmaster.com\/sv\/wp-json\/wp\/v2\/comments?post=11338"}],"wp:featuredmedia":[{"embeddable":true,"href":"https:\/\/nordicmart.andreevmaster.com\/sv\/wp-json\/wp\/v2\/media\/39739"}],"wp:attachment":[{"href":"https:\/\/nordicmart.andreevmaster.com\/sv\/wp-json\/wp\/v2\/media?parent=11338"}],"wp:term":[{"taxonomy":"product_brand","embeddable":true,"href":"https:\/\/nordicmart.andreevmaster.com\/sv\/wp-json\/wp\/v2\/product_brand?post=11338"},{"taxonomy":"product_cat","embeddable":true,"href":"https:\/\/nordicmart.andreevmaster.com\/sv\/wp-json\/wp\/v2\/product_cat?post=11338"},{"taxonomy":"product_tag","embeddable":true,"href":"https:\/\/nordicmart.andreevmaster.com\/sv\/wp-json\/wp\/v2\/product_tag?post=11338"}],"curies":[{"name":"wp","href":"https:\/\/api.w.org\/{rel}","templated":true}]}}