{"id":11335,"date":"2026-02-27T00:10:09","date_gmt":"2026-02-27T00:10:09","guid":{"rendered":"https:\/\/nordicmart.andreevmaster.com\/product\/songmics-hangstol-med-2-kuddar\/"},"modified":"2026-02-27T08:05:13","modified_gmt":"2026-02-27T08:05:13","slug":"songmics-hangstol-med-2-kuddar","status":"publish","type":"product","link":"https:\/\/nordicmart.andreevmaster.com\/sv\/produkt\/songmics-hangstol-med-2-kuddar\/","title":{"rendered":"SONGMICS h\u00e4ngstol med 2 kuddar"},"content":{"rendered":"<p>SONGMICS h\u00e4ngstol, h\u00e4nggunga, h\u00e4ngstol med 2 kuddar, metallkedja, belastningskapacitet upp till 150 kg, inomhus och utomhus, vardagsrum, sovrum, turkos GDC187Q02<br \/>\nF\u00e4rg: Gr\u00e5<br \/>\nMaterial: Polyester-bomullstyg, polyesterfyllning, tr\u00e4st\u00e5ng<br \/>\nSitsens storlek: 148 x 125 cm (L x B)<br \/>\nStorlek per kudde: 40 x 40 cm (L x B)<br \/>\nVikt: 2,5 kg<br \/>\nMax. statisk belastningskapacitet: 150 kg<\/p>\n","protected":false},"excerpt":{"rendered":"<p>SONGMICS h\u00e4ngstol, h\u00e4nggunga, h\u00e4ngstol med 2 kuddar, metallkedja, belastningskapacitet upp till 150 kg, inomhus och utomhus, vardagsrum, sovrum, turkos GDC187Q02<\/p>\n","protected":false},"featured_media":39736,"comment_status":"open","ping_status":"closed","template":"","meta":[],"product_brand":[],"product_cat":[33],"product_tag":[],"class_list":{"0":"post-11335","1":"product","2":"type-product","3":"status-publish","4":"has-post-thumbnail","6":"product_cat-okategoriserad","8":"first","9":"instock","10":"shipping-taxable","11":"purchasable","12":"product-type-simple"},"_links":{"self":[{"href":"https:\/\/nordicmart.andreevmaster.com\/sv\/wp-json\/wp\/v2\/product\/11335","targetHints":{"allow":["GET"]}}],"collection":[{"href":"https:\/\/nordicmart.andreevmaster.com\/sv\/wp-json\/wp\/v2\/product"}],"about":[{"href":"https:\/\/nordicmart.andreevmaster.com\/sv\/wp-json\/wp\/v2\/types\/product"}],"replies":[{"embeddable":true,"href":"https:\/\/nordicmart.andreevmaster.com\/sv\/wp-json\/wp\/v2\/comments?post=11335"}],"wp:featuredmedia":[{"embeddable":true,"href":"https:\/\/nordicmart.andreevmaster.com\/sv\/wp-json\/wp\/v2\/media\/39736"}],"wp:attachment":[{"href":"https:\/\/nordicmart.andreevmaster.com\/sv\/wp-json\/wp\/v2\/media?parent=11335"}],"wp:term":[{"taxonomy":"product_brand","embeddable":true,"href":"https:\/\/nordicmart.andreevmaster.com\/sv\/wp-json\/wp\/v2\/product_brand?post=11335"},{"taxonomy":"product_cat","embeddable":true,"href":"https:\/\/nordicmart.andreevmaster.com\/sv\/wp-json\/wp\/v2\/product_cat?post=11335"},{"taxonomy":"product_tag","embeddable":true,"href":"https:\/\/nordicmart.andreevmaster.com\/sv\/wp-json\/wp\/v2\/product_tag?post=11335"}],"curies":[{"name":"wp","href":"https:\/\/api.w.org\/{rel}","templated":true}]}}