{"id":11334,"date":"2026-02-27T00:10:09","date_gmt":"2026-02-27T00:10:09","guid":{"rendered":"https:\/\/nordicmart.andreevmaster.com\/product\/songmics-hangstol-xxl-rod\/"},"modified":"2026-02-27T08:05:13","modified_gmt":"2026-02-27T08:05:13","slug":"songmics-hangstol-xxl-rod","status":"publish","type":"product","link":"https:\/\/nordicmart.andreevmaster.com\/sv\/produkt\/songmics-hangstol-xxl-rod\/","title":{"rendered":"SONGMICS h\u00e4ngstol XXL r\u00f6d"},"content":{"rendered":"<p>Inomhus eller utomhus H\u00e4ng upp denna stol i tr\u00e4dg\u00e5rden eller p\u00e5 terrassen och skapa en mysig oas i naturen. H\u00e4r kan du l\u00e4sa b\u00f6cker eller ta en tupplur under en mysig eftermiddag. Eller skapa en oas av lugn i ditt sovrum eller vardagsrum med denna h\u00e4ngstol. Oavsett om det \u00e4r varmt eller kallt ute kan du krypa ihop som en katt i denna h\u00e4ngstol, lyssna p\u00e5 musik eller titta p\u00e5 en film och sl\u00e4ppa vardagens stress. Produktdetaljer: F\u00e4rg: R\u00f6d Material: Polyester, bomull, ek M\u00e5tt p\u00e5 h\u00e4ngstolen: 130 x 185 cm (L x B) Vikt: 2,8 kg Max. statisk belastningskapacitet: 200 kg F\u00e4rg: R\u00f6d Material: Polyester, bomull, ek Leveransomfattning: 1 x h\u00e4ngstol 1 x bruksanvisning (DE, EN, FR, ES, IT) SONGMICS Anm\u00e4rkningar:Barn f\u00e5r endast anv\u00e4nda h\u00e4ngstolen under uppsikt av vuxna. P\u00e5 grund av olika ljusf\u00f6rh\u00e5llanden eller sk\u00e4rmar med olika uppl\u00f6sning kan det f\u00f6rekomma sm\u00e5 f\u00e4rgavvikelser j\u00e4mf\u00f6rt med produkten som visas p\u00e5 bilderna. De m\u00e5tt vi anger har m\u00e4tts manuellt, vilket inneb\u00e4r att produkten kan avvika med upp till 5 cm.<\/p>\n","protected":false},"excerpt":{"rendered":"<p>SONGMICS H\u00e4ngstol, XXL apgunga, h\u00e4ngstol, 130 x 185 cm, belastningskapacitet upp till 200 kg, inomhus och utomhus, bl\u00e5 GDC186BU<\/p>\n","protected":false},"featured_media":39735,"comment_status":"open","ping_status":"closed","template":"","meta":[],"product_brand":[],"product_cat":[33],"product_tag":[],"class_list":{"0":"post-11334","1":"product","2":"type-product","3":"status-publish","4":"has-post-thumbnail","6":"product_cat-okategoriserad","8":"first","9":"instock","10":"shipping-taxable","11":"purchasable","12":"product-type-simple"},"_links":{"self":[{"href":"https:\/\/nordicmart.andreevmaster.com\/sv\/wp-json\/wp\/v2\/product\/11334","targetHints":{"allow":["GET"]}}],"collection":[{"href":"https:\/\/nordicmart.andreevmaster.com\/sv\/wp-json\/wp\/v2\/product"}],"about":[{"href":"https:\/\/nordicmart.andreevmaster.com\/sv\/wp-json\/wp\/v2\/types\/product"}],"replies":[{"embeddable":true,"href":"https:\/\/nordicmart.andreevmaster.com\/sv\/wp-json\/wp\/v2\/comments?post=11334"}],"wp:featuredmedia":[{"embeddable":true,"href":"https:\/\/nordicmart.andreevmaster.com\/sv\/wp-json\/wp\/v2\/media\/39735"}],"wp:attachment":[{"href":"https:\/\/nordicmart.andreevmaster.com\/sv\/wp-json\/wp\/v2\/media?parent=11334"}],"wp:term":[{"taxonomy":"product_brand","embeddable":true,"href":"https:\/\/nordicmart.andreevmaster.com\/sv\/wp-json\/wp\/v2\/product_brand?post=11334"},{"taxonomy":"product_cat","embeddable":true,"href":"https:\/\/nordicmart.andreevmaster.com\/sv\/wp-json\/wp\/v2\/product_cat?post=11334"},{"taxonomy":"product_tag","embeddable":true,"href":"https:\/\/nordicmart.andreevmaster.com\/sv\/wp-json\/wp\/v2\/product_tag?post=11334"}],"curies":[{"name":"wp","href":"https:\/\/api.w.org\/{rel}","templated":true}]}}