{"id":11332,"date":"2026-02-27T00:10:09","date_gmt":"2026-02-27T00:10:09","guid":{"rendered":"https:\/\/nordicmart.andreevmaster.com\/product\/songmics-hangstol-med-en-belastningskapacitet-pa-upp-till-200-kg\/"},"modified":"2026-02-27T08:05:13","modified_gmt":"2026-02-27T08:05:13","slug":"songmics-hangstol-med-en-belastningskapacitet-pa-upp-till-200-kg","status":"publish","type":"product","link":"https:\/\/nordicmart.andreevmaster.com\/sv\/produkt\/songmics-hangstol-med-en-belastningskapacitet-pa-upp-till-200-kg\/","title":{"rendered":"SONGMICS h\u00e4ngstol med en belastningskapacitet p\u00e5 upp till 200 kg"},"content":{"rendered":"<p>Fr\u00e4scha, glada f\u00e4rger och en stor tygyta g\u00f6r SONGMICS h\u00e4ngstol till en oas av lugn f\u00f6r dig. N\u00e4r v\u00e4dret \u00e4r fint finns det inget sk\u00f6nare \u00e4n att koppla av i en h\u00e4ngstol. Den avslappnande och lugnande gungningen ger dig fysiskt och psykiskt v\u00e4lbefinnande. Den l\u00e5ga vikten och de kompakta m\u00e5tten g\u00f6r den till den perfekta f\u00f6ljeslagaren.Anvisningar:&nbsp;&#8211; N\u00e4r du f\u00e4ller ut h\u00e4ngstolen, var noga med att f\u00f6lja vikningsstegen i r\u00e4tt ordning s\u00e5 att du kan f\u00e4lla ihop den igen och l\u00e4gga den i p\u00e5sen.&nbsp;&#8211; F\u00e4rgen p\u00e5 h\u00e4ngstolen kan skilja sig n\u00e5got fr\u00e5n den p\u00e5 produktbilden \u2013 detta beror p\u00e5 ljusinsl\u00e4pp och f\u00e4rg\u00e5tergivningen p\u00e5 sk\u00e4rmen.&nbsp;&#8211; Observera att en h\u00e4ngstol expanderar vid anv\u00e4ndning. I s\u00e5 fall ska du f\u00f6rkorta det f\u00e4sta repet.&nbsp;&#8211; Observera dock att den belastade h\u00e4ngstolens l\u00e4gsta punkt ska befinna sig 20\u201340 cm \u00f6ver golvet. Undvik ocks\u00e5 att sp\u00e4nna upph\u00e4ngningsstolen f\u00f6r h\u00e5rt. Produktdetaljer: &#8211; Material: 70 % bomull + 30 % polyester, 300 g\/m\u00b2 &#8211; M\u00e5tt p\u00e5 liggyta: 180 x 125 cm- M\u00e5tt p\u00e5 tr\u00e4st\u00e5ng: 100 x 3,2 cm (L x \u00d8)&nbsp;&#8211; Total h\u00f6jd: 130 cm&nbsp;&#8211; Max. belastningskapacitet: 200 kgLeveransomfattning:&nbsp;&#8211; 1 x h\u00e4ngstol&nbsp;&#8211; 1 x transportv\u00e4ska<\/p>\n","protected":false},"excerpt":{"rendered":"<p>SONGMICS h\u00e4ngstol, 180 x 125 cm T\u00dcV Rheinland max. statisk belastning 200 kg, inomhus och utomhus, regnb\u00e5gsf\u00e4rger, GDC185<\/p>\n","protected":false},"featured_media":39733,"comment_status":"open","ping_status":"closed","template":"","meta":[],"product_brand":[],"product_cat":[33],"product_tag":[],"class_list":{"0":"post-11332","1":"product","2":"type-product","3":"status-publish","4":"has-post-thumbnail","6":"product_cat-okategoriserad","8":"first","9":"instock","10":"shipping-taxable","11":"purchasable","12":"product-type-simple"},"_links":{"self":[{"href":"https:\/\/nordicmart.andreevmaster.com\/sv\/wp-json\/wp\/v2\/product\/11332","targetHints":{"allow":["GET"]}}],"collection":[{"href":"https:\/\/nordicmart.andreevmaster.com\/sv\/wp-json\/wp\/v2\/product"}],"about":[{"href":"https:\/\/nordicmart.andreevmaster.com\/sv\/wp-json\/wp\/v2\/types\/product"}],"replies":[{"embeddable":true,"href":"https:\/\/nordicmart.andreevmaster.com\/sv\/wp-json\/wp\/v2\/comments?post=11332"}],"wp:featuredmedia":[{"embeddable":true,"href":"https:\/\/nordicmart.andreevmaster.com\/sv\/wp-json\/wp\/v2\/media\/39733"}],"wp:attachment":[{"href":"https:\/\/nordicmart.andreevmaster.com\/sv\/wp-json\/wp\/v2\/media?parent=11332"}],"wp:term":[{"taxonomy":"product_brand","embeddable":true,"href":"https:\/\/nordicmart.andreevmaster.com\/sv\/wp-json\/wp\/v2\/product_brand?post=11332"},{"taxonomy":"product_cat","embeddable":true,"href":"https:\/\/nordicmart.andreevmaster.com\/sv\/wp-json\/wp\/v2\/product_cat?post=11332"},{"taxonomy":"product_tag","embeddable":true,"href":"https:\/\/nordicmart.andreevmaster.com\/sv\/wp-json\/wp\/v2\/product_tag?post=11332"}],"curies":[{"name":"wp","href":"https:\/\/api.w.org\/{rel}","templated":true}]}}