{"id":11331,"date":"2026-02-27T00:10:08","date_gmt":"2026-02-27T00:10:08","guid":{"rendered":"https:\/\/nordicmart.andreevmaster.com\/product\/songmics-hangmatta-for-flera-personer-naturvit\/"},"modified":"2026-02-27T08:05:13","modified_gmt":"2026-02-27T08:05:13","slug":"songmics-hangmatta-for-flera-personer-naturvit","status":"publish","type":"product","link":"https:\/\/nordicmart.andreevmaster.com\/sv\/produkt\/songmics-hangmatta-for-flera-personer-naturvit\/","title":{"rendered":"SONGMICS h\u00e4ngmatta f\u00f6r flera personer, naturvit"},"content":{"rendered":"<p>F\u00f6r en avkopplande stund \u2013 SONGMICS h\u00e4ngmatta \u00e4r idealisk f\u00f6r att koppla av och l\u00e5ta sj\u00e4len vila. \u2013 Under den avkopplande och lugnande gungningen f\u00e5r du fysiskt och psykiskt v\u00e4lbefinnande. \u2013 Fr\u00e4sch\u00f6r och en enorm tygyta g\u00f6r v\u00e5r h\u00e4ngmatta till en oas av lugn f\u00f6r dig. Oavsett om det \u00e4r i tr\u00e4dg\u00e5rden, p\u00e5 balkongen eller p\u00e5 campingen, lovar den stora tygytan extraordin\u00e4r komfort. V\u00e5r h\u00e4ngmatta \u00e4r ultral\u00e4tt, slitstark och stabil. Mattorna kan anv\u00e4ndas som soffa, gunga och till och med som vagga f\u00f6r barnen. I mycket varmt klimat finns det inget sk\u00f6nare \u00e4n att vila i en h\u00e4ngmatta. Vid behov kan du sp\u00e4nna fast den i ett h\u00e4ngmattsstativ eller helt enkelt f\u00e4sta den mellan tv\u00e5 tr\u00e4d. N\u00e4r den inte anv\u00e4nds kan den snabbt rullas ihop igen. Den l\u00e5ga vikten och de kompakta m\u00e5tten g\u00f6r h\u00e4ngmattan till en idealisk f\u00f6ljeslagare. Obs! N\u00e4r du viker ut h\u00e4ngmattan, var noga med att f\u00f6lja vikningsstegen s\u00e5 att du kan vika mattan korrekt igen och l\u00e4gga den i p\u00e5sen. 2. H\u00e5ll uppsikt \u00f6ver barnen n\u00e4r de leker i h\u00e4ngmattan. 3. H\u00e4ngmattans f\u00e4rg kan skilja sig n\u00e5got fr\u00e5n den p\u00e5 produktbilden \u2013 detta beror p\u00e5 ljusinsl\u00e4pp och sk\u00e4rmens f\u00e4rg\u00e5tergivning.Produktdetaljer: &#8211; Material: bomull + polyester, 320 g\/m\u00b2 &#8211; F\u00e4rg: bl\u00e5 (GDC15L); beige (GDC15M) &#8211; Liggyta: 210 x 150 cm &#8211; Total l\u00e4ngd: 300 cm &#8211; Max. belastbarhet: 300 kg<\/p>\n","protected":false},"excerpt":{"rendered":"<p>SONGMICS h\u00e4ngmatta f\u00f6r flera personer 210 x 150 cm, T\u00dcV Rheinland, belastningskapacitet upp till 300 kg, f\u00f6r utomhuscamping, vandring, tr\u00e4dg\u00e5rd, gr\u00f6na och bl\u00e5 r\u00e4nder GDC15L<\/p>\n","protected":false},"featured_media":39732,"comment_status":"open","ping_status":"closed","template":"","meta":[],"product_brand":[],"product_cat":[33],"product_tag":[],"class_list":{"0":"post-11331","1":"product","2":"type-product","3":"status-publish","4":"has-post-thumbnail","6":"product_cat-okategoriserad","8":"first","9":"instock","10":"shipping-taxable","11":"purchasable","12":"product-type-simple"},"_links":{"self":[{"href":"https:\/\/nordicmart.andreevmaster.com\/sv\/wp-json\/wp\/v2\/product\/11331","targetHints":{"allow":["GET"]}}],"collection":[{"href":"https:\/\/nordicmart.andreevmaster.com\/sv\/wp-json\/wp\/v2\/product"}],"about":[{"href":"https:\/\/nordicmart.andreevmaster.com\/sv\/wp-json\/wp\/v2\/types\/product"}],"replies":[{"embeddable":true,"href":"https:\/\/nordicmart.andreevmaster.com\/sv\/wp-json\/wp\/v2\/comments?post=11331"}],"wp:featuredmedia":[{"embeddable":true,"href":"https:\/\/nordicmart.andreevmaster.com\/sv\/wp-json\/wp\/v2\/media\/39732"}],"wp:attachment":[{"href":"https:\/\/nordicmart.andreevmaster.com\/sv\/wp-json\/wp\/v2\/media?parent=11331"}],"wp:term":[{"taxonomy":"product_brand","embeddable":true,"href":"https:\/\/nordicmart.andreevmaster.com\/sv\/wp-json\/wp\/v2\/product_brand?post=11331"},{"taxonomy":"product_cat","embeddable":true,"href":"https:\/\/nordicmart.andreevmaster.com\/sv\/wp-json\/wp\/v2\/product_cat?post=11331"},{"taxonomy":"product_tag","embeddable":true,"href":"https:\/\/nordicmart.andreevmaster.com\/sv\/wp-json\/wp\/v2\/product_tag?post=11331"}],"curies":[{"name":"wp","href":"https:\/\/api.w.org\/{rel}","templated":true}]}}