{"id":11330,"date":"2026-02-27T00:10:08","date_gmt":"2026-02-27T00:10:08","guid":{"rendered":"https:\/\/nordicmart.andreevmaster.com\/product\/songmics-hangmatta-for-flera-personer-blagron\/"},"modified":"2026-02-27T08:05:12","modified_gmt":"2026-02-27T08:05:12","slug":"songmics-hangmatta-for-flera-personer-blagron","status":"publish","type":"product","link":"https:\/\/nordicmart.andreevmaster.com\/sv\/produkt\/songmics-hangmatta-for-flera-personer-blagron\/","title":{"rendered":"SONGMICS h\u00e4ngmatta f\u00f6r flera personer Bl\u00e5gr\u00f6n"},"content":{"rendered":"<p>Denna fantastiska h\u00e4ngmatta fr\u00e5n Songmics \u00e4r perfekt f\u00f6r att koppla av i solen eller bara umg\u00e5s med v\u00e4nner eller familj. Den avslappnande gungningen fr\u00e4mjar inre ro och fysiskt och psykiskt v\u00e4lbefinnande.Det \u00e4r en h\u00e4ngmatta i ljusa f\u00e4rger, elegant, s\u00e4ker och bekv\u00e4m. F\u00f6r att h\u00e4nga upp h\u00e4ngmattan, vare sig det \u00e4r inomhus eller utomhus, beh\u00f6ver du bara en h\u00e4ngmatta-stativ eller en plats mellan tv\u00e5 tr\u00e4d eller tv\u00e5 fasta stolpar. H\u00e4ngmattan \u00e4r stor och har plats f\u00f6r en eller tv\u00e5 personer. L\u00e4ttviktig och utrustad med en b\u00e4rv\u00e4ska. Njut av v\u00e4dret under bar himmel med Songmics. Anm\u00e4rkningar: &#8211; F\u00f6lj anvisningarna f\u00f6r att \u00f6ppna och str\u00e4cka ut h\u00e4ngmattan s\u00e5 att du kan vika ihop den ordentligt efter anv\u00e4ndning och f\u00f6rvara den i v\u00e4skan. &#8211; Barn b\u00f6r endast anv\u00e4nda h\u00e4ngmattan under uppsikt av en vuxen. Den avbildade f\u00e4rgen kan skilja sig n\u00e5got fr\u00e5n produkten p\u00e5 grund av ljusf\u00f6rh\u00e5llanden och sk\u00e4rminst\u00e4llningar. &#8211; Eftersom bomullstyget \u00e4r flexibelt kan h\u00e4ngmattan str\u00e4ckas ut n\u00e5got under anv\u00e4ndning. H\u00e4ngmattans l\u00e4gsta punkt b\u00f6r vara cirka 20\u201340 cm fr\u00e5n marken. &#8211; F\u00e4stmaterial ing\u00e5r inte, men kan k\u00f6pas separat i v\u00e5r butik. Egenskaper: &#8211; Material: 70 % bomull, 30 % polyester, 300 g\/m\u00b2. &#8211; Mattans storlek: ca 210 x 150 cm (l\u00e4ngd x bredd). &#8211; Total l\u00e4ngd: 300 cm. &#8211; Maximal belastning: 300 kg. Leveransomfattning: &#8211; 1 x h\u00e4ngmatta. &#8211; 1 x transportv\u00e4ska.<\/p>\n","protected":false},"excerpt":{"rendered":"<p>SONGMICS h\u00e4ngmatta f\u00f6r flera personer 210 x 150 cm, T\u00dcV Rheinland, belastningskapacitet upp till 300 kg, f\u00f6r utomhuscamping, vandring, tr\u00e4dg\u00e5rd, gr\u00f6na och bl\u00e5 r\u00e4nder GDC15L<\/p>\n","protected":false},"featured_media":39731,"comment_status":"open","ping_status":"closed","template":"","meta":[],"product_brand":[],"product_cat":[33],"product_tag":[],"class_list":{"0":"post-11330","1":"product","2":"type-product","3":"status-publish","4":"has-post-thumbnail","6":"product_cat-okategoriserad","8":"first","9":"instock","10":"shipping-taxable","11":"purchasable","12":"product-type-simple"},"_links":{"self":[{"href":"https:\/\/nordicmart.andreevmaster.com\/sv\/wp-json\/wp\/v2\/product\/11330","targetHints":{"allow":["GET"]}}],"collection":[{"href":"https:\/\/nordicmart.andreevmaster.com\/sv\/wp-json\/wp\/v2\/product"}],"about":[{"href":"https:\/\/nordicmart.andreevmaster.com\/sv\/wp-json\/wp\/v2\/types\/product"}],"replies":[{"embeddable":true,"href":"https:\/\/nordicmart.andreevmaster.com\/sv\/wp-json\/wp\/v2\/comments?post=11330"}],"wp:featuredmedia":[{"embeddable":true,"href":"https:\/\/nordicmart.andreevmaster.com\/sv\/wp-json\/wp\/v2\/media\/39731"}],"wp:attachment":[{"href":"https:\/\/nordicmart.andreevmaster.com\/sv\/wp-json\/wp\/v2\/media?parent=11330"}],"wp:term":[{"taxonomy":"product_brand","embeddable":true,"href":"https:\/\/nordicmart.andreevmaster.com\/sv\/wp-json\/wp\/v2\/product_brand?post=11330"},{"taxonomy":"product_cat","embeddable":true,"href":"https:\/\/nordicmart.andreevmaster.com\/sv\/wp-json\/wp\/v2\/product_cat?post=11330"},{"taxonomy":"product_tag","embeddable":true,"href":"https:\/\/nordicmart.andreevmaster.com\/sv\/wp-json\/wp\/v2\/product_tag?post=11330"}],"curies":[{"name":"wp","href":"https:\/\/api.w.org\/{rel}","templated":true}]}}