{"id":11329,"date":"2026-02-27T00:10:08","date_gmt":"2026-02-27T00:10:08","guid":{"rendered":"https:\/\/nordicmart.andreevmaster.com\/product\/songmics-hangmatta-med-en-belastningskapacitet-pa-upp-till-300-kg\/"},"modified":"2026-02-27T08:05:12","modified_gmt":"2026-02-27T08:05:12","slug":"songmics-hangmatta-med-en-belastningskapacitet-pa-upp-till-300-kg","status":"publish","type":"product","link":"https:\/\/nordicmart.andreevmaster.com\/sv\/produkt\/songmics-hangmatta-med-en-belastningskapacitet-pa-upp-till-300-kg\/","title":{"rendered":"SONGMICS h\u00e4ngmatta med en belastningskapacitet p\u00e5 upp till 300 kg"},"content":{"rendered":"<p>Produktdetaljer: F\u00e4rg: Gr\u00e5 Material: 70 % bomull, 30 % polyester Storlek: 210 x 150 cm (L x B) Storlek ihopvikt: 28,5 x 17 cm (H x \u00d8) Vikt: 2,34 kg Max. statisk belastningskapacitet: 300 kg Leveransomfattning: 1 x h\u00e4ngmatta 2 x f\u00e4strem 1 x bruksanvisning (DE, EN, FR, IT, ES) SONGMICS Anm\u00e4rkningar:Det kan h\u00e4nda att produktens faktiska f\u00e4rg avviker n\u00e5got fr\u00e5n f\u00e4rgen p\u00e5 v\u00e5ra bilder. Detta beror p\u00e5 hur olika bildsk\u00e4rmar visar f\u00e4rger. Produktens m\u00e5tt har m\u00e4tts manuellt. Detta kan leda till avvikelser p\u00e5 upp till 5 cm. Produkten har en maximal belastningskapacitet p\u00e5 300 kg. \u00d6verskrid inte denna maximala vikt.F\u00f6rvara h\u00e4ngmattan p\u00e5 en v\u00e4l skyddad plats n\u00e4r den inte anv\u00e4nds under en l\u00e4ngre tid, s\u00e5 att den inte uts\u00e4tts f\u00f6r regn eller starkt solljus. Se till att det inte finns n\u00e5gra vassa eller spetsiga f\u00f6rem\u00e5l bredvid eller under h\u00e4ngmattan innan du anv\u00e4nder den. Kontrollera alltid f\u00e4stremmarna och h\u00e4ngmattan innan du anv\u00e4nder den.<\/p>\n","protected":false},"excerpt":{"rendered":"<p>SONGMICS h\u00e4ngmatta f\u00f6r flera personer 210 x 150 cm, T\u00dcV Rheinland, belastningskapacitet upp till 300 kg, f\u00f6r utomhuscamping, vandring, tr\u00e4dg\u00e5rd, gr\u00f6na och bl\u00e5 r\u00e4nder GDC15L<\/p>\n","protected":false},"featured_media":39730,"comment_status":"open","ping_status":"closed","template":"","meta":[],"product_brand":[],"product_cat":[33],"product_tag":[],"class_list":{"0":"post-11329","1":"product","2":"type-product","3":"status-publish","4":"has-post-thumbnail","6":"product_cat-okategoriserad","8":"first","9":"instock","10":"shipping-taxable","11":"purchasable","12":"product-type-simple"},"_links":{"self":[{"href":"https:\/\/nordicmart.andreevmaster.com\/sv\/wp-json\/wp\/v2\/product\/11329","targetHints":{"allow":["GET"]}}],"collection":[{"href":"https:\/\/nordicmart.andreevmaster.com\/sv\/wp-json\/wp\/v2\/product"}],"about":[{"href":"https:\/\/nordicmart.andreevmaster.com\/sv\/wp-json\/wp\/v2\/types\/product"}],"replies":[{"embeddable":true,"href":"https:\/\/nordicmart.andreevmaster.com\/sv\/wp-json\/wp\/v2\/comments?post=11329"}],"wp:featuredmedia":[{"embeddable":true,"href":"https:\/\/nordicmart.andreevmaster.com\/sv\/wp-json\/wp\/v2\/media\/39730"}],"wp:attachment":[{"href":"https:\/\/nordicmart.andreevmaster.com\/sv\/wp-json\/wp\/v2\/media?parent=11329"}],"wp:term":[{"taxonomy":"product_brand","embeddable":true,"href":"https:\/\/nordicmart.andreevmaster.com\/sv\/wp-json\/wp\/v2\/product_brand?post=11329"},{"taxonomy":"product_cat","embeddable":true,"href":"https:\/\/nordicmart.andreevmaster.com\/sv\/wp-json\/wp\/v2\/product_cat?post=11329"},{"taxonomy":"product_tag","embeddable":true,"href":"https:\/\/nordicmart.andreevmaster.com\/sv\/wp-json\/wp\/v2\/product_tag?post=11329"}],"curies":[{"name":"wp","href":"https:\/\/api.w.org\/{rel}","templated":true}]}}