{"id":11328,"date":"2026-02-27T00:10:08","date_gmt":"2026-02-27T00:10:08","guid":{"rendered":"https:\/\/nordicmart.andreevmaster.com\/product\/songmics-hangmatta-rainbow-210-x-150-cm\/"},"modified":"2026-02-27T08:05:12","modified_gmt":"2026-02-27T08:05:12","slug":"songmics-hangmatta-rainbow-210-x-150-cm","status":"publish","type":"product","link":"https:\/\/nordicmart.andreevmaster.com\/sv\/produkt\/songmics-hangmatta-rainbow-210-x-150-cm\/","title":{"rendered":"SONGMICS h\u00e4ngmatta Rainbow 210 x 150 cm"},"content":{"rendered":"<p>Fr\u00e4scha, glada f\u00e4rger och en enorm tygyta g\u00f6r Songmics h\u00e4ngmatta till en oas av lugn f\u00f6r dig. N\u00e4r v\u00e4dret \u00e4r vackert finns det inget sk\u00f6nare \u00e4n att vila i en h\u00e4ngmatta. Under den avslappnande och lugnande gungningen upplever du fysiskt och psykiskt v\u00e4lbefinnande. Songmics h\u00e4ngmatta \u00e4r slitstark och stabil och kan anv\u00e4ndas som soffa, gunga och till och med som vagga f\u00f6r barnen. Vid behov kan du sp\u00e4nna fast den i ett h\u00e4ngmattest\u00e4ll eller helt enkelt f\u00e4sta den mellan tv\u00e5 tr\u00e4d. N\u00e4r den inte anv\u00e4nds kan den snabbt rullas ihop igen. Den l\u00e5ga vikten och de kompakta m\u00e5tten g\u00f6r h\u00e4ngmattan till en idealisk f\u00f6ljeslagare. Produktdetaljer:- Material: 70 % bomull + 30 % polyester, 320 g\/m\u00b2 &#8211; M\u00e5tt p\u00e5 liggyta: 210 x 150 cm &#8211; Total l\u00e4ngd: 300 cm &#8211; Max. belastningskapacitet: 300 kg Leveransomfattning: &#8211; 1 x h\u00e4ngmatta &#8211; 1 x transportv\u00e4ska<\/p>\n","protected":false},"excerpt":{"rendered":"<p>SONGMICS h\u00e4ngmatta f\u00f6r flera personer 210 x 150 cm, T\u00dcV Rheinland, belastningskapacitet upp till 300 kg, f\u00f6r utomhuscamping, vandring, tr\u00e4dg\u00e5rd, gr\u00f6na och bl\u00e5 r\u00e4nder GDC15L<\/p>\n","protected":false},"featured_media":39729,"comment_status":"open","ping_status":"closed","template":"","meta":[],"product_brand":[],"product_cat":[33],"product_tag":[],"class_list":{"0":"post-11328","1":"product","2":"type-product","3":"status-publish","4":"has-post-thumbnail","6":"product_cat-okategoriserad","8":"first","9":"instock","10":"shipping-taxable","11":"purchasable","12":"product-type-simple"},"_links":{"self":[{"href":"https:\/\/nordicmart.andreevmaster.com\/sv\/wp-json\/wp\/v2\/product\/11328","targetHints":{"allow":["GET"]}}],"collection":[{"href":"https:\/\/nordicmart.andreevmaster.com\/sv\/wp-json\/wp\/v2\/product"}],"about":[{"href":"https:\/\/nordicmart.andreevmaster.com\/sv\/wp-json\/wp\/v2\/types\/product"}],"replies":[{"embeddable":true,"href":"https:\/\/nordicmart.andreevmaster.com\/sv\/wp-json\/wp\/v2\/comments?post=11328"}],"wp:featuredmedia":[{"embeddable":true,"href":"https:\/\/nordicmart.andreevmaster.com\/sv\/wp-json\/wp\/v2\/media\/39729"}],"wp:attachment":[{"href":"https:\/\/nordicmart.andreevmaster.com\/sv\/wp-json\/wp\/v2\/media?parent=11328"}],"wp:term":[{"taxonomy":"product_brand","embeddable":true,"href":"https:\/\/nordicmart.andreevmaster.com\/sv\/wp-json\/wp\/v2\/product_brand?post=11328"},{"taxonomy":"product_cat","embeddable":true,"href":"https:\/\/nordicmart.andreevmaster.com\/sv\/wp-json\/wp\/v2\/product_cat?post=11328"},{"taxonomy":"product_tag","embeddable":true,"href":"https:\/\/nordicmart.andreevmaster.com\/sv\/wp-json\/wp\/v2\/product_tag?post=11328"}],"curies":[{"name":"wp","href":"https:\/\/api.w.org\/{rel}","templated":true}]}}