{"id":11325,"date":"2026-02-27T00:10:07","date_gmt":"2026-02-27T00:10:07","guid":{"rendered":"https:\/\/nordicmart.andreevmaster.com\/product\/songmics-hangmatta-gra-rod\/"},"modified":"2026-02-27T08:05:12","modified_gmt":"2026-02-27T08:05:12","slug":"songmics-hangmatta-gra-rod","status":"publish","type":"product","link":"https:\/\/nordicmart.andreevmaster.com\/sv\/produkt\/songmics-hangmatta-gra-rod\/","title":{"rendered":"SONGMICS h\u00e4ngmatta gr\u00e5 r\u00f6d"},"content":{"rendered":"<p>Produktdetaljer: &#8211; F\u00e4rg: Gr\u00e5-m\u00f6rkr\u00f6d &#8211; Material: 210T ripstop-nylon &#8211; Storlek: 275 x 140 cm (L x B) &#8211; Storlek ihopvikt: 20 x 12 cm (H x \u00d8) &#8211; Vikt: 850 g &#8211; Max. statisk belastningskapacitet: 300 kg &nbsp; Leveransomfattning: &#8211; 1 x h\u00e4ngmatta &#8211; 2 x f\u00e4stremmar med flera \u00f6glor &#8211; 1 x bruksanvisning (DE, EN, FR, IT, ES) &nbsp; SONGMICS Anm\u00e4rkningar:- Den faktiska f\u00e4rgen p\u00e5 produkten kan avvika n\u00e5got fr\u00e5n f\u00e4rgen p\u00e5 v\u00e5ra bilder. Detta beror p\u00e5 hur olika bildsk\u00e4rmar visar f\u00e4rger.- Produktens m\u00e5tt har m\u00e4tts manuellt. Detta kan leda till avvikelser p\u00e5 upp till 5 cm. &#8211; Produkten har en maximal belastning p\u00e5 300 kg. \u00d6verskrid inte denna maximala vikt.- F\u00f6rvara h\u00e4ngmattan p\u00e5 en v\u00e4l skyddad plats n\u00e4r den inte anv\u00e4nds under en l\u00e4ngre tid, s\u00e5 att den inte uts\u00e4tts f\u00f6r regn eller starkt solljus. &#8211; Se till att det inte finns n\u00e5gra vassa eller spetsiga f\u00f6rem\u00e5l bredvid eller under h\u00e4ngmattan innan du anv\u00e4nder den. &#8211; Kontrollera alltid f\u00e4stremmarna och h\u00e4ngmattan innan du anv\u00e4nder den.<\/p>\n","protected":false},"excerpt":{"rendered":"<p>SONGMICS h\u00e4ngmatta i nylon, ultral\u00e4tt, testad av T\u00dcV Rheinland, 275 x 140 cm, med tunglastrem och karbinhake GDC14AO<\/p>\n","protected":false},"featured_media":39726,"comment_status":"open","ping_status":"closed","template":"","meta":[],"product_brand":[],"product_cat":[33],"product_tag":[],"class_list":{"0":"post-11325","1":"product","2":"type-product","3":"status-publish","4":"has-post-thumbnail","6":"product_cat-okategoriserad","8":"first","9":"instock","10":"shipping-taxable","11":"purchasable","12":"product-type-simple"},"_links":{"self":[{"href":"https:\/\/nordicmart.andreevmaster.com\/sv\/wp-json\/wp\/v2\/product\/11325","targetHints":{"allow":["GET"]}}],"collection":[{"href":"https:\/\/nordicmart.andreevmaster.com\/sv\/wp-json\/wp\/v2\/product"}],"about":[{"href":"https:\/\/nordicmart.andreevmaster.com\/sv\/wp-json\/wp\/v2\/types\/product"}],"replies":[{"embeddable":true,"href":"https:\/\/nordicmart.andreevmaster.com\/sv\/wp-json\/wp\/v2\/comments?post=11325"}],"wp:featuredmedia":[{"embeddable":true,"href":"https:\/\/nordicmart.andreevmaster.com\/sv\/wp-json\/wp\/v2\/media\/39726"}],"wp:attachment":[{"href":"https:\/\/nordicmart.andreevmaster.com\/sv\/wp-json\/wp\/v2\/media?parent=11325"}],"wp:term":[{"taxonomy":"product_brand","embeddable":true,"href":"https:\/\/nordicmart.andreevmaster.com\/sv\/wp-json\/wp\/v2\/product_brand?post=11325"},{"taxonomy":"product_cat","embeddable":true,"href":"https:\/\/nordicmart.andreevmaster.com\/sv\/wp-json\/wp\/v2\/product_cat?post=11325"},{"taxonomy":"product_tag","embeddable":true,"href":"https:\/\/nordicmart.andreevmaster.com\/sv\/wp-json\/wp\/v2\/product_tag?post=11325"}],"curies":[{"name":"wp","href":"https:\/\/api.w.org\/{rel}","templated":true}]}}