{"id":11322,"date":"2026-02-27T00:10:07","date_gmt":"2026-02-27T00:10:07","guid":{"rendered":"https:\/\/nordicmart.andreevmaster.com\/product\/songmics-hangstol-med-tjockt-kudde-beige\/"},"modified":"2026-02-27T08:05:11","modified_gmt":"2026-02-27T08:05:11","slug":"songmics-hangstol-med-tjockt-kudde-beige","status":"publish","type":"product","link":"https:\/\/nordicmart.andreevmaster.com\/sv\/produkt\/songmics-hangstol-med-tjockt-kudde-beige\/","title":{"rendered":"SONGMICS h\u00e4ngstol med tjockt kudde Beige"},"content":{"rendered":"<p>Produktdetaljer: F\u00e4rg: Beige Material: Bomull, metall H\u00f6jd upph\u00e4ngd: 133 cm Diameter sittyta: 60 cm Diameter yttre ring: 80 cm Vikt: 5 kg Max. statisk belastningskapacitet: 120 kg Leveransomfattning: 1 x h\u00e4ngstol 1 x kudde SONGMICS Anm\u00e4rkningar:Den maximala statiska belastningskapaciteten f\u00f6r denna produkt \u00e4r 120 kg. \u00d6verskrid inte denna maximala vikt. Uts\u00e4tt inte produkten f\u00f6r solljus eller regn under l\u00e4ngre tid. Kontrollera alltid h\u00e4ngstolens stabilitet innan du anv\u00e4nder den. Barn f\u00e5r endast anv\u00e4nda denna produkt under uppsikt av vuxna.<\/p>\n","protected":false},"excerpt":{"rendered":"<p>SONGMICS L\u00e5t dig sjunka ner i kudden p\u00e5 denna h\u00e4ngstol en lat eftermiddag och upplev underbara stunder n\u00e4r du solar dig i solen och lyssnar p\u00e5 f\u00e5glarnas s\u00e5ng.<\/p>\n","protected":false},"featured_media":39723,"comment_status":"open","ping_status":"closed","template":"","meta":[],"product_brand":[],"product_cat":[33],"product_tag":[],"class_list":{"0":"post-11322","1":"product","2":"type-product","3":"status-publish","4":"has-post-thumbnail","6":"product_cat-okategoriserad","8":"first","9":"instock","10":"shipping-taxable","11":"purchasable","12":"product-type-simple"},"_links":{"self":[{"href":"https:\/\/nordicmart.andreevmaster.com\/sv\/wp-json\/wp\/v2\/product\/11322","targetHints":{"allow":["GET"]}}],"collection":[{"href":"https:\/\/nordicmart.andreevmaster.com\/sv\/wp-json\/wp\/v2\/product"}],"about":[{"href":"https:\/\/nordicmart.andreevmaster.com\/sv\/wp-json\/wp\/v2\/types\/product"}],"replies":[{"embeddable":true,"href":"https:\/\/nordicmart.andreevmaster.com\/sv\/wp-json\/wp\/v2\/comments?post=11322"}],"wp:featuredmedia":[{"embeddable":true,"href":"https:\/\/nordicmart.andreevmaster.com\/sv\/wp-json\/wp\/v2\/media\/39723"}],"wp:attachment":[{"href":"https:\/\/nordicmart.andreevmaster.com\/sv\/wp-json\/wp\/v2\/media?parent=11322"}],"wp:term":[{"taxonomy":"product_brand","embeddable":true,"href":"https:\/\/nordicmart.andreevmaster.com\/sv\/wp-json\/wp\/v2\/product_brand?post=11322"},{"taxonomy":"product_cat","embeddable":true,"href":"https:\/\/nordicmart.andreevmaster.com\/sv\/wp-json\/wp\/v2\/product_cat?post=11322"},{"taxonomy":"product_tag","embeddable":true,"href":"https:\/\/nordicmart.andreevmaster.com\/sv\/wp-json\/wp\/v2\/product_tag?post=11322"}],"curies":[{"name":"wp","href":"https:\/\/api.w.org\/{rel}","templated":true}]}}