{"id":11321,"date":"2026-02-27T00:10:06","date_gmt":"2026-02-27T00:10:06","guid":{"rendered":"https:\/\/nordicmart.andreevmaster.com\/product\/songmics-hangstol-med-tjockt-kudde-i-duvgratt\/"},"modified":"2026-02-27T08:05:11","modified_gmt":"2026-02-27T08:05:11","slug":"songmics-hangstol-med-tjockt-kudde-i-duvgratt","status":"publish","type":"product","link":"https:\/\/nordicmart.andreevmaster.com\/sv\/produkt\/songmics-hangstol-med-tjockt-kudde-i-duvgratt\/","title":{"rendered":"SONGMICS h\u00e4ngstol med tjockt kudde i duvgr\u00e5tt"},"content":{"rendered":"<p>SONGMICS L\u00e5t dig sjunka ner i kudden p\u00e5 denna h\u00e4ngstol en lat eftermiddag och upplev underbara stunder n\u00e4r du solar dig i solen och lyssnar p\u00e5 f\u00e5glarnas s\u00e5ng.<br \/>\nF\u00e4rg: Duvgr\u00e5<br \/>\nMaterial: st\u00e5l, polyester, bomull<br \/>\nH\u00f6jd upph\u00e4ngd (utan tofsar): 113 cm<br \/>\nSitsens diameter: 57 cm<br \/>\nDiameter ytterring: 76 cm<br \/>\nVikt: 4,8 kg<br \/>\nMax. statisk belastningskapacitet: 120 kg<\/p>\n","protected":false},"excerpt":{"rendered":"<p>SONGMICS L\u00e5t dig sjunka ner i kudden p\u00e5 denna h\u00e4ngstol en lat eftermiddag och upplev underbara stunder n\u00e4r du solar dig i solen och lyssnar p\u00e5 f\u00e5glarnas s\u00e5ng.<\/p>\n","protected":false},"featured_media":39722,"comment_status":"open","ping_status":"closed","template":"","meta":[],"product_brand":[],"product_cat":[33],"product_tag":[],"class_list":{"0":"post-11321","1":"product","2":"type-product","3":"status-publish","4":"has-post-thumbnail","6":"product_cat-okategoriserad","8":"first","9":"instock","10":"shipping-taxable","11":"purchasable","12":"product-type-simple"},"_links":{"self":[{"href":"https:\/\/nordicmart.andreevmaster.com\/sv\/wp-json\/wp\/v2\/product\/11321","targetHints":{"allow":["GET"]}}],"collection":[{"href":"https:\/\/nordicmart.andreevmaster.com\/sv\/wp-json\/wp\/v2\/product"}],"about":[{"href":"https:\/\/nordicmart.andreevmaster.com\/sv\/wp-json\/wp\/v2\/types\/product"}],"replies":[{"embeddable":true,"href":"https:\/\/nordicmart.andreevmaster.com\/sv\/wp-json\/wp\/v2\/comments?post=11321"}],"wp:featuredmedia":[{"embeddable":true,"href":"https:\/\/nordicmart.andreevmaster.com\/sv\/wp-json\/wp\/v2\/media\/39722"}],"wp:attachment":[{"href":"https:\/\/nordicmart.andreevmaster.com\/sv\/wp-json\/wp\/v2\/media?parent=11321"}],"wp:term":[{"taxonomy":"product_brand","embeddable":true,"href":"https:\/\/nordicmart.andreevmaster.com\/sv\/wp-json\/wp\/v2\/product_brand?post=11321"},{"taxonomy":"product_cat","embeddable":true,"href":"https:\/\/nordicmart.andreevmaster.com\/sv\/wp-json\/wp\/v2\/product_cat?post=11321"},{"taxonomy":"product_tag","embeddable":true,"href":"https:\/\/nordicmart.andreevmaster.com\/sv\/wp-json\/wp\/v2\/product_tag?post=11321"}],"curies":[{"name":"wp","href":"https:\/\/api.w.org\/{rel}","templated":true}]}}