{"id":11320,"date":"2026-02-27T00:10:06","date_gmt":"2026-02-27T00:10:06","guid":{"rendered":"https:\/\/nordicmart.andreevmaster.com\/product\/songmics-hangstol-med-kudde\/"},"modified":"2026-02-27T08:05:11","modified_gmt":"2026-02-27T08:05:11","slug":"songmics-hangstol-med-kudde","status":"publish","type":"product","link":"https:\/\/nordicmart.andreevmaster.com\/sv\/produkt\/songmics-hangstol-med-kudde\/","title":{"rendered":"SONGMICS h\u00e4ngstol med kudde"},"content":{"rendered":"<p>Uppt\u00e4ck din inre seng\u00e5ngare: Solen g\u00e5r ner, f\u00e5glarna kvittrar i din tr\u00e4dg\u00e5rd, du sitter i denna bekv\u00e4ma h\u00e4ngstol, myser i det tjocka sittkudden och \u00e4r helt lugn och avslappnad. Vilken underbar kv\u00e4ll! Ett m\u00e5ste f\u00f6r fans av Scandi Boho: Gillar du den konstn\u00e4rliga friheten i den bohemiska inredningsstilen, men tycker att f\u00f6r m\u00e5nga starka f\u00e4rger och i\u00f6gonfallande m\u00f6nster inte riktigt motsvarar din idealbild? Kombinera d\u00e5 den trendiga boho-stilen med element fr\u00e5n den lugna skandinaviska stilen.Ett element har du f\u00f6rresten redan hittat: denna h\u00e4ngande stol med tofsar fr\u00e5n SONGMICS, som passar perfekt till din nyuppt\u00e4ckta stilblandning. Produktdetaljer:- F\u00e4rg: Beige &#8211; Material: Bomull, metall &#8211; H\u00f6jd upph\u00e4ngd: 133 cm &#8211; Diameter sittyta: 60 cm &#8211; Diameter yttre ring: 80 cm &#8211; Vikt: 5 kg &#8211; Max. statisk belastningskapacitet: 120 kg Leveransomfattning: &#8211; 1 x h\u00e4ngstol &#8211; 1 x kudde SONGMICS Anm\u00e4rkningar:- Den maximala statiska belastningskapaciteten f\u00f6r denna produkt \u00e4r 120 kg. \u00d6verskrid inte denna maximala vikt. &#8211; Uts\u00e4tt inte produkten f\u00f6r solljus eller regn under l\u00e4ngre tid. &#8211; Kontrollera alltid h\u00e4ngstolens stabilitet innan du anv\u00e4nder den. &#8211; Barn f\u00e5r endast anv\u00e4nda denna produkt under uppsikt av vuxna.<\/p>\n","protected":false},"excerpt":{"rendered":"<p>SONGMICS L\u00e5t dig sjunka ner i kudden p\u00e5 denna h\u00e4ngstol en lat eftermiddag och upplev underbara stunder n\u00e4r du solar dig i solen och lyssnar p\u00e5 f\u00e5glarnas s\u00e5ng.<\/p>\n","protected":false},"featured_media":39721,"comment_status":"open","ping_status":"closed","template":"","meta":[],"product_brand":[],"product_cat":[33],"product_tag":[],"class_list":{"0":"post-11320","1":"product","2":"type-product","3":"status-publish","4":"has-post-thumbnail","6":"product_cat-okategoriserad","8":"first","9":"instock","10":"shipping-taxable","11":"purchasable","12":"product-type-simple"},"_links":{"self":[{"href":"https:\/\/nordicmart.andreevmaster.com\/sv\/wp-json\/wp\/v2\/product\/11320","targetHints":{"allow":["GET"]}}],"collection":[{"href":"https:\/\/nordicmart.andreevmaster.com\/sv\/wp-json\/wp\/v2\/product"}],"about":[{"href":"https:\/\/nordicmart.andreevmaster.com\/sv\/wp-json\/wp\/v2\/types\/product"}],"replies":[{"embeddable":true,"href":"https:\/\/nordicmart.andreevmaster.com\/sv\/wp-json\/wp\/v2\/comments?post=11320"}],"wp:featuredmedia":[{"embeddable":true,"href":"https:\/\/nordicmart.andreevmaster.com\/sv\/wp-json\/wp\/v2\/media\/39721"}],"wp:attachment":[{"href":"https:\/\/nordicmart.andreevmaster.com\/sv\/wp-json\/wp\/v2\/media?parent=11320"}],"wp:term":[{"taxonomy":"product_brand","embeddable":true,"href":"https:\/\/nordicmart.andreevmaster.com\/sv\/wp-json\/wp\/v2\/product_brand?post=11320"},{"taxonomy":"product_cat","embeddable":true,"href":"https:\/\/nordicmart.andreevmaster.com\/sv\/wp-json\/wp\/v2\/product_cat?post=11320"},{"taxonomy":"product_tag","embeddable":true,"href":"https:\/\/nordicmart.andreevmaster.com\/sv\/wp-json\/wp\/v2\/product_tag?post=11320"}],"curies":[{"name":"wp","href":"https:\/\/api.w.org\/{rel}","templated":true}]}}