{"id":11317,"date":"2026-02-27T00:10:05","date_gmt":"2026-02-27T00:10:05","guid":{"rendered":"https:\/\/nordicmart.andreevmaster.com\/product\/songmics-hangmatta-gra-och-beige-romber\/"},"modified":"2026-02-27T08:05:10","modified_gmt":"2026-02-27T08:05:10","slug":"songmics-hangmatta-gra-och-beige-romber","status":"publish","type":"product","link":"https:\/\/nordicmart.andreevmaster.com\/sv\/produkt\/songmics-hangmatta-gra-och-beige-romber\/","title":{"rendered":"SONGMICS h\u00e4ngmatta gr\u00e5 och beige romber"},"content":{"rendered":"<p>Passar i tr\u00e4dg\u00e5rden: F\u00e4st denna h\u00e4ngmatta i din tr\u00e4dg\u00e5rd eller p\u00e5 din bakg\u00e5rd och g\u00f6r den till en del av ditt dagliga liv. Under en mysig eftermiddag kan du l\u00e4sa en bok eller ta en tupplur h\u00e4r, eller l\u00e4gga dig i den med dina barn och titta p\u00e5 stj\u00e4rnorna p\u00e5 natten. Passar i vardagsrummet: Skapa en oas av lugn i ditt vardagsrum med denna vadderade h\u00e4ngmatta. Oavsett om det \u00e4r varmt eller kallt ute kan du krypa ihop som en katt, lyssna p\u00e5 musik eller titta p\u00e5 en film och sl\u00e4ppa vardagens stress. Passar f\u00f6r resan: F\u00e4st denna h\u00e4ngmatta mellan tv\u00e5 tr\u00e4d och s\u00e4tt dig eller l\u00e4gg dig i den efter en grillfest. Dina barn och hundar leker i n\u00e4rheten, du gungar fram och tillbaka i h\u00e4ngmattan \u2013 en h\u00e4rlig semester med hela familjen! Produktdetaljer: F\u00e4rg: Gr\u00e5 och beige romber Material: 300D Oxford-tyg, polyesterfyllning, bambu Storlek: 200 x 140 cm (L x B) Total l\u00e4ngd h\u00e4ngmatta: 335 cm Vikt: 4,5 kg Max. statisk belastningskapacitet: 225 kg Leveransomfattning: 1 x h\u00e4ngmatta 1 x kudde (avtagbar) 1 x instruktioner SONGMICS Anm\u00e4rkningar: Den maximala statiska belastningskapaciteten f\u00f6r denna produkt \u00e4r 225 kg. \u00d6verskrid inte denna maximala vikt. Uts\u00e4tt inte produkten f\u00f6r direkt solljus under l\u00e4ngre tid. Kontrollera alltid h\u00e4ngmattans stabilitet innan du l\u00e4gger dig i den.<\/p>\n","protected":false},"excerpt":{"rendered":"<p>SONGMICS h\u00e4ngmatta, vadderad, quiltad, med delbara b\u00f6jda bambust\u00e4nger, med nackst\u00f6d, 200 x 140 cm, belastningskapacitet upp till 225 kg, gr\u00e5 och beige romber GDC034G02<\/p>\n","protected":false},"featured_media":39718,"comment_status":"open","ping_status":"closed","template":"","meta":[],"product_brand":[],"product_cat":[33],"product_tag":[],"class_list":{"0":"post-11317","1":"product","2":"type-product","3":"status-publish","4":"has-post-thumbnail","6":"product_cat-okategoriserad","8":"first","9":"instock","10":"shipping-taxable","11":"purchasable","12":"product-type-simple"},"_links":{"self":[{"href":"https:\/\/nordicmart.andreevmaster.com\/sv\/wp-json\/wp\/v2\/product\/11317","targetHints":{"allow":["GET"]}}],"collection":[{"href":"https:\/\/nordicmart.andreevmaster.com\/sv\/wp-json\/wp\/v2\/product"}],"about":[{"href":"https:\/\/nordicmart.andreevmaster.com\/sv\/wp-json\/wp\/v2\/types\/product"}],"replies":[{"embeddable":true,"href":"https:\/\/nordicmart.andreevmaster.com\/sv\/wp-json\/wp\/v2\/comments?post=11317"}],"wp:featuredmedia":[{"embeddable":true,"href":"https:\/\/nordicmart.andreevmaster.com\/sv\/wp-json\/wp\/v2\/media\/39718"}],"wp:attachment":[{"href":"https:\/\/nordicmart.andreevmaster.com\/sv\/wp-json\/wp\/v2\/media?parent=11317"}],"wp:term":[{"taxonomy":"product_brand","embeddable":true,"href":"https:\/\/nordicmart.andreevmaster.com\/sv\/wp-json\/wp\/v2\/product_brand?post=11317"},{"taxonomy":"product_cat","embeddable":true,"href":"https:\/\/nordicmart.andreevmaster.com\/sv\/wp-json\/wp\/v2\/product_cat?post=11317"},{"taxonomy":"product_tag","embeddable":true,"href":"https:\/\/nordicmart.andreevmaster.com\/sv\/wp-json\/wp\/v2\/product_tag?post=11317"}],"curies":[{"name":"wp","href":"https:\/\/api.w.org\/{rel}","templated":true}]}}