{"id":11315,"date":"2026-02-27T00:10:05","date_gmt":"2026-02-27T00:10:05","guid":{"rendered":"https:\/\/nordicmart.andreevmaster.com\/product\/songmics-fastset-for-hangmattor\/"},"modified":"2026-02-27T08:05:10","modified_gmt":"2026-02-27T08:05:10","slug":"songmics-fastset-for-hangmattor","status":"publish","type":"product","link":"https:\/\/nordicmart.andreevmaster.com\/sv\/produkt\/songmics-fastset-for-hangmattor\/","title":{"rendered":"SONGMICS f\u00e4stset f\u00f6r h\u00e4ngmattor"},"content":{"rendered":"<p>Denna f\u00e4stsats \u00e4r speciellt utformad f\u00f6r att h\u00e4nga upp h\u00e4ngmattor och g\u00f6r det m\u00f6jligt att f\u00e4sta dem mellan tr\u00e4d eller tr\u00e4- och metallstolpar utan \u00f6glor och skruvar! Och tack vare remmens l\u00e4ngd beh\u00f6ver du inte l\u00e4ngre oroa dig f\u00f6r att hitta tv\u00e5 passande tr\u00e4d om din h\u00e4ngmatta inte \u00e4r tillr\u00e4ckligt l\u00e5ng. Med denna upph\u00e4ngningssats kan du ligga och koppla av i h\u00e4ngmattan.  Njut av den vackra tiden utomhus tillsammans med Songmics.  Anm\u00e4rkningar: Det rekommenderas att den belastade h\u00e4ngmattans l\u00e4gsta punkt inte befinner sig mer \u00e4n 1 m \u00f6ver marken.  Observera att f\u00e4stremmarna\/f\u00e4stlinorna slits vid anv\u00e4ndning. Kontrollera regelbundet slitage under anv\u00e4ndning.Vid anv\u00e4ndning av barn endast under f\u00f6r\u00e4ldrarnas uppsikt. Produktdetaljer: &#8211; F\u00e4rg: svart &#8211; Material:  &#8211; Band: h\u00f6gdensitets rivfast nylon &#8211; Karbinhake\/metallring: f\u00f6rzinkad metall &#8211; M\u00e5tt per band: 320 x 5 cm  &#8211; F\u00f6rpackningsm\u00e5tt: 11,5 x 10,5 x 6 cm &#8211; Belastningskapacitet: 270 kg  Leveransomf\u00e5ng:  &#8211; 2 x f\u00e4stband med metallring &#8211; 2 x karbinhake<\/p>\n","protected":false},"excerpt":{"rendered":"<p>SONGMICS F\u00e4stset Upph\u00e4ngningsset f\u00f6r h\u00e4ngmatta H\u00e4ngstol Gunga F\u00e4stning H\u00e4ngstol med 2 karbinhakar f\u00f6r tr\u00e4dg\u00e5rd Camping Resa Strand G\u00e5rd T\u00dcV Rheinland-testad Belastning 270 kg per rem GDC01P<\/p>\n","protected":false},"featured_media":39716,"comment_status":"open","ping_status":"closed","template":"","meta":[],"product_brand":[],"product_cat":[33],"product_tag":[],"class_list":{"0":"post-11315","1":"product","2":"type-product","3":"status-publish","4":"has-post-thumbnail","6":"product_cat-okategoriserad","8":"first","9":"instock","10":"shipping-taxable","11":"purchasable","12":"product-type-simple"},"_links":{"self":[{"href":"https:\/\/nordicmart.andreevmaster.com\/sv\/wp-json\/wp\/v2\/product\/11315","targetHints":{"allow":["GET"]}}],"collection":[{"href":"https:\/\/nordicmart.andreevmaster.com\/sv\/wp-json\/wp\/v2\/product"}],"about":[{"href":"https:\/\/nordicmart.andreevmaster.com\/sv\/wp-json\/wp\/v2\/types\/product"}],"replies":[{"embeddable":true,"href":"https:\/\/nordicmart.andreevmaster.com\/sv\/wp-json\/wp\/v2\/comments?post=11315"}],"wp:featuredmedia":[{"embeddable":true,"href":"https:\/\/nordicmart.andreevmaster.com\/sv\/wp-json\/wp\/v2\/media\/39716"}],"wp:attachment":[{"href":"https:\/\/nordicmart.andreevmaster.com\/sv\/wp-json\/wp\/v2\/media?parent=11315"}],"wp:term":[{"taxonomy":"product_brand","embeddable":true,"href":"https:\/\/nordicmart.andreevmaster.com\/sv\/wp-json\/wp\/v2\/product_brand?post=11315"},{"taxonomy":"product_cat","embeddable":true,"href":"https:\/\/nordicmart.andreevmaster.com\/sv\/wp-json\/wp\/v2\/product_cat?post=11315"},{"taxonomy":"product_tag","embeddable":true,"href":"https:\/\/nordicmart.andreevmaster.com\/sv\/wp-json\/wp\/v2\/product_tag?post=11315"}],"curies":[{"name":"wp","href":"https:\/\/api.w.org\/{rel}","templated":true}]}}