{"id":11314,"date":"2026-02-27T00:10:05","date_gmt":"2026-02-27T00:10:05","guid":{"rendered":"https:\/\/nordicmart.andreevmaster.com\/product\/songmics-hangmatta-for-2-personer-brun\/"},"modified":"2026-02-27T08:05:10","modified_gmt":"2026-02-27T08:05:10","slug":"songmics-hangmatta-for-2-personer-brun","status":"publish","type":"product","link":"https:\/\/nordicmart.andreevmaster.com\/sv\/produkt\/songmics-hangmatta-for-2-personer-brun\/","title":{"rendered":"SONGMICS h\u00e4ngmatta f\u00f6r 2 personer, brun"},"content":{"rendered":"<p>Testad kvalitet \u2013 t\u00e5l upp till 300 kg: En h\u00e4ngmatta ska naturligtvis inte flyga iv\u00e4g s\u00e5 fort du l\u00e4gger dig i den. Oroa dig inte. Vi har l\u00e5tit T\u00dcV Rheinland testa v\u00e5r modells belastningskapacitet. Du kan d\u00e4rf\u00f6r vara s\u00e4ker p\u00e5 att den robusta bomulls-polyesterblandningen som h\u00e4ngmattan \u00e4r tillverkad av, samt de starka knutarna, t\u00e5l en belastning p\u00e5 upp till 300 kg (T\u00dcV Rheinland, testrapport nr 50041115\/SHF\/01-02). Testad kvalitet \u2013 Rivfast \u00e4ven efter l\u00e5ng exponering f\u00f6r solljus: Vi har dessutom l\u00e5tit SGS testa solens inverkan p\u00e5 h\u00e4ngmattans tyg: \u00c4ven efter att bomulls-polyesterblandningen utsattes f\u00f6r konstant UV-ljus i \u00f6ver 500 timmar uppfyllde dess dragh\u00e5llfasthet testkraven (SGS, testrapport nr AJHL1911003534FT).Produktdetaljer: F\u00e4rg: Brun Material: 70 % bomull, 30 % polyester Storlek: 210 x 150 cm (L x B) Storlek ihopvikt: 28,5 x 17 cm (H x \u00d8) Vikt: 2,3 kg Max. statisk belastningskapacitet: 300 kg Leveransomfattning: 1 x h\u00e4ngmatta 2 x f\u00e4strem 1 x bruksanvisning SONGMICS Anm\u00e4rkningar: Den faktiska f\u00e4rgen p\u00e5 produkten kan avvika n\u00e5got fr\u00e5n f\u00e4rgen p\u00e5 v\u00e5ra bilder. Detta beror p\u00e5 hur olika bildsk\u00e4rmar visar f\u00e4rger. Produktens m\u00e5tt har m\u00e4tts manuellt. Detta kan leda till avvikelser p\u00e5 upp till 5 cm. Produkten har en maximal belastningskapacitet p\u00e5 300 kg. \u00d6verskrid inte denna maximala vikt.F\u00f6rvara h\u00e4ngmattan p\u00e5 en v\u00e4l skyddad plats n\u00e4r den inte anv\u00e4nds under en l\u00e4ngre tid, s\u00e5 att den inte uts\u00e4tts f\u00f6r regn eller starkt solljus. Se till att det inte finns n\u00e5gra vassa eller spetsiga f\u00f6rem\u00e5l bredvid eller under h\u00e4ngmattan innan du anv\u00e4nder den. Kontrollera alltid f\u00e4stremmarna och h\u00e4ngmattan innan du anv\u00e4nder den.<\/p>\n","protected":false},"excerpt":{"rendered":"<p>SONGMICS h\u00e4ngmatta, f\u00f6r 2 personer, 210 x 150 cm, belastningskapacitet upp till 300 kg, f\u00f6r terrass, balkong, tr\u00e4dg\u00e5rd, utomhus, med transportv\u00e4ska, f\u00e4stremmar och karbinhakar ing\u00e5r, brun GDC015K01<\/p>\n","protected":false},"featured_media":39715,"comment_status":"open","ping_status":"closed","template":"","meta":[],"product_brand":[],"product_cat":[33],"product_tag":[],"class_list":{"0":"post-11314","1":"product","2":"type-product","3":"status-publish","4":"has-post-thumbnail","6":"product_cat-okategoriserad","8":"first","9":"instock","10":"shipping-taxable","11":"purchasable","12":"product-type-simple"},"_links":{"self":[{"href":"https:\/\/nordicmart.andreevmaster.com\/sv\/wp-json\/wp\/v2\/product\/11314","targetHints":{"allow":["GET"]}}],"collection":[{"href":"https:\/\/nordicmart.andreevmaster.com\/sv\/wp-json\/wp\/v2\/product"}],"about":[{"href":"https:\/\/nordicmart.andreevmaster.com\/sv\/wp-json\/wp\/v2\/types\/product"}],"replies":[{"embeddable":true,"href":"https:\/\/nordicmart.andreevmaster.com\/sv\/wp-json\/wp\/v2\/comments?post=11314"}],"wp:featuredmedia":[{"embeddable":true,"href":"https:\/\/nordicmart.andreevmaster.com\/sv\/wp-json\/wp\/v2\/media\/39715"}],"wp:attachment":[{"href":"https:\/\/nordicmart.andreevmaster.com\/sv\/wp-json\/wp\/v2\/media?parent=11314"}],"wp:term":[{"taxonomy":"product_brand","embeddable":true,"href":"https:\/\/nordicmart.andreevmaster.com\/sv\/wp-json\/wp\/v2\/product_brand?post=11314"},{"taxonomy":"product_cat","embeddable":true,"href":"https:\/\/nordicmart.andreevmaster.com\/sv\/wp-json\/wp\/v2\/product_cat?post=11314"},{"taxonomy":"product_tag","embeddable":true,"href":"https:\/\/nordicmart.andreevmaster.com\/sv\/wp-json\/wp\/v2\/product_tag?post=11314"}],"curies":[{"name":"wp","href":"https:\/\/api.w.org\/{rel}","templated":true}]}}