{"id":11313,"date":"2026-02-27T00:10:05","date_gmt":"2026-02-27T00:10:05","guid":{"rendered":"https:\/\/nordicmart.andreevmaster.com\/product\/songmics-paviljong-bla\/"},"modified":"2026-02-27T08:05:10","modified_gmt":"2026-02-27T08:05:10","slug":"songmics-paviljong-bla","status":"publish","type":"product","link":"https:\/\/nordicmart.andreevmaster.com\/sv\/produkt\/songmics-paviljong-bla\/","title":{"rendered":"SONGMICS paviljong bl\u00e5"},"content":{"rendered":"<p>Utomhusn\u00f6je med komfort: Planerar du en f\u00f6delsedagsfest utomhus? Vill du njuta av naturen, men \u00e4r r\u00e4dd f\u00f6r att f\u00e5 solbr\u00e4nna? Denna paviljong kommer till din hj\u00e4lp. Den ger behaglig skugga n\u00e4r solen st\u00e5r h\u00f6gt p\u00e5 himlen eller skyddar dina g\u00e4ster fr\u00e5n l\u00e4tt regn. Ta en stol, ta en klunk av din favoritdryck och l\u00e5t molnen glida f\u00f6rbi. Sidov\u00e4ggen med dragkedja g\u00f6r att du kan f\u00f6rvandla paviljongen till ett privat rum \u2013 du beh\u00f6ver bara st\u00e4nga dragkedjan! Eller vill du l\u00e4mna d\u00f6rren \u00f6ppen och skapa en avslappnad och underh\u00e5llande atmosf\u00e4r? \u00d6ppna dragkedjan! H\u00f6g robusthet: \u00c4ven om detta partyt\u00e4lt kan monteras p\u00e5 bara n\u00e5gra minuter kommer det att h\u00e5lla l\u00e4nge. De h\u00f6gkvalitativa nylonplastdelarna, de 25 x 25 mm stora st\u00e5lbenen och de 20 x 10 mm stora korsade r\u00f6ren i den \u00f6vre delen bidrar till att detta tr\u00e4dg\u00e5rdspaviljong h\u00e5ller l\u00e4nge och f\u00f6ljer dig s\u00e4song efter s\u00e4song med r\u00e4tt sk\u00f6tsel.Produktdetaljer: F\u00e4rg: Bl\u00e5 Material: 0,6 mm st\u00e5lr\u00f6r, polyester-Oxford-tyg med PU-bel\u00e4ggning Total storlek: 3 x 6 x 2,55 m (L x B x H) Justerbar h\u00f6jd: 2,37 m, 2,46 m eller 2,55 m Storlek hopf\u00e4lld: 121 x 36 x 30 cm (L x B x H) Vikt 1: 29,45 kg Vikt 2: 3,5 kg Leveransomfattning: Paket 1 1 x paviljong 2 x sidov\u00e4gg med dragkedja 12 x markankare 6 x rep 1 x transportv\u00e4ska 1 x bruksanvisning (DE, EN, FR, ES, IT) Paket 2 4 x sidov\u00e4gg med f\u00f6nster SONGICs anvisningar: Kontrollera regelbundet markankarnas och repens skick.Ta bort smuts fr\u00e5n skyddsduken i tid f\u00f6r att undvika m\u00f6gelbildning. Denna produkt \u00e4r fr\u00e4mst avsedd som solskydd; anv\u00e4nd den inte vid extrem kyla eller hetta eller andra v\u00e4derf\u00f6rh\u00e5llanden. Anv\u00e4nd en mjuk borste, vatten och neutralt reng\u00f6ringsmedel f\u00f6r daglig reng\u00f6ring av produkten. F\u00f6rvara paviljongen p\u00e5 en torr, v\u00e4l ventilerad plats, men f\u00f6rst n\u00e4r den \u00e4r helt torr. Ej l\u00e4mplig f\u00f6r tv\u00e4ttmaskin och torktumlare! Blek inte! Stryk inte! H\u00e5ll paviljongens skyddsduk borta fr\u00e5n v\u00e4rme- och eldk\u00e4llor samt vassa f\u00f6rem\u00e5l.<\/p>\n","protected":false},"excerpt":{"rendered":"<p>SONGMICS paviljong, 3 x 6 m tr\u00e4dg\u00e5rdspaviljong, UV-skydd, pop-up, tr\u00e4dg\u00e5rdst\u00e4lt, hopf\u00e4llbar paviljong, vattent\u00e4t, avtagbara sidov\u00e4ggar, d\u00f6rrar med dragkedja, med v\u00e4ska, utomhus, br\u00f6llop, bl\u00e5 GCT24IN<\/p>\n","protected":false},"featured_media":39714,"comment_status":"open","ping_status":"closed","template":"","meta":[],"product_brand":[],"product_cat":[33],"product_tag":[],"class_list":{"0":"post-11313","1":"product","2":"type-product","3":"status-publish","4":"has-post-thumbnail","6":"product_cat-okategoriserad","8":"first","9":"instock","10":"shipping-taxable","11":"purchasable","12":"product-type-simple"},"_links":{"self":[{"href":"https:\/\/nordicmart.andreevmaster.com\/sv\/wp-json\/wp\/v2\/product\/11313","targetHints":{"allow":["GET"]}}],"collection":[{"href":"https:\/\/nordicmart.andreevmaster.com\/sv\/wp-json\/wp\/v2\/product"}],"about":[{"href":"https:\/\/nordicmart.andreevmaster.com\/sv\/wp-json\/wp\/v2\/types\/product"}],"replies":[{"embeddable":true,"href":"https:\/\/nordicmart.andreevmaster.com\/sv\/wp-json\/wp\/v2\/comments?post=11313"}],"wp:featuredmedia":[{"embeddable":true,"href":"https:\/\/nordicmart.andreevmaster.com\/sv\/wp-json\/wp\/v2\/media\/39714"}],"wp:attachment":[{"href":"https:\/\/nordicmart.andreevmaster.com\/sv\/wp-json\/wp\/v2\/media?parent=11313"}],"wp:term":[{"taxonomy":"product_brand","embeddable":true,"href":"https:\/\/nordicmart.andreevmaster.com\/sv\/wp-json\/wp\/v2\/product_brand?post=11313"},{"taxonomy":"product_cat","embeddable":true,"href":"https:\/\/nordicmart.andreevmaster.com\/sv\/wp-json\/wp\/v2\/product_cat?post=11313"},{"taxonomy":"product_tag","embeddable":true,"href":"https:\/\/nordicmart.andreevmaster.com\/sv\/wp-json\/wp\/v2\/product_tag?post=11313"}],"curies":[{"name":"wp","href":"https:\/\/api.w.org\/{rel}","templated":true}]}}