{"id":11310,"date":"2026-02-27T00:10:04","date_gmt":"2026-02-27T00:10:04","guid":{"rendered":"https:\/\/nordicmart.andreevmaster.com\/product\/songmics-insynsskydd-antracit\/"},"modified":"2026-02-27T08:05:09","modified_gmt":"2026-02-27T08:05:09","slug":"songmics-insynsskydd-antracit","status":"publish","type":"product","link":"https:\/\/nordicmart.andreevmaster.com\/sv\/produkt\/songmics-insynsskydd-antracit\/","title":{"rendered":"SONGMICS insynsskydd antracit"},"content":{"rendered":"<p>Produktbeskrivning: Denna insynsskyddande presenning fr\u00e5n SONGMICS passar perfekt p\u00e5 en balkong, en terrass, i din tr\u00e4dg\u00e5rd eller runt din pool. Presenningen \u00e4r 93 % ogenomskinlig, s\u00e5 du slipper nyfikna grannar. Helt utan borrmaskin. Denna 5 x 0,9 m stora insynsskyddande presenning passar s\u00e4rskilt bra f\u00f6r en balkong i standardstorlek. Den smarta sk\u00e4rmen har m\u00e5nga \u00f6glor placerade med 50 cm mellanrum i \u00f6ver- och underkant. De korta sidorna har vardera 3 \u00f6glor. Vid montering drar du bara den medf\u00f6ljande robusta f\u00e4stlinan av PP genom \u00f6glorna och f\u00e4ster den vid din balkong eller staket. Helt utan borr, s\u00e5 enkelt \u00e4r det! Produktdetaljer: &#8211; F\u00e4rg: antracit &#8211; Material: polyester &#8211; Storlek: 5 x 0,9 m (L x B) Leveransomfattning: &#8211; 1 x insynsskyddspresenning &#8211; 1 x f\u00e4stlina 12 m<\/p>\n","protected":false},"excerpt":{"rendered":"<p>SONGMICS insynsskydd, staketsk\u00e4rm f\u00f6r balkong och terrass, balkongduk, vattenavvisande vindskydd, med rep och aluminium\u00f6glor, 500 x 90 cm, antracit GCO95GY<\/p>\n","protected":false},"featured_media":39711,"comment_status":"open","ping_status":"closed","template":"","meta":[],"product_brand":[],"product_cat":[33],"product_tag":[],"class_list":{"0":"post-11310","1":"product","2":"type-product","3":"status-publish","4":"has-post-thumbnail","6":"product_cat-okategoriserad","8":"first","9":"instock","10":"shipping-taxable","11":"purchasable","12":"product-type-simple"},"_links":{"self":[{"href":"https:\/\/nordicmart.andreevmaster.com\/sv\/wp-json\/wp\/v2\/product\/11310","targetHints":{"allow":["GET"]}}],"collection":[{"href":"https:\/\/nordicmart.andreevmaster.com\/sv\/wp-json\/wp\/v2\/product"}],"about":[{"href":"https:\/\/nordicmart.andreevmaster.com\/sv\/wp-json\/wp\/v2\/types\/product"}],"replies":[{"embeddable":true,"href":"https:\/\/nordicmart.andreevmaster.com\/sv\/wp-json\/wp\/v2\/comments?post=11310"}],"wp:featuredmedia":[{"embeddable":true,"href":"https:\/\/nordicmart.andreevmaster.com\/sv\/wp-json\/wp\/v2\/media\/39711"}],"wp:attachment":[{"href":"https:\/\/nordicmart.andreevmaster.com\/sv\/wp-json\/wp\/v2\/media?parent=11310"}],"wp:term":[{"taxonomy":"product_brand","embeddable":true,"href":"https:\/\/nordicmart.andreevmaster.com\/sv\/wp-json\/wp\/v2\/product_brand?post=11310"},{"taxonomy":"product_cat","embeddable":true,"href":"https:\/\/nordicmart.andreevmaster.com\/sv\/wp-json\/wp\/v2\/product_cat?post=11310"},{"taxonomy":"product_tag","embeddable":true,"href":"https:\/\/nordicmart.andreevmaster.com\/sv\/wp-json\/wp\/v2\/product_tag?post=11310"}],"curies":[{"name":"wp","href":"https:\/\/api.w.org\/{rel}","templated":true}]}}