{"id":11305,"date":"2026-02-27T00:10:03","date_gmt":"2026-02-27T00:10:03","guid":{"rendered":"https:\/\/nordicmart.andreevmaster.com\/product\/songmics-picknickfilt-300-x-200-cm-med-4-markankare-stor\/"},"modified":"2026-02-27T08:05:08","modified_gmt":"2026-02-27T08:05:08","slug":"songmics-picknickfilt-300-x-200-cm-med-4-markankare-stor","status":"publish","type":"product","link":"https:\/\/nordicmart.andreevmaster.com\/sv\/produkt\/songmics-picknickfilt-300-x-200-cm-med-4-markankare-stor\/","title":{"rendered":"SONGMICS picknickfilt 300 x 200 cm, med 4 markankare, stor"},"content":{"rendered":"<p>Picknickfilt 300 x 200 cm, med 4 markankare, stor, campingfilt, vattent\u00e4t, vikbar, f\u00f6r park, tr\u00e4dg\u00e5rd, strand, gr\u00f6nbl\u00e5<br \/>\nF\u00e4rg: Gr\u00f6nbl\u00e5<br \/>\nMaterial: Sammetyta, skumplastfyllning, aluminiumbel\u00e4ggning<br \/>\nStorlek i utbrett tillst\u00e5nd: 300 x 200 cm (L x B)<br \/>\nStorlek i hopvikt tillst\u00e5nd: 43 x 21 x 21 cm (L x B x H)<br \/>\nVikt: 1,4 kg<\/p>\n","protected":false},"excerpt":{"rendered":"<p>Picknickfilt 300 x 200 cm, med 4 markankare, stor, campingfilt, vattent\u00e4t, vikbar, f\u00f6r park, tr\u00e4dg\u00e5rd, strand, gr\u00f6nbl\u00e5<\/p>\n","protected":false},"featured_media":39706,"comment_status":"open","ping_status":"closed","template":"","meta":[],"product_brand":[],"product_cat":[33],"product_tag":[],"class_list":{"0":"post-11305","1":"product","2":"type-product","3":"status-publish","4":"has-post-thumbnail","6":"product_cat-okategoriserad","8":"first","9":"instock","10":"shipping-taxable","11":"purchasable","12":"product-type-simple"},"_links":{"self":[{"href":"https:\/\/nordicmart.andreevmaster.com\/sv\/wp-json\/wp\/v2\/product\/11305","targetHints":{"allow":["GET"]}}],"collection":[{"href":"https:\/\/nordicmart.andreevmaster.com\/sv\/wp-json\/wp\/v2\/product"}],"about":[{"href":"https:\/\/nordicmart.andreevmaster.com\/sv\/wp-json\/wp\/v2\/types\/product"}],"replies":[{"embeddable":true,"href":"https:\/\/nordicmart.andreevmaster.com\/sv\/wp-json\/wp\/v2\/comments?post=11305"}],"wp:featuredmedia":[{"embeddable":true,"href":"https:\/\/nordicmart.andreevmaster.com\/sv\/wp-json\/wp\/v2\/media\/39706"}],"wp:attachment":[{"href":"https:\/\/nordicmart.andreevmaster.com\/sv\/wp-json\/wp\/v2\/media?parent=11305"}],"wp:term":[{"taxonomy":"product_brand","embeddable":true,"href":"https:\/\/nordicmart.andreevmaster.com\/sv\/wp-json\/wp\/v2\/product_brand?post=11305"},{"taxonomy":"product_cat","embeddable":true,"href":"https:\/\/nordicmart.andreevmaster.com\/sv\/wp-json\/wp\/v2\/product_cat?post=11305"},{"taxonomy":"product_tag","embeddable":true,"href":"https:\/\/nordicmart.andreevmaster.com\/sv\/wp-json\/wp\/v2\/product_tag?post=11305"}],"curies":[{"name":"wp","href":"https:\/\/api.w.org\/{rel}","templated":true}]}}