{"id":11303,"date":"2026-02-27T00:10:02","date_gmt":"2026-02-27T00:10:02","guid":{"rendered":"https:\/\/nordicmart.andreevmaster.com\/product\/songmics-picknickfilt-200-x-200-cm-med-4-markankare\/"},"modified":"2026-02-27T08:05:08","modified_gmt":"2026-02-27T08:05:08","slug":"songmics-picknickfilt-200-x-200-cm-med-4-markankare","status":"publish","type":"product","link":"https:\/\/nordicmart.andreevmaster.com\/sv\/produkt\/songmics-picknickfilt-200-x-200-cm-med-4-markankare\/","title":{"rendered":"SONGMICS picknickfilt, 200 x 200 cm, med 4 markankare"},"content":{"rendered":"<p>Picknickfilt, 200 x 200 cm, med 4 markankare, campingfilt, f\u00f6r park, tr\u00e4dg\u00e5rd, strand, vattent\u00e4t, maskintv\u00e4ttbar, khaki med tropisk ormbunke<br \/>\nProduktdetaljer:<br \/>\n&#8211; F\u00e4rg: Khaki med tropisk ormbunke<br \/>\n&#8211; Material: Polyesterovertyg, skumplastfyllning, non-woven-tyg, aluminiumbel\u00e4ggning<br \/>\n&#8211; Storlek i utbrett tillst\u00e5nd: 200 x 200 cm (L x B)<br \/>\n&#8211; Storlek i hopf\u00e4llt tillst\u00e5nd: 42 x 18 x 18 cm (L x B x H)<br \/>\n&#8211; Vikt: 1,1 kg<\/p>\n<p>Leveransomfattning:<br \/>\n&#8211; 1 x picknickfilt<br \/>\n&#8211; 4 x markankare<\/p>\n<p>Anm\u00e4rkningar:<br \/>\n&#8211; P\u00e5 grund av skillnader mellan dator- och mobilsk\u00e4rmar kan f\u00e4rgerna variera n\u00e5got.<br \/>\n&#8211; L\u00e4gg inte filten p\u00e5 vassa f\u00f6rem\u00e5l som stenar eller grenar f\u00f6r att undvika skador eller personskador.<br \/>\n&#8211; Tv\u00e4tta inte strandfilten ofta i tv\u00e4ttmaskinen f\u00f6r att f\u00f6rl\u00e4nga dess livsl\u00e4ngd.<\/p>\n","protected":false},"excerpt":{"rendered":"<p>Picknickfilt, 200 x 200 cm, med 4 markankare, campingfilt, f\u00f6r park, tr\u00e4dg\u00e5rd, strand, vattent\u00e4t, maskintv\u00e4ttbar, khaki med tropisk ormbunke<\/p>\n","protected":false},"featured_media":39704,"comment_status":"open","ping_status":"closed","template":"","meta":[],"product_brand":[],"product_cat":[33],"product_tag":[],"class_list":{"0":"post-11303","1":"product","2":"type-product","3":"status-publish","4":"has-post-thumbnail","6":"product_cat-okategoriserad","8":"first","9":"instock","10":"shipping-taxable","11":"purchasable","12":"product-type-simple"},"_links":{"self":[{"href":"https:\/\/nordicmart.andreevmaster.com\/sv\/wp-json\/wp\/v2\/product\/11303","targetHints":{"allow":["GET"]}}],"collection":[{"href":"https:\/\/nordicmart.andreevmaster.com\/sv\/wp-json\/wp\/v2\/product"}],"about":[{"href":"https:\/\/nordicmart.andreevmaster.com\/sv\/wp-json\/wp\/v2\/types\/product"}],"replies":[{"embeddable":true,"href":"https:\/\/nordicmart.andreevmaster.com\/sv\/wp-json\/wp\/v2\/comments?post=11303"}],"wp:featuredmedia":[{"embeddable":true,"href":"https:\/\/nordicmart.andreevmaster.com\/sv\/wp-json\/wp\/v2\/media\/39704"}],"wp:attachment":[{"href":"https:\/\/nordicmart.andreevmaster.com\/sv\/wp-json\/wp\/v2\/media?parent=11303"}],"wp:term":[{"taxonomy":"product_brand","embeddable":true,"href":"https:\/\/nordicmart.andreevmaster.com\/sv\/wp-json\/wp\/v2\/product_brand?post=11303"},{"taxonomy":"product_cat","embeddable":true,"href":"https:\/\/nordicmart.andreevmaster.com\/sv\/wp-json\/wp\/v2\/product_cat?post=11303"},{"taxonomy":"product_tag","embeddable":true,"href":"https:\/\/nordicmart.andreevmaster.com\/sv\/wp-json\/wp\/v2\/product_tag?post=11303"}],"curies":[{"name":"wp","href":"https:\/\/api.w.org\/{rel}","templated":true}]}}