{"id":11302,"date":"2026-02-27T00:10:02","date_gmt":"2026-02-27T00:10:02","guid":{"rendered":"https:\/\/nordicmart.andreevmaster.com\/product\/songmics-picknickfilt-300-x-200-cm-4-lager\/"},"modified":"2026-02-27T08:05:08","modified_gmt":"2026-02-27T08:05:08","slug":"songmics-picknickfilt-300-x-200-cm-4-lager","status":"publish","type":"product","link":"https:\/\/nordicmart.andreevmaster.com\/sv\/produkt\/songmics-picknickfilt-300-x-200-cm-4-lager\/","title":{"rendered":"SONGMICS picknickfilt, 300 x 200 cm, 4 lager"},"content":{"rendered":"<p>Picknickfilt, 300 x 200 cm, 4 lager, campingfilt, vattent\u00e4t, maskintv\u00e4ttbar, hopf\u00e4llbar, f\u00e4rgglada blad<br \/>\nProduktdetaljer:<br \/>\n&#8211; F\u00e4rg: F\u00e4rgglada blad<br \/>\n&#8211; Material: Polyesteroverflate, skumplastfyllning, non-woven-tyg, aluminiumbel\u00e4ggning<br \/>\n&#8211; Storlek i utbrett tillst\u00e5nd: 300 x 200 cm (L x B)<br \/>\n&#8211; Storlek i hopvikt tillst\u00e5nd: 42 x 19 x 19 cm (L x B x H)<br \/>\n&#8211; Vikt: 1,6 kg<\/p>\n<p>Leveransomfattning:<br \/>\n&#8211; 1 x picknickfilt<\/p>\n<p>Anm\u00e4rkningar:<br \/>\n&#8211; P\u00e5 grund av skillnader mellan dator- och mobilsk\u00e4rmar kan f\u00e4rgerna variera n\u00e5got.<br \/>\n&#8211; Placera inte produkten p\u00e5 vassa f\u00f6rem\u00e5l som stenar eller grenar f\u00f6r att undvika skador eller personskador.<br \/>\n&#8211; Tv\u00e4tta inte duken ofta i tv\u00e4ttmaskin f\u00f6r att f\u00f6rl\u00e4nga dess livsl\u00e4ngd.<\/p>\n","protected":false},"excerpt":{"rendered":"<p>Picknickfilt, 300 x 200 cm, 4 lager, campingfilt, vattent\u00e4t, maskintv\u00e4ttbar, hopf\u00e4llbar, f\u00e4rgglada blad<\/p>\n","protected":false},"featured_media":39703,"comment_status":"open","ping_status":"closed","template":"","meta":[],"product_brand":[],"product_cat":[33],"product_tag":[],"class_list":{"0":"post-11302","1":"product","2":"type-product","3":"status-publish","4":"has-post-thumbnail","6":"product_cat-okategoriserad","8":"first","9":"instock","10":"shipping-taxable","11":"purchasable","12":"product-type-simple"},"_links":{"self":[{"href":"https:\/\/nordicmart.andreevmaster.com\/sv\/wp-json\/wp\/v2\/product\/11302","targetHints":{"allow":["GET"]}}],"collection":[{"href":"https:\/\/nordicmart.andreevmaster.com\/sv\/wp-json\/wp\/v2\/product"}],"about":[{"href":"https:\/\/nordicmart.andreevmaster.com\/sv\/wp-json\/wp\/v2\/types\/product"}],"replies":[{"embeddable":true,"href":"https:\/\/nordicmart.andreevmaster.com\/sv\/wp-json\/wp\/v2\/comments?post=11302"}],"wp:featuredmedia":[{"embeddable":true,"href":"https:\/\/nordicmart.andreevmaster.com\/sv\/wp-json\/wp\/v2\/media\/39703"}],"wp:attachment":[{"href":"https:\/\/nordicmart.andreevmaster.com\/sv\/wp-json\/wp\/v2\/media?parent=11302"}],"wp:term":[{"taxonomy":"product_brand","embeddable":true,"href":"https:\/\/nordicmart.andreevmaster.com\/sv\/wp-json\/wp\/v2\/product_brand?post=11302"},{"taxonomy":"product_cat","embeddable":true,"href":"https:\/\/nordicmart.andreevmaster.com\/sv\/wp-json\/wp\/v2\/product_cat?post=11302"},{"taxonomy":"product_tag","embeddable":true,"href":"https:\/\/nordicmart.andreevmaster.com\/sv\/wp-json\/wp\/v2\/product_tag?post=11302"}],"curies":[{"name":"wp","href":"https:\/\/api.w.org\/{rel}","templated":true}]}}