{"id":11295,"date":"2026-02-27T00:10:01","date_gmt":"2026-02-27T00:10:01","guid":{"rendered":"https:\/\/nordicmart.andreevmaster.com\/product\/songmics-tvattbar-picknickfilt-blatter-xl\/"},"modified":"2026-02-27T08:05:07","modified_gmt":"2026-02-27T08:05:07","slug":"songmics-tvattbar-picknickfilt-blatter-xl","status":"publish","type":"product","link":"https:\/\/nordicmart.andreevmaster.com\/sv\/produkt\/songmics-tvattbar-picknickfilt-blatter-xl\/","title":{"rendered":"SONGMICS tv\u00e4ttbar picknickfilt Bl\u00e4tter XL"},"content":{"rendered":"<p>Stort vadderat t\u00e4cke f\u00f6r picknick och park Det stora t\u00e4cket kan ge upp till 4 personer en v\u00e4rmeisolerande och fuktbest\u00e4ndig plats vid picknicken. Det kan ocks\u00e5 anv\u00e4ndas som lekmadrass f\u00f6r barn. Den enkla hanteringen g\u00f6r det idealiskt f\u00f6r picknick, resor och avkoppling i parken. Du kan ocks\u00e5 anv\u00e4nda t\u00e4cket p\u00e5 stranden eller som bilt\u00e4cke f\u00f6r din hund f\u00f6r att h\u00e5lla bilen fri fr\u00e5n h\u00e5r. Robust och l\u00e4ttsk\u00f6tt Ytan av polyester \u00e4r l\u00e4tt att torka av och \u00e4r luddfri. Undersidan av 600 D Oxford-tyg \u00e4r v\u00e4rmeisolerande, rivfast och slitstark. Den t\u00e4ta vadderingen g\u00f6r det ocks\u00e5 bekv\u00e4mt att sitta och koppla av p\u00e5 h\u00e5rt underlag under l\u00e4ngre tid. Vikbar och b\u00e4rbar Filten \u00e4r l\u00e4tt att vika ihop och kan sedan b\u00e4ras med handtaget eller med b\u00e4rremmen. P\u00e5 s\u00e5 s\u00e4tt har du h\u00e4nderna fria f\u00f6r picknickkorgen eller barnen. Den v\u00e4ger mindre \u00e4n 1 kilo och \u00e4r d\u00e4rf\u00f6r inte till n\u00e5gon belastning. Sp\u00e4nn fast filten i cykelkorgen eller l\u00e4mna den i bilen, s\u00e5 har du alltid tillg\u00e5ng till den och kan spontant och flexibelt njuta av solnedg\u00e5ngen bredvid de kvittrande syrsorna utan att k\u00e4nna kylan fr\u00e5n marken. Produktdetaljer: &#8211; Material: polyesterfibrer + polyesterfleece + 600 D Oxford-tyg &#8211; M\u00e5tt utf\u00e4lld: 195 x 150 cm &#8211; M\u00e5tt hopvikt: ca 40 x 25 x 10 cm &#8211; Vikt: ca 0,9 kg &#8211; F\u00e4rg: bl\u00e5 + vit Leveransomfattning: &#8211; 1 x picknickfilt SONGMICS Anm\u00e4rkningar: &#8211; Ta bort sm\u00e5sten, r\u00f6tter och liknande innan du f\u00e4ster filten p\u00e5 marken, eftersom det annars kan uppst\u00e5 h\u00e5l och du sitter obekv\u00e4mt. &#8211; H\u00e5ll filten borta fr\u00e5n ant\u00e4ndningsk\u00e4llor och \u00f6ppen eld.<\/p>\n","protected":false},"excerpt":{"rendered":"<p>SONGMICS Tv\u00e4ttbar picknickfilt f\u00f6r utomhusbruk, vikbar till v\u00e4ska med axelrem, l\u00e4tt campingfilt, perfekt f\u00f6r resor, v\u00e4rmeisolerad 195 x 150 cm GCM80UW<\/p>\n","protected":false},"featured_media":39696,"comment_status":"open","ping_status":"closed","template":"","meta":[],"product_brand":[],"product_cat":[33],"product_tag":[],"class_list":{"0":"post-11295","1":"product","2":"type-product","3":"status-publish","4":"has-post-thumbnail","6":"product_cat-okategoriserad","8":"first","9":"instock","10":"shipping-taxable","11":"purchasable","12":"product-type-simple"},"_links":{"self":[{"href":"https:\/\/nordicmart.andreevmaster.com\/sv\/wp-json\/wp\/v2\/product\/11295","targetHints":{"allow":["GET"]}}],"collection":[{"href":"https:\/\/nordicmart.andreevmaster.com\/sv\/wp-json\/wp\/v2\/product"}],"about":[{"href":"https:\/\/nordicmart.andreevmaster.com\/sv\/wp-json\/wp\/v2\/types\/product"}],"replies":[{"embeddable":true,"href":"https:\/\/nordicmart.andreevmaster.com\/sv\/wp-json\/wp\/v2\/comments?post=11295"}],"wp:featuredmedia":[{"embeddable":true,"href":"https:\/\/nordicmart.andreevmaster.com\/sv\/wp-json\/wp\/v2\/media\/39696"}],"wp:attachment":[{"href":"https:\/\/nordicmart.andreevmaster.com\/sv\/wp-json\/wp\/v2\/media?parent=11295"}],"wp:term":[{"taxonomy":"product_brand","embeddable":true,"href":"https:\/\/nordicmart.andreevmaster.com\/sv\/wp-json\/wp\/v2\/product_brand?post=11295"},{"taxonomy":"product_cat","embeddable":true,"href":"https:\/\/nordicmart.andreevmaster.com\/sv\/wp-json\/wp\/v2\/product_cat?post=11295"},{"taxonomy":"product_tag","embeddable":true,"href":"https:\/\/nordicmart.andreevmaster.com\/sv\/wp-json\/wp\/v2\/product_tag?post=11295"}],"curies":[{"name":"wp","href":"https:\/\/api.w.org\/{rel}","templated":true}]}}