{"id":11293,"date":"2026-02-27T00:10:00","date_gmt":"2026-02-27T00:10:00","guid":{"rendered":"https:\/\/nordicmart.andreevmaster.com\/product\/songmics-picknickfilt-flanell-margeriter-xxl\/"},"modified":"2026-02-27T08:05:07","modified_gmt":"2026-02-27T08:05:07","slug":"songmics-picknickfilt-flanell-margeriter-xxl","status":"publish","type":"product","link":"https:\/\/nordicmart.andreevmaster.com\/sv\/produkt\/songmics-picknickfilt-flanell-margeriter-xxl\/","title":{"rendered":"SONGMICS Picknickfilt Flanell Margeriter XXL"},"content":{"rendered":"<p>Denna picknickfilt \u00e4r den perfekta f\u00f6ljeslagaren f\u00f6r avslappnade och mysiga dagar i naturen, p\u00e5 stranden eller p\u00e5 semestern! Den \u00e4r l\u00e4tt men \u00e4nd\u00e5 robust, tack vare ytan av fleece ligger man mjukt p\u00e5 filten; stoppningen ger en behaglig liggkomfort p\u00e5 h\u00e5rt underlag; den isolerande undersidan av aluminiumskikt skyddar filten mot v\u00e5t och kall mark. P\u00e5 s\u00e5 s\u00e4tt hamnar man inte i v\u00e5tt gr\u00e4s och f\u00e5r inte l\u00e4ngre v\u00e5t rumpa. Picknickfilten \u00e4r f\u00f6rsedd med ett b\u00e4rhandtag och en kardborrekn\u00e4ppning s\u00e5 att den \u00e4r l\u00e4ttare att transportera.  Anvisningar: &#8211; Reng\u00f6r inte filten med vatten, borsta den endast. &#8211; Innan anv\u00e4ndning, se till att det inte finns n\u00e5gra stenar, r\u00f6tter eller liknande under filten p\u00e5 marken. Annars kan de trycka h\u00e5l i filten eller skada dig n\u00e4r du sitter\/ligger. &#8211; Finns i flera f\u00e4rger och m\u00f6nster Produktdetaljer: &#8211; Material: fleece + skumgummi + aluminiumbel\u00e4ggning &#8211; M\u00e5tt utf\u00e4lld: 200 x 200 cm  &#8211; M\u00e5tt hopvikt: ca 40 x 25 x 12 cm &#8211; Vikt: ca 1 kg &#8211; F\u00e4rg: pr\u00e4stkragar Leveransomfattning: &#8211; 1 x picknickfilt <\/p>\n","protected":false},"excerpt":{"rendered":"<p>SONGMICS 200 x 200 cm XXL picknickfilt i fleece, v\u00e4rmeisolerad, vattent\u00e4t, med b\u00e4rhandtag GCM74J<\/p>\n","protected":false},"featured_media":39694,"comment_status":"open","ping_status":"closed","template":"","meta":[],"product_brand":[],"product_cat":[33],"product_tag":[],"class_list":{"0":"post-11293","1":"product","2":"type-product","3":"status-publish","4":"has-post-thumbnail","6":"product_cat-okategoriserad","8":"first","9":"instock","10":"shipping-taxable","11":"purchasable","12":"product-type-simple"},"_links":{"self":[{"href":"https:\/\/nordicmart.andreevmaster.com\/sv\/wp-json\/wp\/v2\/product\/11293","targetHints":{"allow":["GET"]}}],"collection":[{"href":"https:\/\/nordicmart.andreevmaster.com\/sv\/wp-json\/wp\/v2\/product"}],"about":[{"href":"https:\/\/nordicmart.andreevmaster.com\/sv\/wp-json\/wp\/v2\/types\/product"}],"replies":[{"embeddable":true,"href":"https:\/\/nordicmart.andreevmaster.com\/sv\/wp-json\/wp\/v2\/comments?post=11293"}],"wp:featuredmedia":[{"embeddable":true,"href":"https:\/\/nordicmart.andreevmaster.com\/sv\/wp-json\/wp\/v2\/media\/39694"}],"wp:attachment":[{"href":"https:\/\/nordicmart.andreevmaster.com\/sv\/wp-json\/wp\/v2\/media?parent=11293"}],"wp:term":[{"taxonomy":"product_brand","embeddable":true,"href":"https:\/\/nordicmart.andreevmaster.com\/sv\/wp-json\/wp\/v2\/product_brand?post=11293"},{"taxonomy":"product_cat","embeddable":true,"href":"https:\/\/nordicmart.andreevmaster.com\/sv\/wp-json\/wp\/v2\/product_cat?post=11293"},{"taxonomy":"product_tag","embeddable":true,"href":"https:\/\/nordicmart.andreevmaster.com\/sv\/wp-json\/wp\/v2\/product_tag?post=11293"}],"curies":[{"name":"wp","href":"https:\/\/api.w.org\/{rel}","templated":true}]}}