{"id":11291,"date":"2026-02-27T00:10:00","date_gmt":"2026-02-27T00:10:00","guid":{"rendered":"https:\/\/nordicmart.andreevmaster.com\/product\/songmics-picknickfilt-flanell-hippie-xxl\/"},"modified":"2026-02-27T08:05:06","modified_gmt":"2026-02-27T08:05:06","slug":"songmics-picknickfilt-flanell-hippie-xxl","status":"publish","type":"product","link":"https:\/\/nordicmart.andreevmaster.com\/sv\/produkt\/songmics-picknickfilt-flanell-hippie-xxl\/","title":{"rendered":"SONGMICS Picknickfilt Flanell Hippie XXL"},"content":{"rendered":"<p>Dags f\u00f6r en picknick i det gr\u00f6na Njut av en h\u00e4rlig dag i naturen med denna 200 x 200 cm stora, ljusgr\u00f6na picknickfilt med f\u00e4rgglada blommor. Du beh\u00f6ver inte sitta p\u00e5 fuktigt gr\u00e4s, utan kan sl\u00e5 dig ner p\u00e5 den mjuka skumgummibekl\u00e4dnaden. P\u00e5 undersidan av filten skyddar den vattent\u00e4ta, v\u00e4rmeisolerande aluminiumbel\u00e4ggningen dig fr\u00e5n att f\u00e5 v\u00e5ta byxor \u2013 perfekt f\u00f6r en grillfest i tr\u00e4dg\u00e5rden, camping i naturen eller f\u00f6r en utomhusfestival.&nbsp;&nbsp;&nbsp;Dags att koppla av Har du spillt lite juice p\u00e5 filten? Eller har du tappat en bit gr\u00e4ddt\u00e5rta? Ingen panik! Grov smuts kan enkelt skakas av. Reng\u00f6r lite mer envisa fl\u00e4ckar p\u00e5 den l\u00e4ttsk\u00f6tta flanellytan med en fuktig trasa. D\u00e4refter \u00e4r picknickfilten redo f\u00f6r n\u00e4sta anv\u00e4ndning.&nbsp;Produktdetaljer:-&nbsp;F\u00e4rg:&nbsp;Ljusgr\u00f6n med f\u00e4rgglada blommor &#8211;&nbsp;Material:&nbsp;Yta av flanell, skumplastfyllning, aluminiumbel\u00e4ggning &#8211;&nbsp;Storlek&nbsp;ihopf\u00e4lld:&nbsp;40&nbsp;x&nbsp;25&nbsp;x&nbsp;12 cm (L x B x H)-&nbsp;Storlek utf\u00e4lld:&nbsp;200 x 200 cm (L x B)-&nbsp;Vikt:&nbsp;1 kg&nbsp;&nbsp;Leveransomfattning:-&nbsp;1 x&nbsp;picknickfilt&nbsp;SONGMICS&nbsp;Anvisningar:-&nbsp;Placera inte denna produkt p\u00e5 vassa eller spetsiga f\u00f6rem\u00e5l som stenar eller grenar f\u00f6r att undvika skador eller&nbsp;skador.- Ej l\u00e4mplig f\u00f6r maskintv\u00e4tt eller torktumlare! Stryk inte! Torka av produkten med en fuktig trasa f\u00f6r reng\u00f6ring.<\/p>\n","protected":false},"excerpt":{"rendered":"<p>SONGMICS 200 x 200 cm XXL picknickfilt, fleece, v\u00e4rmeisolerad, vattent\u00e4t, med b\u00e4rhandtag GCM70R<\/p>\n","protected":false},"featured_media":39692,"comment_status":"open","ping_status":"closed","template":"","meta":[],"product_brand":[],"product_cat":[33],"product_tag":[],"class_list":{"0":"post-11291","1":"product","2":"type-product","3":"status-publish","4":"has-post-thumbnail","6":"product_cat-okategoriserad","8":"first","9":"instock","10":"shipping-taxable","11":"purchasable","12":"product-type-simple"},"_links":{"self":[{"href":"https:\/\/nordicmart.andreevmaster.com\/sv\/wp-json\/wp\/v2\/product\/11291","targetHints":{"allow":["GET"]}}],"collection":[{"href":"https:\/\/nordicmart.andreevmaster.com\/sv\/wp-json\/wp\/v2\/product"}],"about":[{"href":"https:\/\/nordicmart.andreevmaster.com\/sv\/wp-json\/wp\/v2\/types\/product"}],"replies":[{"embeddable":true,"href":"https:\/\/nordicmart.andreevmaster.com\/sv\/wp-json\/wp\/v2\/comments?post=11291"}],"wp:featuredmedia":[{"embeddable":true,"href":"https:\/\/nordicmart.andreevmaster.com\/sv\/wp-json\/wp\/v2\/media\/39692"}],"wp:attachment":[{"href":"https:\/\/nordicmart.andreevmaster.com\/sv\/wp-json\/wp\/v2\/media?parent=11291"}],"wp:term":[{"taxonomy":"product_brand","embeddable":true,"href":"https:\/\/nordicmart.andreevmaster.com\/sv\/wp-json\/wp\/v2\/product_brand?post=11291"},{"taxonomy":"product_cat","embeddable":true,"href":"https:\/\/nordicmart.andreevmaster.com\/sv\/wp-json\/wp\/v2\/product_cat?post=11291"},{"taxonomy":"product_tag","embeddable":true,"href":"https:\/\/nordicmart.andreevmaster.com\/sv\/wp-json\/wp\/v2\/product_tag?post=11291"}],"curies":[{"name":"wp","href":"https:\/\/api.w.org\/{rel}","templated":true}]}}