{"id":11286,"date":"2026-02-27T00:09:59","date_gmt":"2026-02-27T00:09:59","guid":{"rendered":"https:\/\/nordicmart.andreevmaster.com\/product\/songmics-picknickfilt-i-fleece-bla-randig-xxl\/"},"modified":"2026-02-27T08:05:05","modified_gmt":"2026-02-27T08:05:05","slug":"songmics-picknickfilt-i-fleece-bla-randig-xxl","status":"publish","type":"product","link":"https:\/\/nordicmart.andreevmaster.com\/sv\/produkt\/songmics-picknickfilt-i-fleece-bla-randig-xxl\/","title":{"rendered":"SONGMICS picknickfilt i fleece, bl\u00e5 randig XXL"},"content":{"rendered":"<p>En oumb\u00e4rlig f\u00f6ljeslagare p\u00e5 alla dina utomhus\u00e4ventyr! Den praktiska picknickfilten fr\u00e5n Songmics \u00e4r perfekt f\u00f6r camping, picknick, dagar p\u00e5 stranden, utomhusfestivaler, i parken eller p\u00e5 semester med v\u00e4nner eller familj. Den \u00e4r l\u00e4tt men \u00e4nd\u00e5 robust och har totalt tre lager: Tack vare ytan av akrylfiber\/fleece ligger man mjukt p\u00e5 filten; stoppningen ger en behaglig liggkomfort p\u00e5 h\u00e5rt underlag; den isolerande undersidan skyddar filten mot v\u00e5t och kall mark. P\u00e5 s\u00e5 s\u00e4tt hamnar man inte i v\u00e5tt gr\u00e4s och f\u00e5r inte l\u00e4ngre v\u00e5t rumpa.Med den illustrerade instruktionen (etiketten) f\u00f6r vikning kan du enkelt vika ihop picknickfilten igen och f\u00e4sta den med den integrerade kardborrebandet. Om du f\u00f6redrar en st\u00f6rre filt kan du ocks\u00e5 hitta den hos oss. Anm\u00e4rkningar: &#8211; Reng\u00f6r inte filten med vatten, borsta den endast.- Innan anv\u00e4ndning, se till att det inte finns n\u00e5gra stenar, r\u00f6tter eller liknande under filten p\u00e5 marken. Annars kan de trycka h\u00e5l i filten eller skada dig n\u00e4r du sitter\/ligger. &#8211; Utomhusfilten finns i olika f\u00e4rger. V\u00e4lj ditt favoritmotiv och se fram emot picknicken.    Produktdetaljer: &#8211; Material: fleece + skumplast + aluminiumbel\u00e4ggning &#8211; M\u00e5tt utf\u00e4lld: 200 x 200 cm &#8211; M\u00e5tt hopvikt: ca 40 x 25 x 12 cm &#8211; Vikt: ca 1 kg &#8211; F\u00e4rg: bl\u00e5-vit randig Leveransomfattning: &#8211; 1x picknickfilt<\/p>\n","protected":false},"excerpt":{"rendered":"<p>SONGMICS 200 x 200 cm XXL picknickfilt, fleece, v\u00e4rmeisolerad, vattent\u00e4t, med b\u00e4rhandtag GCM70R<\/p>\n","protected":false},"featured_media":39687,"comment_status":"open","ping_status":"closed","template":"","meta":[],"product_brand":[],"product_cat":[33],"product_tag":[],"class_list":{"0":"post-11286","1":"product","2":"type-product","3":"status-publish","4":"has-post-thumbnail","6":"product_cat-okategoriserad","8":"first","9":"instock","10":"shipping-taxable","11":"purchasable","12":"product-type-simple"},"_links":{"self":[{"href":"https:\/\/nordicmart.andreevmaster.com\/sv\/wp-json\/wp\/v2\/product\/11286","targetHints":{"allow":["GET"]}}],"collection":[{"href":"https:\/\/nordicmart.andreevmaster.com\/sv\/wp-json\/wp\/v2\/product"}],"about":[{"href":"https:\/\/nordicmart.andreevmaster.com\/sv\/wp-json\/wp\/v2\/types\/product"}],"replies":[{"embeddable":true,"href":"https:\/\/nordicmart.andreevmaster.com\/sv\/wp-json\/wp\/v2\/comments?post=11286"}],"wp:featuredmedia":[{"embeddable":true,"href":"https:\/\/nordicmart.andreevmaster.com\/sv\/wp-json\/wp\/v2\/media\/39687"}],"wp:attachment":[{"href":"https:\/\/nordicmart.andreevmaster.com\/sv\/wp-json\/wp\/v2\/media?parent=11286"}],"wp:term":[{"taxonomy":"product_brand","embeddable":true,"href":"https:\/\/nordicmart.andreevmaster.com\/sv\/wp-json\/wp\/v2\/product_brand?post=11286"},{"taxonomy":"product_cat","embeddable":true,"href":"https:\/\/nordicmart.andreevmaster.com\/sv\/wp-json\/wp\/v2\/product_cat?post=11286"},{"taxonomy":"product_tag","embeddable":true,"href":"https:\/\/nordicmart.andreevmaster.com\/sv\/wp-json\/wp\/v2\/product_tag?post=11286"}],"curies":[{"name":"wp","href":"https:\/\/api.w.org\/{rel}","templated":true}]}}