{"id":11284,"date":"2026-02-27T00:09:59","date_gmt":"2026-02-27T00:09:59","guid":{"rendered":"https:\/\/nordicmart.andreevmaster.com\/product\/songmics-picknickfilt-195-x-200-cm\/"},"modified":"2026-02-27T08:05:05","modified_gmt":"2026-02-27T08:05:05","slug":"songmics-picknickfilt-195-x-200-cm","status":"publish","type":"product","link":"https:\/\/nordicmart.andreevmaster.com\/sv\/produkt\/songmics-picknickfilt-195-x-200-cm\/","title":{"rendered":"SONGMICS picknickfilt 195 x 200 cm"},"content":{"rendered":"<p>Njut av naturens sk\u00f6nhet Oavsett om du f\u00f6rbereder dig f\u00f6r en picknick p\u00e5 v\u00e5ren, camping p\u00e5 sommaren, en musikfestival eller bara vill sola i naturen, \u00e4r denna filt det perfekta tillbeh\u00f6ret f\u00f6r en dag i parken, p\u00e5 stranden, i tr\u00e4dg\u00e5rden eller vid poolen.   H\u00f6gkvalitativ finish Med en mjuk yta av flanell, en aluminiumbel\u00e4ggning och ett skumskikt i mitten \u00e4r denna picknickfilt bekv\u00e4m och vattent\u00e4t. Vik ihop den till en kompakt storlek och ta med den p\u00e5 resan.   Produktdetaljer: &#8211; F\u00e4rg: Gr\u00e5vit &#8211; Material: Yta av flanell, skumplastfyllning, aluminiumbel\u00e4ggning &#8211; Storlek hopvikt: 42 x 25 x 9 cm (L x B x H) &#8211; Storlek utvikt: 195 x 200 cm (L x B) &#8211; Vikt: 1 kg   Leveransomfattning:- 1 x picknickfilt SONGMICS Anm\u00e4rkningar: &#8211; P\u00e5 grund av olika ljusf\u00f6rh\u00e5llanden eller sk\u00e4rmar med olika uppl\u00f6sning kan det f\u00f6rekomma sm\u00e5 f\u00e4rgavvikelser j\u00e4mf\u00f6rt med produkterna som visas p\u00e5 bilderna. &#8211; Placera inte denna produkt p\u00e5 vassa eller spetsiga f\u00f6rem\u00e5l som stenar eller grenar f\u00f6r att undvika skador eller skador. &#8211; Ej l\u00e4mplig f\u00f6r maskintv\u00e4tt eller torktumlare! Stryk inte! Torka av produkten med en torr trasa f\u00f6r reng\u00f6ring.<\/p>\n","protected":false},"excerpt":{"rendered":"<p>SONGMICS Picknickfilt, filt i fleece, vattent\u00e4t, 195 x 150 cm, f\u00e4rgglad GCM61C<\/p>\n","protected":false},"featured_media":39685,"comment_status":"open","ping_status":"closed","template":"","meta":[],"product_brand":[],"product_cat":[33],"product_tag":[],"class_list":{"0":"post-11284","1":"product","2":"type-product","3":"status-publish","4":"has-post-thumbnail","6":"product_cat-okategoriserad","8":"first","9":"instock","10":"shipping-taxable","11":"purchasable","12":"product-type-simple"},"_links":{"self":[{"href":"https:\/\/nordicmart.andreevmaster.com\/sv\/wp-json\/wp\/v2\/product\/11284","targetHints":{"allow":["GET"]}}],"collection":[{"href":"https:\/\/nordicmart.andreevmaster.com\/sv\/wp-json\/wp\/v2\/product"}],"about":[{"href":"https:\/\/nordicmart.andreevmaster.com\/sv\/wp-json\/wp\/v2\/types\/product"}],"replies":[{"embeddable":true,"href":"https:\/\/nordicmart.andreevmaster.com\/sv\/wp-json\/wp\/v2\/comments?post=11284"}],"wp:featuredmedia":[{"embeddable":true,"href":"https:\/\/nordicmart.andreevmaster.com\/sv\/wp-json\/wp\/v2\/media\/39685"}],"wp:attachment":[{"href":"https:\/\/nordicmart.andreevmaster.com\/sv\/wp-json\/wp\/v2\/media?parent=11284"}],"wp:term":[{"taxonomy":"product_brand","embeddable":true,"href":"https:\/\/nordicmart.andreevmaster.com\/sv\/wp-json\/wp\/v2\/product_brand?post=11284"},{"taxonomy":"product_cat","embeddable":true,"href":"https:\/\/nordicmart.andreevmaster.com\/sv\/wp-json\/wp\/v2\/product_cat?post=11284"},{"taxonomy":"product_tag","embeddable":true,"href":"https:\/\/nordicmart.andreevmaster.com\/sv\/wp-json\/wp\/v2\/product_tag?post=11284"}],"curies":[{"name":"wp","href":"https:\/\/api.w.org\/{rel}","templated":true}]}}