{"id":11283,"date":"2026-02-27T00:09:58","date_gmt":"2026-02-27T00:09:58","guid":{"rendered":"https:\/\/nordicmart.andreevmaster.com\/product\/songmics-picknickfilt-fleece-fargglad-xl\/"},"modified":"2026-02-27T08:05:05","modified_gmt":"2026-02-27T08:05:05","slug":"songmics-picknickfilt-fleece-fargglad-xl","status":"publish","type":"product","link":"https:\/\/nordicmart.andreevmaster.com\/sv\/produkt\/songmics-picknickfilt-fleece-fargglad-xl\/","title":{"rendered":"SONGMICS Picknickfilt Fleece F\u00e4rgglad XL"},"content":{"rendered":"<p>Oumb\u00e4rlig f\u00f6r utomhus\u00e4ventyr Denna praktiska picknickfilt \u00e4r perfekt f\u00f6r camping, picknick, dagar p\u00e5 stranden, utomhusfestivaler, i parken eller f\u00f6r semestrar med v\u00e4nner och familj. Den \u00e4r l\u00e4tt men \u00e4nd\u00e5 robust och har totalt 3 lager: Ytan av fleece k\u00e4nns behagligt mjuk. Stoppningen ger behaglig liggkomfort \u00e4ven p\u00e5 h\u00e5rt underlag. Den isolerande undersidan skyddar mot fukt och kyla. Tack vare den illustrerade vikningsanvisningen (p\u00e5 etiketten) \u00e4r picknickfilten enkel att vika ihop. Den integrerade kardborrekn\u00e4ppningen ser till att filten inte viks ut igen.   Produktdetaljer: &#8211; F\u00e4rg: Flerf\u00e4rgad &#8211; Material: fleece, skumplast, aluminiumbel\u00e4ggning &#8211; M\u00e5tt utf\u00e4lld: 195 x 150 cm &#8211; M\u00e5tt hopvikt: ca 40 x 25 x 10 cm &#8211; Vikt: 0,7 kg Leveransomfattning: &#8211; 1x picknickfilt SONGMICS Anvisningar: &#8211; Borsta endast av filten; reng\u00f6r inte med vatten. &#8211;<br \/>\n Kontrollera f\u00f6re anv\u00e4ndning att det inte finns n\u00e5gra stenar,<br \/>\nr\u00f6tter, grenar etc. under filten. Annars finns det risk f\u00f6r att du skadar dig eller att filten skadas.<br \/>\nrisk f\u00f6r skador eller att filten skadas. &#8211; Denna filt finns i olika f\u00e4rger. V\u00e4lj ditt favoritmotiv och se fram emot din picknick.  <\/p>\n","protected":false},"excerpt":{"rendered":"<p>SONGMICS Picknickfilt, filt i fleece, vattent\u00e4t, 195 x 150 cm, f\u00e4rgglad GCM61C<\/p>\n","protected":false},"featured_media":39684,"comment_status":"open","ping_status":"closed","template":"","meta":[],"product_brand":[],"product_cat":[33],"product_tag":[],"class_list":{"0":"post-11283","1":"product","2":"type-product","3":"status-publish","4":"has-post-thumbnail","6":"product_cat-okategoriserad","8":"first","9":"instock","10":"shipping-taxable","11":"purchasable","12":"product-type-simple"},"_links":{"self":[{"href":"https:\/\/nordicmart.andreevmaster.com\/sv\/wp-json\/wp\/v2\/product\/11283","targetHints":{"allow":["GET"]}}],"collection":[{"href":"https:\/\/nordicmart.andreevmaster.com\/sv\/wp-json\/wp\/v2\/product"}],"about":[{"href":"https:\/\/nordicmart.andreevmaster.com\/sv\/wp-json\/wp\/v2\/types\/product"}],"replies":[{"embeddable":true,"href":"https:\/\/nordicmart.andreevmaster.com\/sv\/wp-json\/wp\/v2\/comments?post=11283"}],"wp:featuredmedia":[{"embeddable":true,"href":"https:\/\/nordicmart.andreevmaster.com\/sv\/wp-json\/wp\/v2\/media\/39684"}],"wp:attachment":[{"href":"https:\/\/nordicmart.andreevmaster.com\/sv\/wp-json\/wp\/v2\/media?parent=11283"}],"wp:term":[{"taxonomy":"product_brand","embeddable":true,"href":"https:\/\/nordicmart.andreevmaster.com\/sv\/wp-json\/wp\/v2\/product_brand?post=11283"},{"taxonomy":"product_cat","embeddable":true,"href":"https:\/\/nordicmart.andreevmaster.com\/sv\/wp-json\/wp\/v2\/product_cat?post=11283"},{"taxonomy":"product_tag","embeddable":true,"href":"https:\/\/nordicmart.andreevmaster.com\/sv\/wp-json\/wp\/v2\/product_tag?post=11283"}],"curies":[{"name":"wp","href":"https:\/\/api.w.org\/{rel}","templated":true}]}}