{"id":11280,"date":"2026-02-27T00:09:58","date_gmt":"2026-02-27T00:09:58","guid":{"rendered":"https:\/\/nordicmart.andreevmaster.com\/product\/songmics-isolerad-picknickfilt-bla-gron-xl\/"},"modified":"2026-02-27T08:05:04","modified_gmt":"2026-02-27T08:05:04","slug":"songmics-isolerad-picknickfilt-bla-gron-xl","status":"publish","type":"product","link":"https:\/\/nordicmart.andreevmaster.com\/sv\/produkt\/songmics-isolerad-picknickfilt-bla-gron-xl\/","title":{"rendered":"SONGMICS Isolerad picknickfilt bl\u00e5-gr\u00f6n XL"},"content":{"rendered":"<p>Vikningsinstruktionerna p\u00e5 baksidan guidar dig steg f\u00f6r steg till en b\u00e4rbar v\u00e4ska. Ytan k\u00e4nns mycket mjuk mot huden, den \u00e4r vadderad i mitten och undersidan \u00e4r fuktbest\u00e4ndig, v\u00e4rmeisolerande och slitstark. Torka av ytan med en trasa. Kemtv\u00e4tt, strykning eller tv\u00e4tt i tv\u00e4ttmaskin \u00e4r inte till\u00e5tet. Tekniska detaljer Storlek och\/eller vikt: 195 x 150 cm ; 490 g Vikt: 650 gram Materialtyp: Akryl Produktvikt inkl. f\u00f6rpackning: 599 g<\/p>\n","protected":false},"excerpt":{"rendered":"<p>SONGMICS 195 x 150 cm picknickfilt, v\u00e4rmeisolerad, vattent\u00e4t GCM50K<\/p>\n","protected":false},"featured_media":39681,"comment_status":"open","ping_status":"closed","template":"","meta":[],"product_brand":[],"product_cat":[33],"product_tag":[],"class_list":{"0":"post-11280","1":"product","2":"type-product","3":"status-publish","4":"has-post-thumbnail","6":"product_cat-okategoriserad","8":"first","9":"instock","10":"shipping-taxable","11":"purchasable","12":"product-type-simple"},"_links":{"self":[{"href":"https:\/\/nordicmart.andreevmaster.com\/sv\/wp-json\/wp\/v2\/product\/11280","targetHints":{"allow":["GET"]}}],"collection":[{"href":"https:\/\/nordicmart.andreevmaster.com\/sv\/wp-json\/wp\/v2\/product"}],"about":[{"href":"https:\/\/nordicmart.andreevmaster.com\/sv\/wp-json\/wp\/v2\/types\/product"}],"replies":[{"embeddable":true,"href":"https:\/\/nordicmart.andreevmaster.com\/sv\/wp-json\/wp\/v2\/comments?post=11280"}],"wp:featuredmedia":[{"embeddable":true,"href":"https:\/\/nordicmart.andreevmaster.com\/sv\/wp-json\/wp\/v2\/media\/39681"}],"wp:attachment":[{"href":"https:\/\/nordicmart.andreevmaster.com\/sv\/wp-json\/wp\/v2\/media?parent=11280"}],"wp:term":[{"taxonomy":"product_brand","embeddable":true,"href":"https:\/\/nordicmart.andreevmaster.com\/sv\/wp-json\/wp\/v2\/product_brand?post=11280"},{"taxonomy":"product_cat","embeddable":true,"href":"https:\/\/nordicmart.andreevmaster.com\/sv\/wp-json\/wp\/v2\/product_cat?post=11280"},{"taxonomy":"product_tag","embeddable":true,"href":"https:\/\/nordicmart.andreevmaster.com\/sv\/wp-json\/wp\/v2\/product_tag?post=11280"}],"curies":[{"name":"wp","href":"https:\/\/api.w.org\/{rel}","templated":true}]}}