{"id":11278,"date":"2026-02-27T00:09:58","date_gmt":"2026-02-27T00:09:58","guid":{"rendered":"https:\/\/nordicmart.andreevmaster.com\/product\/songmics-picknickfilt-300-x-200-cm-tvattbar-i-maskin-och-vikbar-gron\/"},"modified":"2026-02-27T08:05:04","modified_gmt":"2026-02-27T08:05:04","slug":"songmics-picknickfilt-300-x-200-cm-tvattbar-i-maskin-och-vikbar-gron","status":"publish","type":"product","link":"https:\/\/nordicmart.andreevmaster.com\/sv\/produkt\/songmics-picknickfilt-300-x-200-cm-tvattbar-i-maskin-och-vikbar-gron\/","title":{"rendered":"SONGMICS picknickfilt 300 x 200 cm, tv\u00e4ttbar i maskin och vikbar, gr\u00f6n"},"content":{"rendered":"<p>SONGMICS picknickfilt, 200 x 200 cm, med 4 markankare, stor, campingfilt, f\u00f6r park, tr\u00e4dg\u00e5rd, strand, vattent\u00e4t, maskintv\u00e4ttbar, vikbar, ljusbl\u00e5 med tropisk ormbunke GCM010Q02<br \/>\nF\u00e4rg: Mintgr\u00f6n med tropisk ormbunke<br \/>\nMaterial: Polyesteroverflate, skumplaststoppning, non-woven-tyg, aluminiumbel\u00e4ggning<br \/>\nStorlek i utbrett tillst\u00e5nd: 300 x 200 cm (L x B)<br \/>\nStorlek i hopf\u00e4llt tillst\u00e5nd: 42 x 19 x 19 cm (L x B x H)<br \/>\nVikt: 1,7 kg<\/p>\n","protected":false},"excerpt":{"rendered":"<p>SONGMICS picknickfilt, 200 x 200 cm, med 4 markankare, stor, campingfilt, f\u00f6r park, tr\u00e4dg\u00e5rd, strand, vattent\u00e4t, maskintv\u00e4ttbar, vikbar, ljusbl\u00e5 med tropisk ormbunke GCM010Q02<\/p>\n","protected":false},"featured_media":39679,"comment_status":"open","ping_status":"closed","template":"","meta":[],"product_brand":[],"product_cat":[33],"product_tag":[],"class_list":{"0":"post-11278","1":"product","2":"type-product","3":"status-publish","4":"has-post-thumbnail","6":"product_cat-okategoriserad","8":"first","9":"instock","10":"shipping-taxable","11":"purchasable","12":"product-type-simple"},"_links":{"self":[{"href":"https:\/\/nordicmart.andreevmaster.com\/sv\/wp-json\/wp\/v2\/product\/11278","targetHints":{"allow":["GET"]}}],"collection":[{"href":"https:\/\/nordicmart.andreevmaster.com\/sv\/wp-json\/wp\/v2\/product"}],"about":[{"href":"https:\/\/nordicmart.andreevmaster.com\/sv\/wp-json\/wp\/v2\/types\/product"}],"replies":[{"embeddable":true,"href":"https:\/\/nordicmart.andreevmaster.com\/sv\/wp-json\/wp\/v2\/comments?post=11278"}],"wp:featuredmedia":[{"embeddable":true,"href":"https:\/\/nordicmart.andreevmaster.com\/sv\/wp-json\/wp\/v2\/media\/39679"}],"wp:attachment":[{"href":"https:\/\/nordicmart.andreevmaster.com\/sv\/wp-json\/wp\/v2\/media?parent=11278"}],"wp:term":[{"taxonomy":"product_brand","embeddable":true,"href":"https:\/\/nordicmart.andreevmaster.com\/sv\/wp-json\/wp\/v2\/product_brand?post=11278"},{"taxonomy":"product_cat","embeddable":true,"href":"https:\/\/nordicmart.andreevmaster.com\/sv\/wp-json\/wp\/v2\/product_cat?post=11278"},{"taxonomy":"product_tag","embeddable":true,"href":"https:\/\/nordicmart.andreevmaster.com\/sv\/wp-json\/wp\/v2\/product_tag?post=11278"}],"curies":[{"name":"wp","href":"https:\/\/api.w.org\/{rel}","templated":true}]}}