{"id":11277,"date":"2026-02-27T00:09:57","date_gmt":"2026-02-27T00:09:57","guid":{"rendered":"https:\/\/nordicmart.andreevmaster.com\/product\/songmics-picknickfilt-200-x-200-cm-bla\/"},"modified":"2026-02-27T08:05:04","modified_gmt":"2026-02-27T08:05:04","slug":"songmics-picknickfilt-200-x-200-cm-bla","status":"publish","type":"product","link":"https:\/\/nordicmart.andreevmaster.com\/sv\/produkt\/songmics-picknickfilt-200-x-200-cm-bla\/","title":{"rendered":"SONGMICS Picknickfilt 200 x 200 cm bl\u00e5"},"content":{"rendered":"<p>Produktdetaljer: F\u00e4rg: Bl\u00e5 med boho-m\u00f6nster Material: Yta av flanell, skumplastfyllning, aluminiumbel\u00e4ggning Storlek hopvikt: 43 x 19 x 19 cm (L x B x H) Storlek i uppf\u00e4llt l\u00e4ge: 200 x 200 cm (L x B) Vikt: 1 kg Leveransomfattning: 1 x picknickfilt SONGMICS Anm\u00e4rkningar: P\u00e5 grund av olika ljusf\u00f6rh\u00e5llanden eller sk\u00e4rmar med olika uppl\u00f6sning kan det f\u00f6rekomma sm\u00e5 f\u00e4rgavvikelser j\u00e4mf\u00f6rt med produkterna som visas p\u00e5 bilderna.Placera inte denna produkt p\u00e5 vassa eller spetsiga f\u00f6rem\u00e5l som stenar eller grenar f\u00f6r att undvika skador eller skador. Ej l\u00e4mplig f\u00f6r maskintv\u00e4tt eller torktumlare! Stryk inte! Torka av produkten med en torr trasa f\u00f6r reng\u00f6ring.<\/p>\n","protected":false},"excerpt":{"rendered":"<p>SONGMICS picknickfilt, 200 x 200 cm stor strandfilt, campingfilt, vattent\u00e4t undersida, vikbar, f\u00f6r tr\u00e4dg\u00e5rd, park, strand, camping, bl\u00e5 med boho-m\u00f6nster GCM104Q02<\/p>\n","protected":false},"featured_media":39678,"comment_status":"open","ping_status":"closed","template":"","meta":[],"product_brand":[],"product_cat":[33],"product_tag":[],"class_list":{"0":"post-11277","1":"product","2":"type-product","3":"status-publish","4":"has-post-thumbnail","6":"product_cat-okategoriserad","8":"first","9":"instock","10":"shipping-taxable","11":"purchasable","12":"product-type-simple"},"_links":{"self":[{"href":"https:\/\/nordicmart.andreevmaster.com\/sv\/wp-json\/wp\/v2\/product\/11277","targetHints":{"allow":["GET"]}}],"collection":[{"href":"https:\/\/nordicmart.andreevmaster.com\/sv\/wp-json\/wp\/v2\/product"}],"about":[{"href":"https:\/\/nordicmart.andreevmaster.com\/sv\/wp-json\/wp\/v2\/types\/product"}],"replies":[{"embeddable":true,"href":"https:\/\/nordicmart.andreevmaster.com\/sv\/wp-json\/wp\/v2\/comments?post=11277"}],"wp:featuredmedia":[{"embeddable":true,"href":"https:\/\/nordicmart.andreevmaster.com\/sv\/wp-json\/wp\/v2\/media\/39678"}],"wp:attachment":[{"href":"https:\/\/nordicmart.andreevmaster.com\/sv\/wp-json\/wp\/v2\/media?parent=11277"}],"wp:term":[{"taxonomy":"product_brand","embeddable":true,"href":"https:\/\/nordicmart.andreevmaster.com\/sv\/wp-json\/wp\/v2\/product_brand?post=11277"},{"taxonomy":"product_cat","embeddable":true,"href":"https:\/\/nordicmart.andreevmaster.com\/sv\/wp-json\/wp\/v2\/product_cat?post=11277"},{"taxonomy":"product_tag","embeddable":true,"href":"https:\/\/nordicmart.andreevmaster.com\/sv\/wp-json\/wp\/v2\/product_tag?post=11277"}],"curies":[{"name":"wp","href":"https:\/\/api.w.org\/{rel}","templated":true}]}}