{"id":11276,"date":"2026-02-27T00:09:57","date_gmt":"2026-02-27T00:09:57","guid":{"rendered":"https:\/\/nordicmart.andreevmaster.com\/product\/songmics-picknickfilt-300-x-200-cm-vikbar-gra\/"},"modified":"2026-02-27T08:05:04","modified_gmt":"2026-02-27T08:05:04","slug":"songmics-picknickfilt-300-x-200-cm-vikbar-gra","status":"publish","type":"product","link":"https:\/\/nordicmart.andreevmaster.com\/sv\/produkt\/songmics-picknickfilt-300-x-200-cm-vikbar-gra\/","title":{"rendered":"SONGMICS Picknickfilt 300 x 200 cm vikbar gr\u00e5"},"content":{"rendered":"<p>SONGMICS picknickfilt, 300 x 200 cm stor strandfilt, campingfilt, vattent\u00e4t undersida, maskintv\u00e4ttbar, vikbar, f\u00f6r tr\u00e4dg\u00e5rd, park, strand, camping, gr\u00f6n med tropisk ormbunke GCM083C02<br \/>\nF\u00e4rg: Gr\u00e5 med tropisk ormbunke<br \/>\nMaterial: Polyesterovertyg, skumplastfyllning, non-woven-tyg, aluminiumbel\u00e4ggning<br \/>\nStorlek i utbrett tillst\u00e5nd: 300 x 200 cm (L x B)<br \/>\nStorlek i hopvikt tillst\u00e5nd: 42 x 19 x 19 cm (L x B x H)<br \/>\nVikt: 1,6 kg<\/p>\n","protected":false},"excerpt":{"rendered":"<p>SONGMICS picknickfilt, 300 x 200 cm stor strandfilt, campingfilt, vattent\u00e4t undersida, maskintv\u00e4ttbar, vikbar, f\u00f6r tr\u00e4dg\u00e5rd, park, strand, camping, gr\u00f6n med tropisk ormbunke GCM083C02<\/p>\n","protected":false},"featured_media":39677,"comment_status":"open","ping_status":"closed","template":"","meta":[],"product_brand":[],"product_cat":[33],"product_tag":[],"class_list":{"0":"post-11276","1":"product","2":"type-product","3":"status-publish","4":"has-post-thumbnail","6":"product_cat-okategoriserad","8":"first","9":"instock","10":"shipping-taxable","11":"purchasable","12":"product-type-simple"},"_links":{"self":[{"href":"https:\/\/nordicmart.andreevmaster.com\/sv\/wp-json\/wp\/v2\/product\/11276","targetHints":{"allow":["GET"]}}],"collection":[{"href":"https:\/\/nordicmart.andreevmaster.com\/sv\/wp-json\/wp\/v2\/product"}],"about":[{"href":"https:\/\/nordicmart.andreevmaster.com\/sv\/wp-json\/wp\/v2\/types\/product"}],"replies":[{"embeddable":true,"href":"https:\/\/nordicmart.andreevmaster.com\/sv\/wp-json\/wp\/v2\/comments?post=11276"}],"wp:featuredmedia":[{"embeddable":true,"href":"https:\/\/nordicmart.andreevmaster.com\/sv\/wp-json\/wp\/v2\/media\/39677"}],"wp:attachment":[{"href":"https:\/\/nordicmart.andreevmaster.com\/sv\/wp-json\/wp\/v2\/media?parent=11276"}],"wp:term":[{"taxonomy":"product_brand","embeddable":true,"href":"https:\/\/nordicmart.andreevmaster.com\/sv\/wp-json\/wp\/v2\/product_brand?post=11276"},{"taxonomy":"product_cat","embeddable":true,"href":"https:\/\/nordicmart.andreevmaster.com\/sv\/wp-json\/wp\/v2\/product_cat?post=11276"},{"taxonomy":"product_tag","embeddable":true,"href":"https:\/\/nordicmart.andreevmaster.com\/sv\/wp-json\/wp\/v2\/product_tag?post=11276"}],"curies":[{"name":"wp","href":"https:\/\/api.w.org\/{rel}","templated":true}]}}