{"id":11266,"date":"2026-02-27T00:09:55","date_gmt":"2026-02-27T00:09:55","guid":{"rendered":"https:\/\/nordicmart.andreevmaster.com\/product\/songmics-picknickfilt-rod-vagig\/"},"modified":"2026-02-27T08:05:02","modified_gmt":"2026-02-27T08:05:02","slug":"songmics-picknickfilt-rod-vagig","status":"publish","type":"product","link":"https:\/\/nordicmart.andreevmaster.com\/sv\/produkt\/songmics-picknickfilt-rod-vagig\/","title":{"rendered":"SONGMICS Picknickfilt r\u00f6d v\u00e5gig"},"content":{"rendered":"<p>Njut av naturens sk\u00f6nhet: Oavsett om du f\u00f6rbereder dig f\u00f6r en picknick p\u00e5 v\u00e5ren, camping p\u00e5 sommaren, en musikfestival eller bara vill sola i naturen, \u00e4r denna filt det perfekta tillbeh\u00f6ret f\u00f6r en dag i parken, p\u00e5 stranden, i tr\u00e4dg\u00e5rden eller vid poolen. H\u00f6gkvalitativ finish: Med en mjuk yta av flanell, en aluminiumbel\u00e4ggning och ett skumskikt i mitten \u00e4r denna picknickfilt bekv\u00e4m och vattent\u00e4t. Vik ihop den till en kompakt storlek och ta med den p\u00e5 resan. Produktdetaljer: F\u00e4rg: R\u00f6da v\u00e5gor Material: Yta av flanell, skumplastfyllning, aluminiumbel\u00e4ggning Storlek hopvikt: 38 x 25 x 8 cm (L x B x H) Storlek i uppvikt tillst\u00e5nd: 150 x 200 cm (L x B) Vikt: 0,8 kg Leveransomfattning: 1 x picknickfilt SONGMICS Anm\u00e4rkningar: P\u00e5 grund av olika ljusf\u00f6rh\u00e5llanden eller sk\u00e4rmar med olika uppl\u00f6sning kan det f\u00f6rekomma sm\u00e5 f\u00e4rgavvikelser j\u00e4mf\u00f6rt med produkterna som visas p\u00e5 bilderna.Placera inte denna produkt p\u00e5 vassa eller spetsiga f\u00f6rem\u00e5l som stenar eller grenar f\u00f6r att undvika skador eller skador. Ej l\u00e4mplig f\u00f6r maskintv\u00e4tt eller torktumlare! Stryk inte! Torka av produkten med en torr trasa f\u00f6r reng\u00f6ring.<\/p>\n","protected":false},"excerpt":{"rendered":"<p>SONGMICS picknickfilt, 150 x 200 cm, strandfilt, f\u00f6r utomhusbruk, camping, park, tr\u00e4dg\u00e5rd, vattent\u00e4t undersida, vikbar, r\u00f6da v\u00e5gor GCM07KW<\/p>\n","protected":false},"featured_media":39667,"comment_status":"open","ping_status":"closed","template":"","meta":[],"product_brand":[],"product_cat":[33],"product_tag":[],"class_list":{"0":"post-11266","1":"product","2":"type-product","3":"status-publish","4":"has-post-thumbnail","6":"product_cat-okategoriserad","8":"first","9":"instock","10":"shipping-taxable","11":"purchasable","12":"product-type-simple"},"_links":{"self":[{"href":"https:\/\/nordicmart.andreevmaster.com\/sv\/wp-json\/wp\/v2\/product\/11266","targetHints":{"allow":["GET"]}}],"collection":[{"href":"https:\/\/nordicmart.andreevmaster.com\/sv\/wp-json\/wp\/v2\/product"}],"about":[{"href":"https:\/\/nordicmart.andreevmaster.com\/sv\/wp-json\/wp\/v2\/types\/product"}],"replies":[{"embeddable":true,"href":"https:\/\/nordicmart.andreevmaster.com\/sv\/wp-json\/wp\/v2\/comments?post=11266"}],"wp:featuredmedia":[{"embeddable":true,"href":"https:\/\/nordicmart.andreevmaster.com\/sv\/wp-json\/wp\/v2\/media\/39667"}],"wp:attachment":[{"href":"https:\/\/nordicmart.andreevmaster.com\/sv\/wp-json\/wp\/v2\/media?parent=11266"}],"wp:term":[{"taxonomy":"product_brand","embeddable":true,"href":"https:\/\/nordicmart.andreevmaster.com\/sv\/wp-json\/wp\/v2\/product_brand?post=11266"},{"taxonomy":"product_cat","embeddable":true,"href":"https:\/\/nordicmart.andreevmaster.com\/sv\/wp-json\/wp\/v2\/product_cat?post=11266"},{"taxonomy":"product_tag","embeddable":true,"href":"https:\/\/nordicmart.andreevmaster.com\/sv\/wp-json\/wp\/v2\/product_tag?post=11266"}],"curies":[{"name":"wp","href":"https:\/\/api.w.org\/{rel}","templated":true}]}}