{"id":11262,"date":"2026-02-27T00:09:54","date_gmt":"2026-02-27T00:09:54","guid":{"rendered":"https:\/\/nordicmart.andreevmaster.com\/product\/songmics-picknickfilt-200-x-200-cm-vattentat-gron-vit\/"},"modified":"2026-02-27T08:05:01","modified_gmt":"2026-02-27T08:05:01","slug":"songmics-picknickfilt-200-x-200-cm-vattentat-gron-vit","status":"publish","type":"product","link":"https:\/\/nordicmart.andreevmaster.com\/sv\/produkt\/songmics-picknickfilt-200-x-200-cm-vattentat-gron-vit\/","title":{"rendered":"SONGMICS picknickfilt 200 x 200 cm vattent\u00e4t gr\u00f6n-vit"},"content":{"rendered":"<p>SONGMICS picknickfilt, 200 x 200 cm, med 4 markankare, stor, campingfilt, f\u00f6r park, tr\u00e4dg\u00e5rd, strand, vattent\u00e4t, hopf\u00e4llbar, gr\u00f6nbl\u00e5 GCM011Q02<br \/>\nF\u00e4rg: Gr\u00f6n-vit<br \/>\nMaterial: Sammetyta, skumplaststoppning, aluminiumbel\u00e4ggning<br \/>\nStorlek i utbrett tillst\u00e5nd: 200 x 200 cm (L x B)<br \/>\nStorlek i hopf\u00e4llt tillst\u00e5nd: 43 x 19 x 19 cm (L x B x H)<br \/>\nVikt: 1 kg<\/p>\n","protected":false},"excerpt":{"rendered":"<p>SONGMICS picknickfilt, 200 x 200 cm, med 4 markankare, stor, campingfilt, f\u00f6r park, tr\u00e4dg\u00e5rd, strand, vattent\u00e4t, hopf\u00e4llbar, gr\u00f6nbl\u00e5 GCM011Q02<\/p>\n","protected":false},"featured_media":39663,"comment_status":"open","ping_status":"closed","template":"","meta":[],"product_brand":[],"product_cat":[33],"product_tag":[],"class_list":{"0":"post-11262","1":"product","2":"type-product","3":"status-publish","4":"has-post-thumbnail","6":"product_cat-okategoriserad","8":"first","9":"instock","10":"shipping-taxable","11":"purchasable","12":"product-type-simple"},"_links":{"self":[{"href":"https:\/\/nordicmart.andreevmaster.com\/sv\/wp-json\/wp\/v2\/product\/11262","targetHints":{"allow":["GET"]}}],"collection":[{"href":"https:\/\/nordicmart.andreevmaster.com\/sv\/wp-json\/wp\/v2\/product"}],"about":[{"href":"https:\/\/nordicmart.andreevmaster.com\/sv\/wp-json\/wp\/v2\/types\/product"}],"replies":[{"embeddable":true,"href":"https:\/\/nordicmart.andreevmaster.com\/sv\/wp-json\/wp\/v2\/comments?post=11262"}],"wp:featuredmedia":[{"embeddable":true,"href":"https:\/\/nordicmart.andreevmaster.com\/sv\/wp-json\/wp\/v2\/media\/39663"}],"wp:attachment":[{"href":"https:\/\/nordicmart.andreevmaster.com\/sv\/wp-json\/wp\/v2\/media?parent=11262"}],"wp:term":[{"taxonomy":"product_brand","embeddable":true,"href":"https:\/\/nordicmart.andreevmaster.com\/sv\/wp-json\/wp\/v2\/product_brand?post=11262"},{"taxonomy":"product_cat","embeddable":true,"href":"https:\/\/nordicmart.andreevmaster.com\/sv\/wp-json\/wp\/v2\/product_cat?post=11262"},{"taxonomy":"product_tag","embeddable":true,"href":"https:\/\/nordicmart.andreevmaster.com\/sv\/wp-json\/wp\/v2\/product_tag?post=11262"}],"curies":[{"name":"wp","href":"https:\/\/api.w.org\/{rel}","templated":true}]}}