{"id":11243,"date":"2026-02-27T00:09:50","date_gmt":"2026-02-27T00:09:50","guid":{"rendered":"https:\/\/nordicmart.andreevmaster.com\/product\/strandstol-2-st-hopfallbar-stol-med-hog-ryggstod-hopfallbar\/"},"modified":"2026-02-27T08:04:58","modified_gmt":"2026-02-27T08:04:58","slug":"strandstol-2-st-hopfallbar-stol-med-hog-ryggstod-hopfallbar","status":"publish","type":"product","link":"https:\/\/nordicmart.andreevmaster.com\/sv\/produkt\/strandstol-2-st-hopfallbar-stol-med-hog-ryggstod-hopfallbar\/","title":{"rendered":"Strandstol 2 st, hopf\u00e4llbar stol med h\u00f6g ryggst\u00f6d, hopf\u00e4llbar"},"content":{"rendered":"<p>P\u00e5litlig strandstol med st\u00e5lr\u00f6rsram som garanterar stabilitet.  F\u00e4llfunktionen \u00e4r utm\u00e4rkt och minimerar stolens storlek till ett mycket litet format.  P\u00e5 s\u00e5 s\u00e4tt tar den knappt n\u00e5gon plats n\u00e4r den transporteras, t.ex. i bilen.  Den \u00e4r ocks\u00e5 l\u00e4tt att transportera tack vare den medf\u00f6ljande b\u00e4rv\u00e4skan. Sittkomforten \u00e4r ocks\u00e5 enast\u00e5ende, du sitter l\u00e5gt, vilket ger en mycket bekv\u00e4m sittupplevelse. G\u00f6r Songmics strandstol till din fasta strandkompis under utomhuss\u00e4songen. R\u00e5d: &#8211; Undvik i allm\u00e4nhet att tyget kommer i kontakt med vassa eller spetsiga f\u00f6rem\u00e5l. &#8211; Var f\u00f6rsiktig vid montering: Felaktig hantering av det hopf\u00e4llbara st\u00e5let kan orsaka bl\u00e5m\u00e4rken eller sk\u00e4rs\u00e5r. &#8211; Kl\u00e4dseln kan inte tas bort, men den kan reng\u00f6ras med en borste.  Produktinformation: F\u00f6rpackningen \u00e4r f\u00f6rsedd med ett skydd som inte \u00e4r skyddat: &#8211; F\u00e4rg: himmelsbl\u00e5 (GCB61S); gr\u00f6n (GCB61G) &#8211; M\u00e5tt: 1,5 cm: M\u00e5tt: 64 x 56 x 53 cm (L x H x D) &#8211; Nettovikt: ca 2,4 kg &#8211; Bruttovikt: ca 2,9 kg &#8211; M\u00e5tt hopf\u00e4lld: 76,5 x 16 x 9,5 cm &#8211; Statistisk b\u00e4rf\u00f6rm\u00e5ga med j\u00e4mn viktf\u00f6rdelning: max. 140 kg Leveransens inneh\u00e5ll: &#8211; 1 x strandstol &#8211; 1 x b\u00e4rv\u00e4ska<\/p>\n","protected":false},"excerpt":{"rendered":"<p>P\u00e5litlig strandstol med st\u00e5lr\u00f6rsram som garanterar stabilitet. F\u00e4llfunktionen \u00e4r utm\u00e4rkt och minimerar stolens storlek till ett mycket litet format. P\u00e5 s\u00e5 s\u00e4tt tar den knappt n\u00e5gon plats n\u00e4r den transporteras, t.ex. i bilen. Den \u00e4r ocks\u00e5 l\u00e4tt att transportera tack vare den medf\u00f6ljande b\u00e4rv\u00e4skan. Sittkomforten \u00e4r ocks\u00e5 enast\u00e5ende, du sitter l\u00e5gt, vilket ger en mycket [&hellip;]<\/p>\n","protected":false},"featured_media":0,"comment_status":"open","ping_status":"closed","template":"","meta":[],"product_brand":[],"product_cat":[33],"product_tag":[],"class_list":{"0":"post-11243","1":"product","2":"type-product","3":"status-publish","5":"product_cat-okategoriserad","7":"first","8":"instock","9":"shipping-taxable","10":"product-type-simple"},"_links":{"self":[{"href":"https:\/\/nordicmart.andreevmaster.com\/sv\/wp-json\/wp\/v2\/product\/11243","targetHints":{"allow":["GET"]}}],"collection":[{"href":"https:\/\/nordicmart.andreevmaster.com\/sv\/wp-json\/wp\/v2\/product"}],"about":[{"href":"https:\/\/nordicmart.andreevmaster.com\/sv\/wp-json\/wp\/v2\/types\/product"}],"replies":[{"embeddable":true,"href":"https:\/\/nordicmart.andreevmaster.com\/sv\/wp-json\/wp\/v2\/comments?post=11243"}],"wp:attachment":[{"href":"https:\/\/nordicmart.andreevmaster.com\/sv\/wp-json\/wp\/v2\/media?parent=11243"}],"wp:term":[{"taxonomy":"product_brand","embeddable":true,"href":"https:\/\/nordicmart.andreevmaster.com\/sv\/wp-json\/wp\/v2\/product_brand?post=11243"},{"taxonomy":"product_cat","embeddable":true,"href":"https:\/\/nordicmart.andreevmaster.com\/sv\/wp-json\/wp\/v2\/product_cat?post=11243"},{"taxonomy":"product_tag","embeddable":true,"href":"https:\/\/nordicmart.andreevmaster.com\/sv\/wp-json\/wp\/v2\/product_tag?post=11243"}],"curies":[{"name":"wp","href":"https:\/\/api.w.org\/{rel}","templated":true}]}}