{"id":11242,"date":"2026-02-27T00:09:50","date_gmt":"2026-02-27T00:09:50","guid":{"rendered":"https:\/\/nordicmart.andreevmaster.com\/product\/songmics-strandstol-fallbar-stol-med-hog-rygg-hopfallbar\/"},"modified":"2026-02-27T08:04:58","modified_gmt":"2026-02-27T08:04:58","slug":"songmics-strandstol-fallbar-stol-med-hog-rygg-hopfallbar","status":"publish","type":"product","link":"https:\/\/nordicmart.andreevmaster.com\/sv\/produkt\/songmics-strandstol-fallbar-stol-med-hog-rygg-hopfallbar\/","title":{"rendered":"SONGMICS strandstol, f\u00e4llbar stol med h\u00f6g rygg, hopf\u00e4llbar"},"content":{"rendered":"<p>SONGMICS har utvecklat en serie utomhusstolar f\u00f6r att \u00f6ka din komfort n\u00e4r du kopplar av p\u00e5 stranden, campingen eller i tr\u00e4dg\u00e5rden. Ha en trevlig semester! Passar \u00f6verallt Planerar du en strandsemester vid havet? D\u00e5 \u00e4r denna b\u00e4rbara strandstol ett perfekt val f\u00f6r dig. \u00c4r du en camping\u00e4lskare? D\u00e5 b\u00f6r du inte heller missa denna stol. Med detta praktiska tillbeh\u00f6r kan du koppla av n\u00e4ra t\u00e4ltet och njuta av den friska luften. Denna f\u00e4llbara stol \u00e4r ocks\u00e5 perfekt om du vill ha en picknick med familjen i parken. Bekv\u00e4m och praktisk Vill du l\u00e4sa en bok? Ta en tupplur? Allt \u00e4r m\u00f6jligt p\u00e5 denna f\u00e4llbara stol! Den \u00e4r tillverkad av robust 600D Oxford-tyg och har ett h\u00f6gt ryggst\u00f6d s\u00e5 att din nacke h\u00e5lls rak och inte blir tr\u00f6tt n\u00e4r du lutar dig tillbaka. Dessutom \u00e4r denna stol mycket enkel att f\u00e4lla ihop och tar liten plats i bilen. Den v\u00e4ger dessutom bara 3,3 kg, vilket g\u00f6r den l\u00e4tt att b\u00e4ra. Om du \u00e4r natur- och friluftsentusiast, ta en titt p\u00e5 SONGMICS andra utomhusstolar!&nbsp;Produktdetaljer:- F\u00e4rg: Ljusbl\u00e5- Material: 600D Oxford-tyg, pulverlackerade j\u00e4rnr\u00f6r- M\u00e5tt: 56 x 53 x 74 cm (L x B x H) &#8211; Vikt: 3,3 kg &#8211; Max. belastningskapacitet: 150 kg Leveransomfattning: &#8211; 1 x strandstol &#8211; 1 x b\u00e4rv\u00e4ska SONGMICS Anm\u00e4rkningar: &#8211; Produkten f\u00e5r inte komma i kontakt med vassa eller spetsiga f\u00f6rem\u00e5l.<\/p>\n","protected":false},"excerpt":{"rendered":"<p>Strandstol, f\u00e4llbar stol med h\u00f6g rygg, f\u00e4llbar, campingstol, h\u00f6g belastningskapacitet, utomhusstol med b\u00e4rv\u00e4ska, ljusbl\u00e5<\/p>\n","protected":false},"featured_media":39644,"comment_status":"open","ping_status":"closed","template":"","meta":[],"product_brand":[],"product_cat":[33],"product_tag":[],"class_list":{"0":"post-11242","1":"product","2":"type-product","3":"status-publish","4":"has-post-thumbnail","6":"product_cat-okategoriserad","8":"first","9":"instock","10":"shipping-taxable","11":"purchasable","12":"product-type-simple"},"_links":{"self":[{"href":"https:\/\/nordicmart.andreevmaster.com\/sv\/wp-json\/wp\/v2\/product\/11242","targetHints":{"allow":["GET"]}}],"collection":[{"href":"https:\/\/nordicmart.andreevmaster.com\/sv\/wp-json\/wp\/v2\/product"}],"about":[{"href":"https:\/\/nordicmart.andreevmaster.com\/sv\/wp-json\/wp\/v2\/types\/product"}],"replies":[{"embeddable":true,"href":"https:\/\/nordicmart.andreevmaster.com\/sv\/wp-json\/wp\/v2\/comments?post=11242"}],"wp:featuredmedia":[{"embeddable":true,"href":"https:\/\/nordicmart.andreevmaster.com\/sv\/wp-json\/wp\/v2\/media\/39644"}],"wp:attachment":[{"href":"https:\/\/nordicmart.andreevmaster.com\/sv\/wp-json\/wp\/v2\/media?parent=11242"}],"wp:term":[{"taxonomy":"product_brand","embeddable":true,"href":"https:\/\/nordicmart.andreevmaster.com\/sv\/wp-json\/wp\/v2\/product_brand?post=11242"},{"taxonomy":"product_cat","embeddable":true,"href":"https:\/\/nordicmart.andreevmaster.com\/sv\/wp-json\/wp\/v2\/product_cat?post=11242"},{"taxonomy":"product_tag","embeddable":true,"href":"https:\/\/nordicmart.andreevmaster.com\/sv\/wp-json\/wp\/v2\/product_tag?post=11242"}],"curies":[{"name":"wp","href":"https:\/\/api.w.org\/{rel}","templated":true}]}}