{"id":11241,"date":"2026-02-27T00:09:50","date_gmt":"2026-02-27T00:09:50","guid":{"rendered":"https:\/\/nordicmart.andreevmaster.com\/product\/songmics-tradgardsstol-2-pack-hopfallbar-stol-med-en-belastningskapacitet-pa-upp-till-150-kg-med-metallstativ\/"},"modified":"2026-02-27T08:04:58","modified_gmt":"2026-02-27T08:04:58","slug":"songmics-tradgardsstol-2-pack-hopfallbar-stol-med-en-belastningskapacitet-pa-upp-till-150-kg-med-metallstativ","status":"publish","type":"product","link":"https:\/\/nordicmart.andreevmaster.com\/sv\/produkt\/songmics-tradgardsstol-2-pack-hopfallbar-stol-med-en-belastningskapacitet-pa-upp-till-150-kg-med-metallstativ\/","title":{"rendered":"SONGMICS tr\u00e4dg\u00e5rdsstol 2-pack, hopf\u00e4llbar stol med en belastningskapacitet p\u00e5 upp till 150 kg, med metallstativ"},"content":{"rendered":"<p>SONGMICS tr\u00e4dg\u00e5rdsstolar, 2-pack, f\u00e4llbara stolar, utomhusstolar med robust aluminiumram, ryggst\u00f6d 8-stegs justerbart, belastningskapacitet upp till 150 kg, svart GCB29BK<br \/>\nProduktdetaljer:<br \/>\n&#8211; F\u00e4rg: svart<br \/>\n&#8211; Material: Aluminiumstomme, syntetfiberv\u00e4v<br \/>\n&#8211; Storlek per stol: 70 x 56 x 107 cm (D x B x H)<br \/>\n&#8211; Storlek hopf\u00e4lld per stol: 14 x 56 x 87 cm (D x B x H)<br \/>\n&#8211; Vikt per stol: 3,4 kg<br \/>\n&#8211; Max. statisk belastningskapacitet: 150 kg<\/p>\n<p>Leveransomfattning:<br \/>\n&#8211; 2 x tr\u00e4dg\u00e5rdsstol<\/p>\n<p>Anvisningar:<br \/>\n&#8211; \u00d6verskrid inte tr\u00e4dg\u00e5rdsstolens maximala statiska belastningskapacitet.<br \/>\n&#8211; Se till att f\u00e4llstolen st\u00e5r stadigt innan du anv\u00e4nder den.<br \/>\n&#8211; Skydda utomhusstolen fr\u00e5n regn; uts\u00e4tt inte stolen f\u00f6r starkt solljus under en l\u00e4ngre tid.<\/p>\n","protected":false},"excerpt":{"rendered":"<p>SONGMICS tr\u00e4dg\u00e5rdsstolar, 2-pack, f\u00e4llbara stolar, utomhusstolar med robust aluminiumram, ryggst\u00f6d 8-stegs justerbart, belastningskapacitet upp till 150 kg, svart GCB29BK<\/p>\n","protected":false},"featured_media":39643,"comment_status":"open","ping_status":"closed","template":"","meta":[],"product_brand":[],"product_cat":[33],"product_tag":[],"class_list":{"0":"post-11241","1":"product","2":"type-product","3":"status-publish","4":"has-post-thumbnail","6":"product_cat-okategoriserad","8":"first","9":"instock","10":"shipping-taxable","11":"purchasable","12":"product-type-simple"},"_links":{"self":[{"href":"https:\/\/nordicmart.andreevmaster.com\/sv\/wp-json\/wp\/v2\/product\/11241","targetHints":{"allow":["GET"]}}],"collection":[{"href":"https:\/\/nordicmart.andreevmaster.com\/sv\/wp-json\/wp\/v2\/product"}],"about":[{"href":"https:\/\/nordicmart.andreevmaster.com\/sv\/wp-json\/wp\/v2\/types\/product"}],"replies":[{"embeddable":true,"href":"https:\/\/nordicmart.andreevmaster.com\/sv\/wp-json\/wp\/v2\/comments?post=11241"}],"wp:featuredmedia":[{"embeddable":true,"href":"https:\/\/nordicmart.andreevmaster.com\/sv\/wp-json\/wp\/v2\/media\/39643"}],"wp:attachment":[{"href":"https:\/\/nordicmart.andreevmaster.com\/sv\/wp-json\/wp\/v2\/media?parent=11241"}],"wp:term":[{"taxonomy":"product_brand","embeddable":true,"href":"https:\/\/nordicmart.andreevmaster.com\/sv\/wp-json\/wp\/v2\/product_brand?post=11241"},{"taxonomy":"product_cat","embeddable":true,"href":"https:\/\/nordicmart.andreevmaster.com\/sv\/wp-json\/wp\/v2\/product_cat?post=11241"},{"taxonomy":"product_tag","embeddable":true,"href":"https:\/\/nordicmart.andreevmaster.com\/sv\/wp-json\/wp\/v2\/product_tag?post=11241"}],"curies":[{"name":"wp","href":"https:\/\/api.w.org\/{rel}","templated":true}]}}